{"id":1730,"date":"2016-06-16T20:20:53","date_gmt":"2016-06-16T20:20:53","guid":{"rendered":"http:\/\/nogods-nomasters.com\/nogodsnomasters\/?page_id=1730"},"modified":"2025-02-18T22:16:01","modified_gmt":"2025-02-18T22:16:01","slug":"turnes","status":"publish","type":"page","link":"https:\/\/nogods-nomasters.com\/nogodsnomasters\/turnes\/","title":{"rendered":"Turn\u00eas"},"content":{"rendered":"<p>[et_pb_section fb_built=&#8221;1&#8243; fullwidth=&#8221;on&#8221; _builder_version=&#8221;4.24.0&#8243; _module_preset=&#8221;default&#8221; global_colors_info=&#8221;{}&#8221;][et_pb_fullwidth_header title=&#8221;Turn\u00eas&#8221; _builder_version=&#8221;4.24.0&#8243; _module_preset=&#8221;default&#8221; background_color=&#8221;RGBA(255,255,255,0)&#8221; background_image=&#8221;https:\/\/nogods-nomasters.com\/nogodsnomasters\/wp-content\/uploads\/2016\/06\/tour.png&#8221; global_colors_info=&#8221;{}&#8221;][\/et_pb_fullwidth_header][\/et_pb_section][et_pb_section fb_built=&#8221;1&#8243; _builder_version=&#8221;4.24.0&#8243; _module_preset=&#8221;default&#8221; global_colors_info=&#8221;{}&#8221;][et_pb_row column_structure=&#8221;1_4,3_4&#8243; _builder_version=&#8221;4.24.0&#8243; _module_preset=&#8221;default&#8221; global_colors_info=&#8221;{}&#8221;][et_pb_column type=&#8221;1_4&#8243; _builder_version=&#8221;4.24.0&#8243; _module_preset=&#8221;default&#8221; global_colors_info=&#8221;{}&#8221;][et_pb_sidebar _builder_version=&#8221;4.24.0&#8243; _module_preset=&#8221;default&#8221; global_colors_info=&#8221;{}&#8221;][\/et_pb_sidebar][\/et_pb_column][et_pb_column type=&#8221;3_4&#8243; _builder_version=&#8221;4.24.0&#8243; _module_preset=&#8221;default&#8221; global_colors_info=&#8221;{}&#8221;][et_pb_text _builder_version=&#8221;4.24.0&#8243; _module_preset=&#8221;default&#8221; header_font=&#8221;|600|||||||&#8221; header_text_color=&#8221;#E09900&#8243; animation_style=&#8221;slide&#8221; global_colors_info=&#8221;{}&#8221;]<\/p>\n<h1>Shows e turn\u00eas<\/h1>\n<p>[\/et_pb_text][et_pb_text _builder_version=&#8221;4.24.0&#8243; _module_preset=&#8221;default&#8221; global_colors_info=&#8221;{}&#8221;]<\/p>\n<p style=\"text-align: justify;\"><span style=\"font-size: 12pt; font-family: verdana, geneva, sans-serif;\">N\u00f3s adoramos tocar, organizar shows, turn\u00eas, viajar com bandas, construir juntos toda uma comunidade musical que nos inspira e apaixona. E \u00e9 por esse motivo que organizar shows e turn\u00eas tamb\u00e9m \u00e9 um projeto muito importante da No gods No masters.<\/span><\/p>\n<p style=\"text-align: justify;\"><span style=\"font-size: 12pt; font-family: verdana, geneva, sans-serif;\">Organizamos turn\u00eas por todo o Brasil e Europa, agendando shows e atividades (booking) e tamb\u00e9m dispomos de uma Van, a Vanette, com capacidade para 06 pessoas al\u00e9m de n\u00f3s da No gods No masters, com porta mala enorme para backline, instrumentos e distro. <\/span><\/p>\n<p style=\"text-align: justify;\"><span style=\"font-size: 12pt; font-family: verdana, geneva, sans-serif;\">Todos os shows e atividades s\u00e3o organizados em lugares e com pessoas ligadas ao Fa\u00e7a Voc\u00ea Mesmo, n\u00e3o trabalhamos com bandas que buscam o sonho inalcan\u00e7\u00e1vel do mainstream. Al\u00e9m disso prezamos por respeito e rela\u00e7\u00f5es horizontais, n\u00e3o aceitamos rela\u00e7\u00f5es de poder de forma alguma. <\/span><\/p>\n<p style=\"text-align: justify;\"><span style=\"font-size: 12pt; font-family: verdana, geneva, sans-serif;\">Se voc\u00ea tem uma banda, um coletivo de atividades e quer viajar por ai, podemos construir isto juntxs. Nos <span style=\"color: #ff9900;\"><strong><span style=\"text-decoration: underline;\"><a style=\"color: #ff9900; text-decoration: underline;\" href=\"https:\/\/nogods-nomasters.com\/nogodsnomasters\/contato\/\">escreva<\/a><\/span><\/strong><\/span> para saber como funciona. <\/span><\/p>\n<p style=\"text-align: justify;\"><span style=\"font-size: 12pt; font-family: verdana, geneva, sans-serif;\">Vamos viajar por ai?<\/span><\/p>\n<p>[\/et_pb_text][et_pb_text _builder_version=&#8221;4.24.0&#8243; _module_preset=&#8221;default&#8221; header_font=&#8221;|600|||||||&#8221; header_text_color=&#8221;#E09900&#8243; header_2_font=&#8221;|600|||||||&#8221; header_2_text_color=&#8221;#E09900&#8243; global_colors_info=&#8221;{}&#8221;]<\/p>\n<h2>Turn\u00eas j\u00e1 realizadas<\/h2>\n<p>[\/et_pb_text][et_pb_text _builder_version=&#8221;4.27.4&#8243; _module_preset=&#8221;default&#8221; hover_enabled=&#8221;0&#8243; global_colors_info=&#8221;{}&#8221; sticky_enabled=&#8221;0&#8243;]<\/p>\n<p style=\"text-align: center;\"><span style=\"font-size: 12pt; font-family: verdana, geneva, sans-serif;\">Warcry (EUA) &#8211; Crimethinc (EUA) &#8211; Apatia No (Venezuela) &#8211; See you in Hell (Rep. Tcheca) &#8211; Chicken&#8217;s Call &#8211; (Fran\u00e7a) &#8211; Alarm (Fran\u00e7a) &#8211; TuNa (Brasil)\u00a0 &#8211; Renegades of Punk (Brasil) &#8211; Deaf Kids (Brasil) &#8211; Good Good Things (Fran\u00e7a) &#8211; Napalm Raid (Canad\u00e1) &#8211; Guerrilla Poubelle (Fran\u00e7a) &#8211; Rovsvett (Su\u00e9cia) &#8211; Beton (Eslovaquia) &#8211; Penny Rimbaud (Inglaterra) &#8211; Johk (Fran\u00e7a) &#8211; Active Minds (Inglaterra) &#8211; Crua (Brasil) &#8211; \u00c1gua (Brasil) &#8211; Ran (Fran\u00e7a)<\/span><\/p>\n<p>[\/et_pb_text][et_pb_image src=&#8221;https:\/\/nogods-nomasters.com\/nogodsnomasters\/wp-content\/uploads\/2024\/01\/NAO-RACISMO-NAO-HOMOFOBIA.png&#8221; title_text=&#8221;NAO-RACISMO-NAO-HOMOFOBIA&#8221; _builder_version=&#8221;4.24.0&#8243; _module_preset=&#8221;default&#8221; global_colors_info=&#8221;{}&#8221;][\/et_pb_image][\/et_pb_column][\/et_pb_row][\/et_pb_section]<\/p>\n","protected":false},"excerpt":{"rendered":"<p>Shows e turn\u00easN\u00f3s adoramos tocar, organizar shows, turn\u00eas, viajar com bandas, construir juntos toda uma comunidade musical que nos inspira e apaixona. E \u00e9 por esse motivo que organizar shows e turn\u00eas tamb\u00e9m \u00e9 um projeto muito importante da No gods No masters. Organizamos turn\u00eas por todo o Brasil e Europa, agendando shows e atividades [&hellip;]<\/p>\n","protected":false},"author":1,"featured_media":0,"parent":0,"menu_order":0,"comment_status":"closed","ping_status":"closed","template":"","meta":{"_et_pb_use_builder":"on","_et_pb_old_content":"[vc_row animation_type=\"fadeInRightBig\"][vc_column][section_with_title title=\"Shows e turn\u00eas\"][\/vc_column][\/vc_row][vc_row][vc_column width=\"2\/3\"][vc_column_text]\r\n<p style=\"text-align: justify;\"><span style=\"font-size: 12pt; font-family: verdana, geneva, sans-serif;\">N\u00f3s adoramos tocar, organizar shows, turn\u00eas, viajar com bandas, construir juntos toda uma comunidade musical que nos inspira e apaixona. E \u00e9 por esse motivo que organizar shows e turn\u00eas tamb\u00e9m \u00e9 um projeto muito importante da No gods No masters.<\/span><\/p>\r\n<p style=\"text-align: justify;\"><span style=\"font-size: 12pt; font-family: verdana, geneva, sans-serif;\">Organizamos turn\u00eas por todo o Brasil e Europa, agendando shows e atividades (booking) e tamb\u00e9m dispomos de uma Van, a Vanette, com capacidade para 06 pessoas al\u00e9m de n\u00f3s da No gods No masters, com porta mala enorme para backline, instrumentos e distro. <\/span><\/p>\r\n<p style=\"text-align: justify;\"><span style=\"font-size: 12pt; font-family: verdana, geneva, sans-serif;\">Todos os shows e atividades s\u00e3o organizados em lugares e com pessoas ligadas ao Fa\u00e7a Voc\u00ea Mesmo, n\u00e3o trabalhamos com bandas que buscam o sonho inalcan\u00e7\u00e1vel do mainstream. Al\u00e9m disso prezamos por respeito e rela\u00e7\u00f5es horizontais, n\u00e3o aceitamos rela\u00e7\u00f5es de poder de forma alguma. <\/span><\/p>\r\n<p style=\"text-align: justify;\"><span style=\"font-size: 12pt; font-family: verdana, geneva, sans-serif;\">Se voc\u00ea tem uma banda, um coletivo de atividades e quer viajar por ai, podemos construir isto juntxs. Nos <span style=\"color: #ff9900;\"><strong><span style=\"text-decoration: underline;\"><a style=\"color: #ff9900; text-decoration: underline;\" href=\"http:\/\/nogods-nomasters.com\/nogodsnomasters\/contato\/\">escreva<\/a><\/span><\/strong><\/span> para saber como funciona. <\/span><\/p>\r\n<p style=\"text-align: justify;\"><span style=\"font-size: 12pt; font-family: verdana, geneva, sans-serif;\">Vamos viajar por ai? <\/span><\/p>\r\n[\/vc_column_text][\/vc_column][vc_column width=\"1\/3\"][vc_single_image image=\"1955\" img_size=\"full\" alignment=\"center\" style=\"vc_box_rounded\"][\/vc_column][\/vc_row][vc_row animation_type=\"FadeInRigthBig\"][vc_column][section_with_title title=\"Turn\u00eas j\u00e1 realizadas\"][\/vc_column][\/vc_row][vc_row][vc_column][vc_column_text]\r\n<p style=\"text-align: center;\"><span style=\"font-size: 12pt; font-family: verdana, geneva, sans-serif;\">Warcry (EUA) - Crimethinc (EUA) - Apatia No (Venezuela) -\u00a0See you in Hell (Rep. Tcheca) - Chicken's Call - (Fran\u00e7a) -\u00a0Alarm (Fran\u00e7a) -\u00a0TuNa (Brasil)\u00a0 - Renegades of Punk (Brasil) -\u00a0Deaf Kids (Brasil) -\u00a0Good Good Things (Fran\u00e7a) -\u00a0Napalm Raid (Canad\u00e1) -\u00a0Guerrilla Poubelle (Fran\u00e7a) - Rovsvett (Su\u00e9cia) -\u00a0Beton (Eslovaquia) - Penny Rimbaud (Inglaterra) - Johk (Fran\u00e7a) - Active Minds (Inglaterra)\r\n<\/span><\/p>\r\n[\/vc_column_text][\/vc_column][\/vc_row][vc_row css=\".vc_custom_1466552228430{margin-top: 30px !important;margin-bottom: 30px !important;padding-top: 10px !important;background-color: #000000 !important;}\"][vc_column][vc_column_text]\r\n<h2 style=\"text-align: center;\"><span style=\"color: #ffffff;\">Se voc\u00ea \u00e9 machista, homof\u00f3bico, racista ou qualquer outro idiota.<\/span><\/h2>\r\n<h2 style=\"text-align: center;\"><span style=\"color: #ff9900;\">N\u00c3O ESCREVA!<\/span><\/h2>\r\n[\/vc_column_text][\/vc_column][\/vc_row]","_et_gb_content_width":"","jetpack_post_was_ever_published":false,"footnotes":""},"class_list":["post-1730","page","type-page","status-publish","hentry"],"jetpack_sharing_enabled":true,"jetpack_shortlink":"https:\/\/wp.me\/P7hMTK-rU","jetpack-related-posts":[],"_links":{"self":[{"href":"https:\/\/nogods-nomasters.com\/nogodsnomasters\/wp-json\/wp\/v2\/pages\/1730","targetHints":{"allow":["GET"]}}],"collection":[{"href":"https:\/\/nogods-nomasters.com\/nogodsnomasters\/wp-json\/wp\/v2\/pages"}],"about":[{"href":"https:\/\/nogods-nomasters.com\/nogodsnomasters\/wp-json\/wp\/v2\/types\/page"}],"author":[{"embeddable":true,"href":"https:\/\/nogods-nomasters.com\/nogodsnomasters\/wp-json\/wp\/v2\/users\/1"}],"replies":[{"embeddable":true,"href":"https:\/\/nogods-nomasters.com\/nogodsnomasters\/wp-json\/wp\/v2\/comments?post=1730"}],"version-history":[{"count":50,"href":"https:\/\/nogods-nomasters.com\/nogodsnomasters\/wp-json\/wp\/v2\/pages\/1730\/revisions"}],"predecessor-version":[{"id":17991,"href":"https:\/\/nogods-nomasters.com\/nogodsnomasters\/wp-json\/wp\/v2\/pages\/1730\/revisions\/17991"}],"wp:attachment":[{"href":"https:\/\/nogods-nomasters.com\/nogodsnomasters\/wp-json\/wp\/v2\/media?parent=1730"}],"curies":[{"name":"wp","href":"https:\/\/api.w.org\/{rel}","templated":true}]}}