{"id":1732,"date":"2016-06-16T20:21:29","date_gmt":"2016-06-16T20:21:29","guid":{"rendered":"http:\/\/nogods-nomasters.com\/nogodsnomasters\/?page_id=1732"},"modified":"2024-01-28T18:05:12","modified_gmt":"2024-01-28T18:05:12","slug":"quem-somos","status":"publish","type":"page","link":"https:\/\/nogods-nomasters.com\/nogodsnomasters\/quem-somos\/","title":{"rendered":"Quem somos"},"content":{"rendered":"<p>[et_pb_section fb_built=&#8221;1&#8243; fullwidth=&#8221;on&#8221; _builder_version=&#8221;4.24.0&#8243; _module_preset=&#8221;default&#8221; global_colors_info=&#8221;{}&#8221;][et_pb_fullwidth_header title=&#8221;Quem Somos&#8221; _builder_version=&#8221;4.24.0&#8243; _module_preset=&#8221;default&#8221; background_image=&#8221;https:\/\/nogods-nomasters.com\/nogodsnomasters\/wp-content\/uploads\/2016\/06\/quemsomos.png&#8221; hover_enabled=&#8221;0&#8243; global_colors_info=&#8221;{}&#8221; background_color=&#8221;RGBA(255,255,255,0)&#8221; sticky_enabled=&#8221;0&#8243;][\/et_pb_fullwidth_header][\/et_pb_section][et_pb_section fb_built=&#8221;1&#8243; admin_label=&#8221;section&#8221; _builder_version=&#8221;4.16&#8243; global_colors_info=&#8221;{}&#8221;][et_pb_row column_structure=&#8221;1_4,3_4&#8243; _builder_version=&#8221;4.24.0&#8243; _module_preset=&#8221;default&#8221; global_colors_info=&#8221;{}&#8221;][et_pb_column type=&#8221;1_4&#8243; _builder_version=&#8221;4.24.0&#8243; _module_preset=&#8221;default&#8221; global_colors_info=&#8221;{}&#8221;][et_pb_sidebar _builder_version=&#8221;4.24.0&#8243; _module_preset=&#8221;default&#8221; global_colors_info=&#8221;{}&#8221;][\/et_pb_sidebar][\/et_pb_column][et_pb_column type=&#8221;3_4&#8243; _builder_version=&#8221;4.24.0&#8243; _module_preset=&#8221;default&#8221; global_colors_info=&#8221;{}&#8221;][et_pb_text _builder_version=&#8221;4.24.0&#8243; _module_preset=&#8221;default&#8221; header_font=&#8221;|600|||||||&#8221; header_text_color=&#8221;#E09900&#8243; animation_style=&#8221;slide&#8221; global_colors_info=&#8221;{}&#8221;]<\/p>\n<h1>Quem somos<\/h1>\n<p>[\/et_pb_text][et_pb_image src=&#8221;https:\/\/nogods-nomasters.com\/nogodsnomasters\/wp-content\/uploads\/2016\/06\/IMG_9174.jpg&#8221; title_text=&#8221;IMG_9174&#8243; _builder_version=&#8221;4.24.0&#8243; _module_preset=&#8221;default&#8221; global_colors_info=&#8221;{}&#8221;][\/et_pb_image][et_pb_text _builder_version=&#8221;4.24.0&#8243; _module_preset=&#8221;default&#8221; global_colors_info=&#8221;{}&#8221;]<\/p>\n<div class=\"gE iv gt\" style=\"text-align: justify;\"><span style=\"font-size: 12pt; font-family: verdana, geneva, sans-serif;\">No gods No masters \u00e9 uma <span class=\"il\">distro<\/span>, um selo, um ideal, uma proposta, uma estrat\u00e9gia&#8230; um estilo de vida.<\/span><\/div>\n<div id=\":1p5\" class=\"ii gt adP\">\n<div id=\":1p4\" class=\"a3s aXjCH m15560231532a14e9\">\n<div dir=\"ltr\">\n<div dir=\"ltr\" style=\"text-align: justify;\">\n<p><span style=\"font-size: 12pt; font-family: verdana, geneva, sans-serif;\"><span class=\"im\"><br \/><\/span>A No gods No masters \u00e9 um projeto do <span style=\"text-decoration: underline; color: #ff9900;\"><strong><a style=\"color: #ff9900; text-decoration: underline;\" href=\"http:\/\/cultiveresistencia.org\" target=\"_blank\" rel=\"noopener\">Cultive Resist\u00eancia <\/a><\/strong><\/span>e \u00e9 organizada por apenas duas pessoas, sendo que em alguns projetos contamos com a ajuda de pessoas amigas.<\/span><\/p>\n<p style=\"text-align: justify;\"><span style=\"font-size: 12pt; font-family: verdana, geneva, sans-serif;\">Nosso foco \u00e9 a comunidade Punk Do It Yorself, que tem uma cr\u00edtica pol\u00edtica social baseada no anarquismo, feminismo, veganismo, lutas por emancipa\u00e7\u00e3o e resist\u00eancia. <\/span><span style=\"font-size: 12pt; font-family: verdana, geneva, sans-serif;\">\u00c9 nesta comunidade que estamos e \u00e9 onde colocamos nossas for\u00e7as, nossas propostas de vida e \u00e9 nela que acreditamos como for\u00e7a para mudan\u00e7as urgentes nesta sociedade.<\/span><\/p>\n<p style=\"text-align: justify;\"><span style=\"font-size: 12pt; font-family: verdana, geneva, sans-serif;\">Nosso principal objetivo \u00e9 inspirar e apaixonar pessoas atrav\u00e9s da m\u00fasica, da literatura, eventos, shows, festivais e de materiais que carregam mensagens contra a opress\u00e3o, abuso, capitalismo, racismo, sexismo, machismo e qualquer mecanismo e estrutura exploradora dessa sociedade que todas n\u00f3s fazemos parte.<\/span><\/p>\n<div class=\"yj6qo ajU\" style=\"text-align: justify;\">\n<p class=\"ajR\" data-tooltip=\"Ocultar conte\u00fado expandido\" tabindex=\"0\"><span style=\"font-size: 12pt; font-family: verdana, geneva, sans-serif;\"><img decoding=\"async\" class=\"ajT\" src=\"https:\/\/ssl.gstatic.com\/ui\/v1\/icons\/mail\/images\/cleardot.gif\" \/>Tudo que fazemos na No gods No masters, sejam os materiais, os eventos, as turn\u00eas tem um pre\u00e7o mais baixo poss\u00edvel, a fim de torn\u00e1-los acess\u00edveis e dando a todas as pessoas a oportunidade e direito de ter acesso \u00e0 informa\u00e7\u00e3o e ao prazer musical.<\/span><\/p>\n<p class=\"ajR\" data-tooltip=\"Ocultar conte\u00fado expandido\" tabindex=\"0\"><span style=\"font-size: 12pt; font-family: verdana, geneva, sans-serif;\">Nossa organiza\u00e7\u00e3o \u00e9 baseada na livre vontade, sem hierarquia e todas as decis\u00f5es s\u00e3o tomadas por consenso, incluindo compartilhamento de trabalho e distribui\u00e7\u00e3o de tarefas. As pessoas volunt\u00e1rias tamb\u00e9m est\u00e3o envolvidas no processo de tomada de decis\u00e3o.<\/span><\/p>\n<p class=\"ajR\" data-tooltip=\"Ocultar conte\u00fado expandido\" tabindex=\"0\"><span style=\"font-family: verdana, geneva, sans-serif; font-size: 12pt;\">Que essa rede Fa\u00e7a Voc\u00ea Mesma nos traga mais e mais inspira\u00e7\u00e3o e for\u00e7a. Que nossos protestos e nossos instrumentos possam expressar nossa indigna\u00e7\u00e3o e construir uma comunidade musical e an\u00e1rquica cada vez mais real\u2026 Para que ela seja parte de n\u00f3s ou nos DESTRUA.<\/span><\/p>\n<\/div>\n<\/div>\n<\/div>\n<\/div>\n<\/div>\n<p>[\/et_pb_text][et_pb_image src=&#8221;https:\/\/nogods-nomasters.com\/nogodsnomasters\/wp-content\/uploads\/2016\/06\/IMG_7544-1.jpg&#8221; title_text=&#8221;IMG_7544&#8243; _builder_version=&#8221;4.24.0&#8243; _module_preset=&#8221;default&#8221; global_colors_info=&#8221;{}&#8221;][\/et_pb_image][\/et_pb_column][\/et_pb_row][\/et_pb_section]<\/p>\n","protected":false},"excerpt":{"rendered":"<p>Quem somosNo gods No masters \u00e9 uma distro, um selo, um ideal, uma proposta, uma estrat\u00e9gia&#8230; um estilo de vida. A No gods No masters \u00e9 um projeto do Cultive Resist\u00eancia e \u00e9 organizada por apenas duas pessoas, sendo que em alguns projetos contamos com a ajuda de pessoas amigas. Nosso foco \u00e9 a comunidade [&hellip;]<\/p>\n","protected":false},"author":1,"featured_media":0,"parent":0,"menu_order":0,"comment_status":"closed","ping_status":"closed","template":"","meta":{"_et_pb_use_builder":"on","_et_pb_old_content":"[vc_row animation_type=\"fadeInRightBig\"][vc_column][section_with_title title=\"Quem somos\"][\/vc_column][\/vc_row][vc_row][vc_column][vc_single_image image=\"1940\" img_size=\"large\" style=\"vc_box_rounded\"][\/vc_column][\/vc_row][vc_row][vc_column][vc_column_text]\r\n<div class=\"gE iv gt\" style=\"text-align: justify;\"><span style=\"font-size: 12pt; font-family: verdana, geneva, sans-serif;\">No gods No masters \u00e9 uma <span class=\"il\">distro<\/span>, um selo, um ideal, uma proposta, uma estrat\u00e9gia... um estilo de vida.<\/span><\/div>\r\n<div id=\":1p5\" class=\"ii gt adP\">\r\n<div id=\":1p4\" class=\"a3s aXjCH m15560231532a14e9\">\r\n<div dir=\"ltr\">\r\n<div dir=\"ltr\" style=\"text-align: justify;\">\r\n\r\n<span style=\"font-size: 12pt; font-family: verdana, geneva, sans-serif;\"><span class=\"im\">\r\n<\/span>A No gods No masters \u00e9 um projeto do <span style=\"text-decoration: underline; color: #ff9900;\"><strong><a style=\"color: #ff9900; text-decoration: underline;\" href=\"http:\/\/cultiveresistencia.org\" target=\"_blank\">Cultive Resist\u00eancia <\/a><\/strong><\/span>e \u00e9 organizada por apenas duas pessoas, sendo que em alguns projetos contamos com a ajuda de pessoas amigas.<\/span>\r\n<p style=\"text-align: justify;\"><span style=\"font-size: 12pt; font-family: verdana, geneva, sans-serif;\">Nosso foco \u00e9 a comunidade Punk Do It Yorself, que tem uma cr\u00edtica pol\u00edtica social baseada no anarquismo, feminismo, veganismo, lutas por emancipa\u00e7\u00e3o e resist\u00eancia. <\/span><span style=\"font-size: 12pt; font-family: verdana, geneva, sans-serif;\">\u00c9 nesta comunidade que estamos e \u00e9 onde colocamos nossas for\u00e7as, nossas propostas de vida e \u00e9 nela que acreditamos como for\u00e7a para mudan\u00e7as urgentes nesta sociedade.<\/span><\/p>\r\n<p style=\"text-align: justify;\"><span style=\"font-size: 12pt; font-family: verdana, geneva, sans-serif;\">Nosso principal objetivo \u00e9 inspirar e apaixonar pessoas atrav\u00e9s da m\u00fasica, da literatura, eventos, shows, festivais e de materiais que carregam mensagens contra a opress\u00e3o, abuso, capitalismo, racismo, sexismo, machismo e qualquer mecanismo e estrutura exploradora dessa sociedade que todas n\u00f3s fazemos parte.<\/span><\/p>\r\n\r\n<div class=\"yj6qo ajU\" style=\"text-align: justify;\">\r\n<p class=\"ajR\" tabindex=\"0\" data-tooltip=\"Ocultar conte\u00fado expandido\"><span style=\"font-size: 12pt; font-family: verdana, geneva, sans-serif;\"><img class=\"ajT\" src=\"https:\/\/ssl.gstatic.com\/ui\/v1\/icons\/mail\/images\/cleardot.gif\" \/>Tudo que fazemos na No gods No masters, sejam os materiais, os eventos, as turn\u00eas tem um pre\u00e7o mais baixo poss\u00edvel, a fim de torn\u00e1-los acess\u00edveis e dando a todas as pessoas a oportunidade e direito de ter acesso \u00e0 informa\u00e7\u00e3o e ao prazer musical.<\/span><\/p>\r\n<p class=\"ajR\" tabindex=\"0\" data-tooltip=\"Ocultar conte\u00fado expandido\"><span style=\"font-size: 12pt; font-family: verdana, geneva, sans-serif;\">Nossa organiza\u00e7\u00e3o \u00e9 baseada na livre vontade, sem hierarquia e todas as decis\u00f5es s\u00e3o tomadas por consenso, incluindo compartilhamento de trabalho e distribui\u00e7\u00e3o de tarefas. As pessoas volunt\u00e1rias tamb\u00e9m est\u00e3o envolvidas no processo de tomada de decis\u00e3o.<\/span><\/p>\r\n\r\n<div class=\"adL\" style=\"text-align: justify;\">\r\n<p style=\"text-align: justify;\"><span style=\"font-size: 12pt; font-family: verdana, geneva, sans-serif;\">Que essa rede Fa\u00e7a Voc\u00ea Mesma nos traga mais e mais inspira\u00e7\u00e3o e for\u00e7a. Que nossos protestos e nossos instrumentos possam expressar nossa indigna\u00e7\u00e3o e construir uma comunidade musical e an\u00e1rquica cada vez mais real\u2026 Para que ela seja parte de n\u00f3s ou nos DESTRUA.<\/span><\/p>\r\n\r\n<\/div>\r\n<\/div>\r\n<\/div>\r\n<\/div>\r\n<\/div>\r\n[\/vc_column_text][\/vc_column][\/vc_row][vc_row][vc_column][vc_single_image image=\"8041\" img_size=\"full\" alignment=\"center\" style=\"vc_box_rounded\"][\/vc_column][\/vc_row]\r\n\r\n<\/div>","_et_gb_content_width":"","jetpack_post_was_ever_published":false,"footnotes":""},"class_list":["post-1732","page","type-page","status-publish","hentry"],"jetpack_sharing_enabled":true,"jetpack_shortlink":"https:\/\/wp.me\/P7hMTK-rW","jetpack-related-posts":[],"_links":{"self":[{"href":"https:\/\/nogods-nomasters.com\/nogodsnomasters\/wp-json\/wp\/v2\/pages\/1732","targetHints":{"allow":["GET"]}}],"collection":[{"href":"https:\/\/nogods-nomasters.com\/nogodsnomasters\/wp-json\/wp\/v2\/pages"}],"about":[{"href":"https:\/\/nogods-nomasters.com\/nogodsnomasters\/wp-json\/wp\/v2\/types\/page"}],"author":[{"embeddable":true,"href":"https:\/\/nogods-nomasters.com\/nogodsnomasters\/wp-json\/wp\/v2\/users\/1"}],"replies":[{"embeddable":true,"href":"https:\/\/nogods-nomasters.com\/nogodsnomasters\/wp-json\/wp\/v2\/comments?post=1732"}],"version-history":[{"count":35,"href":"https:\/\/nogods-nomasters.com\/nogodsnomasters\/wp-json\/wp\/v2\/pages\/1732\/revisions"}],"predecessor-version":[{"id":17868,"href":"https:\/\/nogods-nomasters.com\/nogodsnomasters\/wp-json\/wp\/v2\/pages\/1732\/revisions\/17868"}],"wp:attachment":[{"href":"https:\/\/nogods-nomasters.com\/nogodsnomasters\/wp-json\/wp\/v2\/media?parent=1732"}],"curies":[{"name":"wp","href":"https:\/\/api.w.org\/{rel}","templated":true}]}}