{"id":8169,"date":"2016-09-05T00:40:03","date_gmt":"2016-09-05T00:40:03","guid":{"rendered":"http:\/\/nogods-nomasters.com\/nogodsnomasters\/?page_id=8169"},"modified":"2024-01-29T23:03:40","modified_gmt":"2024-01-29T23:03:40","slug":"informacoes-uteis","status":"publish","type":"page","link":"https:\/\/nogods-nomasters.com\/nogodsnomasters\/informacoes-uteis\/","title":{"rendered":"Informa\u00e7\u00f5es \u00dateis"},"content":{"rendered":"<p>[et_pb_section fb_built=&#8221;1&#8243; fullwidth=&#8221;on&#8221; theme_builder_area=&#8221;post_content&#8221; _builder_version=&#8221;4.24.0&#8243; _module_preset=&#8221;default&#8221;][et_pb_fullwidth_header title=&#8221;Nosso FAQ&#8221; _builder_version=&#8221;4.24.0&#8243; _module_preset=&#8221;default&#8221; theme_builder_area=&#8221;post_content&#8221; background_color=&#8221;RGBA(255,255,255,0)&#8221; title_text=&#8221;faq&#8221; background_image=&#8221;http:\/\/nogods-nomasters.com\/nogodsnomasters\/wp-content\/uploads\/2016\/09\/faq-1.png&#8221; hover_enabled=&#8221;0&#8243; sticky_enabled=&#8221;0&#8243;][\/et_pb_fullwidth_header][\/et_pb_section][et_pb_section fb_built=&#8221;1&#8243; theme_builder_area=&#8221;post_content&#8221; _builder_version=&#8221;4.24.0&#8243; _module_preset=&#8221;default&#8221;][et_pb_row _builder_version=&#8221;4.24.0&#8243; _module_preset=&#8221;default&#8221; column_structure=&#8221;1_4,3_4&#8243; theme_builder_area=&#8221;post_content&#8221;][et_pb_column _builder_version=&#8221;4.24.0&#8243; _module_preset=&#8221;default&#8221; type=&#8221;1_4&#8243; theme_builder_area=&#8221;post_content&#8221;][et_pb_sidebar _builder_version=&#8221;4.24.0&#8243; _module_preset=&#8221;default&#8221; theme_builder_area=&#8221;post_content&#8221; hover_enabled=&#8221;0&#8243; sticky_enabled=&#8221;0&#8243;][\/et_pb_sidebar][\/et_pb_column][et_pb_column _builder_version=&#8221;4.24.0&#8243; _module_preset=&#8221;default&#8221; type=&#8221;3_4&#8243; theme_builder_area=&#8221;post_content&#8221;][et_pb_text _builder_version=&#8221;4.24.0&#8243; _module_preset=&#8221;default&#8221; theme_builder_area=&#8221;post_content&#8221; hover_enabled=&#8221;0&#8243; sticky_enabled=&#8221;0&#8243; header_text_color=&#8221;#E09900&#8243; animation_style=&#8221;slide&#8221; header_font=&#8221;|600|||||||&#8221;]<\/p>\n<h1>Nosso FAQ<\/h1>\n<p>[\/et_pb_text][et_pb_text _builder_version=&#8221;4.24.0&#8243; _module_preset=&#8221;default&#8221; theme_builder_area=&#8221;post_content&#8221; hover_enabled=&#8221;0&#8243; sticky_enabled=&#8221;0&#8243;]<\/p>\n<p style=\"text-align: justify;\"><span style=\"font-size: 12pt; font-family: verdana,geneva,sans-serif;\">N\u00f3s preparamos para voc\u00ea algumas informa\u00e7\u00f5es e perguntas frequentes que recebemos semanalmente. N\u00f3s n\u00e3o somos uma empresa com patr\u00f5es e funcion\u00e1rios, tudo que voc\u00ea vai encontrar aqui \u00e9 organizado de forma consensual e horizontal.\u00a0 Temos como objetivo construir com todas as pessoas que passam por aqui, rela\u00e7\u00f5es de igualdade e respeito, sem nenhuma rela\u00e7\u00e3o de poder. <\/span><\/p>\n<p style=\"text-align: justify;\"><span style=\"font-size: 12pt; font-family: verdana,geneva,sans-serif;\">Sabemos, \u00e9 claro, que temos nossas tarefas e estamos muito felizes e apaixonados em faz\u00ea-las. Fique sempre \u00e0 vontade em nos escrever e dialogar, seja para perguntas b\u00e1sicas at\u00e9 problemas mais s\u00e9rios que com certeza vamos resolver junt(A)S da melhor forma.<\/span><\/p>\n<p style=\"text-align: justify;\" align=\"justify\"><span style=\"font-size: 12pt; font-family: verdana,geneva,sans-serif;\">Fazemos parte de uma rede Fa\u00e7a Voc\u00ea Mesmo globalmente conectada, constru\u00edda com autonomia, solidariedade e que declara guerra ao capitalismo e toda e qualquer forma de opress\u00e3o.<\/span><\/p>\n<p style=\"text-align: justify;\" align=\"justify\"><span style=\"font-size: 12pt; font-family: verdana,geneva,sans-serif;\">Essa rede independente baseia-se em liberdade, cr\u00edtica e di\u00e1logo. Cria e promove novos modelos de produ\u00e7\u00e3o, manuten\u00e7\u00e3o e troca. E \u00e9 assim que toda nossa express\u00e3o ser\u00e1 feita: DE M\u00c3O DUPLA, de n\u00f3s para voc\u00eas e de voc\u00eas para n\u00f3s<strong>.<\/strong><\/span><\/p>\n<p>[\/et_pb_text][et_pb_text _builder_version=&#8221;4.24.0&#8243; _module_preset=&#8221;default&#8221; theme_builder_area=&#8221;post_content&#8221; header_font=&#8221;|600|||||||&#8221; header_text_color=&#8221;#E09900&#8243; animation_style=&#8221;slide&#8221; hover_enabled=&#8221;0&#8243; sticky_enabled=&#8221;0&#8243;]<\/p>\n<h1>Perguntas frequentes<\/h1>\n<p>[\/et_pb_text][et_pb_text _builder_version=&#8221;4.24.0&#8243; _module_preset=&#8221;default&#8221; theme_builder_area=&#8221;post_content&#8221; hover_enabled=&#8221;0&#8243; sticky_enabled=&#8221;0&#8243;]<\/p>\n<p style=\"text-align: justify;\"><span style=\"font-size: 12pt;\"><span style=\"font-family: verdana,geneva,sans-serif;\">Comprar na No gods No masters \u00e9 muito f\u00e1cil. Voc\u00ea j\u00e1 pode chegar no site e navegar pela loja e conhecer todos os materiais dispon\u00edveis, temos muito material incr\u00edvel, de conte\u00fado apaixonante. \u00c9 s\u00f3 voc\u00ea ir colocando no carrinho de compras os materiais que deseja clicando em COMPRAR. Depois que voc\u00ea terminou \u00e9 s\u00f3 ir em carrinho e ir finalizando a compra, fazendo o cadastro na loja, preenchendo com seu endere\u00e7o e ao final escolhendo o frete e os meios de pagamento.<\/span> <\/span><\/p>\n<p style=\"text-align: justify;\"><span style=\"font-size: 12pt; font-family: verdana,geneva,sans-serif;\">N\u00f3s temos tr\u00eas formas de pagamento em nosso site:<\/span><\/p>\n<ul>\n<li style=\"text-align: justify;\"><span style=\"font-size: 12pt; font-family: verdana,geneva,sans-serif;\"><strong>Dep\u00f3sito e\/ou transfer\u00eancia banc\u00e1ria diretamente em nossa conta<\/strong>: se voc\u00ea optar por esse pagamento, voc\u00ea receber\u00e1 todas as informa\u00e7\u00f5es da nossa conta banc\u00e1ria em seu e-mail. Ap\u00f3s voc\u00ea efetuar o dep\u00f3sito, escreva para info@nogods-nomasters.com.<\/span><\/li>\n<li style=\"text-align: justify;\"><span style=\"font-size: 12pt; font-family: verdana,geneva,sans-serif;\"><strong>Via Paypal<\/strong>: <span class=\"st\">\u00e9 a maneira mais r\u00e1pida e segura de pagar online sem compartilhar seu n\u00famero de cart\u00e3o de cr\u00e9dito ou conta banc\u00e1ria.<\/span> Voc\u00ea precisa ter uma conta no paypal com seus dados cadastrados. Por esta forma de pagamento somente \u00e9 aceito pagamento com cart\u00e3o de cr\u00e9dito, n\u00e3o aceita parcelamento.<\/span><\/li>\n<li style=\"text-align: justify;\"><span style=\"font-size: 12pt; font-family: verdana,geneva,sans-serif;\"><strong>Via Pagseguro<\/strong>: aqui n\u00f3s disponibilizamos para voc\u00ea o pagamento por cart\u00e3o de cr\u00e9dito em 3x sem juros. Voc\u00ea tamb\u00e9m tem a op\u00e7\u00e3o de parcelar em at\u00e9 12x, mas essa op\u00e7\u00e3o ter\u00e1 juros. O pagseguro tem tamb\u00e9m outras formas de pagamento: d\u00e9bito online e boleto banc\u00e1rio.<\/span><\/li>\n<\/ul>\n<p style=\"text-align: justify;\"><span style=\"font-size: 12pt; font-family: verdana,geneva,sans-serif;\">Voc\u00ea vai receber todos os passos sobre o seu pedido no seu e-mail. Quando ele estiver sendo processado, ou seja, quando a gente come\u00e7ar a preparar o seu pedido, desde fazendo os zines, silkando sua camiseta, separando os materiais e fazendo seu pacote.<\/span><\/p>\n<p style=\"text-align: justify;\"><span style=\"font-size: 12pt; font-family: verdana,geneva,sans-serif;\">N\u00f3s disponibilizamos 3 formas de envio:<\/span><\/p>\n<ul>\n<li style=\"text-align: justify;\"><span style=\"font-size: 12pt; font-family: verdana,geneva,sans-serif;\"><strong>Carta Registrada<\/strong>: a carta registrada tem um valor fixo de envio para todo o Brasil, mas somente para pacotes com at\u00e9 500 gramas. Ent\u00e3o, lembre-se, se essa op\u00e7\u00e3o n\u00e3o aparecer no final da sua compra, \u00e9 que seu pacote j\u00e1 ultrapassou 500 gramas de peso. O prazo para entrega da Carta Registrada varia muito. Tem vezes que demora 3 a 5 dias \u00fateis, mas as vezes de 8 a 10 dias \u00fateis. Depende do local de entrega e da disponibilidade dos correios.<\/span><\/li>\n<li style=\"text-align: justify;\"><span style=\"font-size: 12pt; font-family: verdana,geneva,sans-serif;\"><strong>PAC<\/strong>: o PAC sempre estar\u00e1 dispon\u00edvel para voc\u00ea, independente do peso do seu pacote. No envio via PAC o prazo para entrega \u00e9 de 8 a 10 dias \u00fateis.<\/span><\/li>\n<li style=\"text-align: justify;\"><span style=\"font-size: 12pt; font-family: verdana,geneva,sans-serif;\"><strong>SEDEX<\/strong>: o SEDEX tamb\u00e9m sempre estar\u00e1 dispon\u00edvel para voc\u00ea, independente do peso do seu pacote. Se voc\u00ea tem pressa para receber o pacote, escolha essa op\u00e7\u00e3o, pois os correios d\u00e3o um prazo de 2 dias \u00fateis para entrega.<\/span><\/li>\n<\/ul>\n<p style=\"text-align: justify;\"><span style=\"font-size: 12pt; font-family: verdana,geneva,sans-serif;\">Os prazos podem variar de pedido para pedido, pois muitos materiais n\u00f3s confeccionamos somente ap\u00f3s a sua compra ser aprovada. Geralmente os pedidos com zines e camisetas demoram mais, pois temos que prepar\u00e1-los: tirar c\u00f3pia, montar o zine, encomendar sua camiseta e silka-l\u00e1. O prazo de envio que damos para estes materiais \u00e9 de 10 dias \u00fateis. Se este prazo se prolongar n\u00f3s entraremos em contato com voc\u00ea, pois pode acontecer da f\u00e1brica n\u00e3o ter a cor e o tamanho da camiseta que voc\u00ea escolheu. Mas fique tranquil(A), seu pedido chegar\u00e1 no seu endere\u00e7o!!<\/span><\/p>\n<p style=\"text-align: justify;\"><span style=\"font-size: 12pt; font-family: verdana,geneva,sans-serif;\">Para os outros materiais n\u00f3s damos o prazo de 3 dias \u00fateis para o envio.<\/span><\/p>\n<p style=\"text-align: justify;\"><span style=\"font-size: 12pt; font-family: verdana,geneva,sans-serif;\">N\u00f3s somos apenas em duas pessoas para fazer tudo, desde a administra\u00e7\u00e3o do site, conferir pagamento, responder e-mails, controle de estoque, confec\u00e7\u00e3o dos materiais, fazer pacotes e ir nos correios. N\u00f3s n\u00e3o somos uma empresa com funcion\u00e1rios, mas temos uma prazer enorme em fazer tudo isso e pode ter certeza que o material que voc\u00ea escolheu vai chegar com muita paix\u00e3o e inspira\u00e7\u00e3o at\u00e9 voc\u00ea.<\/span><\/p>\n<p style=\"text-align: justify;\"><span style=\"font-size: 12pt; font-family: verdana,geneva,sans-serif;\">N\u00f3s aceitamos trocas e devolu\u00e7\u00f5es!! Mas n\u00f3s n\u00e3o temos uma regra fixa para isso, pois temos materiais muito diferentes. Qualquer problema que acontecer, escreva pra gente que vamos resolver da melhor forma poss\u00edvel. Nosso contato \u00e9: info@nogods-nomasters.com<\/span><\/p>\n<p>[\/et_pb_text][\/et_pb_column][\/et_pb_row][\/et_pb_section]<\/p>\n","protected":false},"excerpt":{"rendered":"<p>Nosso FAQN\u00f3s preparamos para voc\u00ea algumas informa\u00e7\u00f5es e perguntas frequentes que recebemos semanalmente. N\u00f3s n\u00e3o somos uma empresa com patr\u00f5es e funcion\u00e1rios, tudo que voc\u00ea vai encontrar aqui \u00e9 organizado de forma consensual e horizontal.\u00a0 Temos como objetivo construir com todas as pessoas que passam por aqui, rela\u00e7\u00f5es de igualdade e respeito, sem nenhuma rela\u00e7\u00e3o [&hellip;]<\/p>\n","protected":false},"author":1,"featured_media":0,"parent":0,"menu_order":0,"comment_status":"closed","ping_status":"closed","template":"","meta":{"_et_pb_use_builder":"on","_et_pb_old_content":"[vc_row animation_type=\"fadeInRightBig\"][vc_column][section_with_title title=\"Nosso F.A.Q \"][\/vc_column][\/vc_row][vc_row][vc_column width=\"1\/2\"][vc_column_text]\r\n<p style=\"text-align: justify;\"><span style=\"font-size: 12pt; font-family: verdana,geneva,sans-serif;\">N\u00f3s preparamos para voc\u00ea algumas informa\u00e7\u00f5es e perguntas frequentes que recebemos semanalmente. N\u00f3s n\u00e3o somos uma empresa com patr\u00f5es e funcion\u00e1rios, tudo que voc\u00ea vai encontrar aqui \u00e9 organizado de forma consensual e horizontal.\u00a0 Temos como objetivo construir com todas as pessoas que passam por aqui, rela\u00e7\u00f5es de igualdade e respeito, sem nenhuma rela\u00e7\u00e3o de poder. <\/span><\/p>\r\n<p style=\"text-align: justify;\"><span style=\"font-size: 12pt; font-family: verdana,geneva,sans-serif;\">Sabemos, \u00e9 claro, que temos nossas tarefas e estamos muito felizes e apaixonados em faz\u00ea-las. Fique sempre \u00e0 vontade em nos escrever e dialogar, seja para perguntas b\u00e1sicas at\u00e9 problemas mais s\u00e9rios que com certeza vamos resolver junt(A)S da melhor forma.<\/span><\/p>\r\n[\/vc_column_text][\/vc_column][vc_column width=\"1\/2\"][vc_single_image image=\"8180\" img_size=\"full\" alignment=\"right\" style=\"vc_box_rounded\"][\/vc_column][\/vc_row][vc_row][vc_column][vc_column_text]\r\n<p style=\"text-align: justify;\" align=\"justify\"><span style=\"font-size: 12pt; font-family: verdana,geneva,sans-serif;\">Fazemos parte de uma rede Fa\u00e7a Voc\u00ea Mesmo globalmente conectada, constru\u00edda com autonomia, solidariedade e que declara guerra ao capitalismo e toda e qualquer forma de opress\u00e3o.<\/span><\/p>\r\n<p style=\"text-align: justify;\" align=\"justify\"><span style=\"font-size: 12pt; font-family: verdana,geneva,sans-serif;\">Essa rede independente baseia-se em liberdade, cr\u00edtica e di\u00e1logo. Cria e promove novos modelos de produ\u00e7\u00e3o, manuten\u00e7\u00e3o e troca. E \u00e9 assim que toda nossa express\u00e3o ser\u00e1 feita: DE M\u00c3O DUPLA, de n\u00f3s para voc\u00eas e de voc\u00eas para n\u00f3s<strong>.<\/strong><\/span><\/p>\r\n[\/vc_column_text][\/vc_column][\/vc_row][vc_row][vc_column][vc_column_text]<strong><span style=\"font-size: 14pt; font-family: verdana,geneva,sans-serif; color: #ff9900;\">Perguntas Frequentes<\/span><\/strong>[\/vc_column_text][vc_tta_accordion][vc_tta_section title=\"Como comprar na No gods No masters?\" tab_id=\"1473035624908-48cf875d-5f3c\"][vc_column_text]\r\n<p style=\"text-align: justify;\"><span style=\"font-size: 12pt;\"><span style=\"font-family: verdana,geneva,sans-serif;\">Comprar na No gods No masters \u00e9 muito f\u00e1cil. Voc\u00ea j\u00e1 pode chegar no site e navegar pela loja e conhecer todos os materiais dispon\u00edveis, temos muito material incr\u00edvel, de conte\u00fado apaixonante. \u00c9 s\u00f3 voc\u00ea ir colocando no carrinho de compras os materiais que deseja clicando em COMPRAR. Depois que voc\u00ea terminou \u00e9 s\u00f3 ir em carrinho e ir finalizando a compra, fazendo o cadastro na loja, preenchendo com seu endere\u00e7o e ao final escolhendo o frete e os meios de pagamento.<\/span> <\/span><\/p>\r\n[\/vc_column_text][\/vc_tta_section][vc_tta_section title=\"Quais os meios de pagamento dispon\u00edveis?\" tab_id=\"1473036361169-446304a5-e6e4\"][vc_column_text]\r\n<p style=\"text-align: justify;\"><span style=\"font-size: 12pt; font-family: verdana,geneva,sans-serif;\">N\u00f3s temos tr\u00eas formas de pagamento em nosso site:<\/span><\/p>\r\n\r\n<ul>\r\n \t<li style=\"text-align: justify;\"><span style=\"font-size: 12pt; font-family: verdana,geneva,sans-serif;\"><strong>Dep\u00f3sito e\/ou transfer\u00eancia banc\u00e1ria diretamente em nossa conta<\/strong>: se voc\u00ea optar por esse pagamento, voc\u00ea receber\u00e1 todas as informa\u00e7\u00f5es da nossa conta banc\u00e1ria em seu e-mail. Ap\u00f3s voc\u00ea efetuar o dep\u00f3sito, escreva para info@nogods-nomasters.com.<\/span><\/li>\r\n \t<li style=\"text-align: justify;\"><span style=\"font-size: 12pt; font-family: verdana,geneva,sans-serif;\"><strong>Via Paypal<\/strong>: <span class=\"st\">\u00e9 a maneira mais r\u00e1pida e segura de pagar online sem compartilhar seu n\u00famero de cart\u00e3o de cr\u00e9dito ou conta banc\u00e1ria.<\/span> Voc\u00ea precisa ter uma conta no paypal com seus dados cadastrados. Por esta forma de pagamento somente \u00e9 aceito pagamento com cart\u00e3o de cr\u00e9dito, n\u00e3o aceita parcelamento.<\/span><\/li>\r\n \t<li style=\"text-align: justify;\"><span style=\"font-size: 12pt; font-family: verdana,geneva,sans-serif;\"><strong>Via Pagseguro<\/strong>: aqui n\u00f3s disponibilizamos para voc\u00ea o pagamento por cart\u00e3o de cr\u00e9dito em 3x sem juros. Voc\u00ea tamb\u00e9m tem a op\u00e7\u00e3o de parcelar em at\u00e9 12x, mas essa op\u00e7\u00e3o ter\u00e1 juros. O pagseguro tem tamb\u00e9m outras formas de pagamento: d\u00e9bito online e boleto banc\u00e1rio.<\/span><\/li>\r\n<\/ul>\r\n[\/vc_column_text][\/vc_tta_section][vc_tta_section title=\"Como sei se meu pedido foi aprovado?\" tab_id=\"1473035625077-247b11f9-fac8\"][vc_column_text]\r\n<p style=\"text-align: justify;\"><span style=\"font-size: 12pt; font-family: verdana,geneva,sans-serif;\">Voc\u00ea vai receber todos os passos sobre o seu pedido no seu e-mail. Quando ele estiver sendo processado, ou seja, quando a gente come\u00e7ar a preparar o seu pedido, desde fazendo os zines, silkando sua camiseta, separando os materiais e fazendo seu pacote.<\/span><\/p>\r\n[\/vc_column_text][\/vc_tta_section][vc_tta_section title=\"Quais as formas de envio?\" tab_id=\"1473036815074-cb167ea8-7792\"][vc_column_text]\r\n<p style=\"text-align: justify;\"><span style=\"font-size: 12pt; font-family: verdana,geneva,sans-serif;\">N\u00f3s disponibilizamos 3 formas de envio:<\/span><\/p>\r\n\r\n<ul>\r\n \t<li style=\"text-align: justify;\"><span style=\"font-size: 12pt; font-family: verdana,geneva,sans-serif;\"><strong>Carta Registrada<\/strong>: a carta registrada tem um valor fixo de envio para todo o Brasil, mas somente para pacotes com at\u00e9 500 gramas. Ent\u00e3o, lembre-se, se essa op\u00e7\u00e3o n\u00e3o aparecer no final da sua compra, \u00e9 que seu pacote j\u00e1 ultrapassou 500 gramas de peso. O prazo para entrega da Carta Registrada varia muito. Tem vezes que demora 3 a 5 dias \u00fateis, mas as vezes de 8 a 10 dias \u00fateis. Depende do local de entrega e da disponibilidade dos correios.<\/span><\/li>\r\n \t<li style=\"text-align: justify;\"><span style=\"font-size: 12pt; font-family: verdana,geneva,sans-serif;\"><strong>PAC<\/strong>: o PAC sempre estar\u00e1 dispon\u00edvel para voc\u00ea, independente do peso do seu pacote. No envio via PAC o prazo para entrega \u00e9 de 8 a 10 dias \u00fateis.<\/span><\/li>\r\n \t<li style=\"text-align: justify;\"><span style=\"font-size: 12pt; font-family: verdana,geneva,sans-serif;\"><strong>SEDEX<\/strong>: o SEDEX tamb\u00e9m sempre estar\u00e1 dispon\u00edvel para voc\u00ea, independente do peso do seu pacote. Se voc\u00ea tem pressa para receber o pacote, escolha essa op\u00e7\u00e3o, pois os correios d\u00e3o um prazo de 2 dias \u00fateis para entrega.<\/span><\/li>\r\n<\/ul>\r\n[\/vc_column_text][\/vc_tta_section][vc_tta_section title=\"Quais os prazos para entrega?\" tab_id=\"1473037251784-7f655fd0-2cd0\"][vc_column_text]\r\n<p style=\"text-align: justify;\"><span style=\"font-size: 12pt; font-family: verdana,geneva,sans-serif;\">Os prazos podem variar de pedido para pedido, pois muitos materiais n\u00f3s confeccionamos somente ap\u00f3s a sua compra ser aprovada. Geralmente os pedidos com zines e camisetas demoram mais, pois temos que prepar\u00e1-los: tirar c\u00f3pia, montar o zine, encomendar sua camiseta e silka-l\u00e1. O prazo de envio que damos para estes materiais \u00e9 de 10 dias \u00fateis. Se este prazo se prolongar n\u00f3s entraremos em contato com voc\u00ea, pois pode acontecer da f\u00e1brica n\u00e3o ter a cor e o tamanho da camiseta que voc\u00ea escolheu. Mas fique tranquil(A), seu pedido chegar\u00e1 no seu endere\u00e7o!!<\/span><\/p>\r\n<p style=\"text-align: justify;\"><span style=\"font-size: 12pt; font-family: verdana,geneva,sans-serif;\">Para os outros materiais n\u00f3s damos o prazo de 3 dias \u00fateis para o envio.<\/span><\/p>\r\n<p style=\"text-align: justify;\"><span style=\"font-size: 12pt; font-family: verdana,geneva,sans-serif;\">N\u00f3s somos apenas em duas pessoas para fazer tudo, desde a administra\u00e7\u00e3o do site, conferir pagamento, responder e-mails, controle de estoque, confec\u00e7\u00e3o dos materiais, fazer pacotes e ir nos correios. N\u00f3s n\u00e3o somos uma empresa com funcion\u00e1rios, mas temos uma prazer enorme em fazer tudo isso e pode ter certeza que o material que voc\u00ea escolheu vai chegar com muita paix\u00e3o e inspira\u00e7\u00e3o at\u00e9 voc\u00ea.<\/span><\/p>\r\n[\/vc_column_text][\/vc_tta_section][vc_tta_section title=\"Trocas e Devolu\u00e7\u00f5es!\" tab_id=\"1473037795392-b791cca4-4499\"][vc_column_text]\r\n<p style=\"text-align: justify;\"><span style=\"font-size: 12pt; font-family: verdana,geneva,sans-serif;\">N\u00f3s aceitamos trocas e devolu\u00e7\u00f5es!! Mas n\u00f3s n\u00e3o temos uma regra fixa para isso, pois temos materiais muito diferentes. Qualquer problema que acontecer, escreva pra gente que vamos resolver da melhor forma poss\u00edvel. Nosso contato \u00e9: info@nogods-nomasters.com<\/span><\/p>\r\n[\/vc_column_text][\/vc_tta_section][\/vc_tta_accordion][\/vc_column][\/vc_row]","_et_gb_content_width":"","jetpack_post_was_ever_published":false,"footnotes":""},"class_list":["post-8169","page","type-page","status-publish","hentry"],"jetpack_sharing_enabled":true,"jetpack_shortlink":"https:\/\/wp.me\/P7hMTK-27L","jetpack-related-posts":[],"_links":{"self":[{"href":"https:\/\/nogods-nomasters.com\/nogodsnomasters\/wp-json\/wp\/v2\/pages\/8169","targetHints":{"allow":["GET"]}}],"collection":[{"href":"https:\/\/nogods-nomasters.com\/nogodsnomasters\/wp-json\/wp\/v2\/pages"}],"about":[{"href":"https:\/\/nogods-nomasters.com\/nogodsnomasters\/wp-json\/wp\/v2\/types\/page"}],"author":[{"embeddable":true,"href":"https:\/\/nogods-nomasters.com\/nogodsnomasters\/wp-json\/wp\/v2\/users\/1"}],"replies":[{"embeddable":true,"href":"https:\/\/nogods-nomasters.com\/nogodsnomasters\/wp-json\/wp\/v2\/comments?post=8169"}],"version-history":[{"count":13,"href":"https:\/\/nogods-nomasters.com\/nogodsnomasters\/wp-json\/wp\/v2\/pages\/8169\/revisions"}],"predecessor-version":[{"id":17887,"href":"https:\/\/nogods-nomasters.com\/nogodsnomasters\/wp-json\/wp\/v2\/pages\/8169\/revisions\/17887"}],"wp:attachment":[{"href":"https:\/\/nogods-nomasters.com\/nogodsnomasters\/wp-json\/wp\/v2\/media?parent=8169"}],"curies":[{"name":"wp","href":"https:\/\/api.w.org\/{rel}","templated":true}]}}