{"id":10490,"date":"2017-08-02T14:36:34","date_gmt":"2017-08-02T14:36:34","guid":{"rendered":"http:\/\/nogods-nomasters.com\/nogodsnomasters\/?post_type=product&#038;p=10490"},"modified":"2025-08-12T21:19:05","modified_gmt":"2025-08-12T21:19:05","slug":"eat-my-fear-st-ep-ngnm-014","status":"publish","type":"product","link":"https:\/\/nogods-nomasters.com\/nogodsnomasters\/produto\/eat-my-fear-st-ep-ngnm-014\/","title":{"rendered":"Eat My Fear &#8211; S\/T EP (NGNM 016)"},"content":{"rendered":"<p style=\"text-align: justify;\"><span style=\"font-size: 12pt; font-family: verdana,geneva,sans-serif;\">Eat My Fear \u00e9 uma banda com base em Berlim formada por pessoas do mundo. Um hardcore\/punk r\u00e1pido, pol\u00edtico e incrivelmente energ\u00e9tico. Suas letras focam em temas como a cultura do estupro, transfobia, o n\u00e3o uso de \u00e1lcool\/drogas em nossos meios, principalmente no meio queer, direitos animais e racismo.\u00a0<\/span><\/p>\n<p style=\"text-align: justify;\"><span style=\"font-size: 12pt; font-family: verdana,geneva,sans-serif;\">Neste primeiro ep s\u00e3o 8 musicas, 8 panfletos sonoros \u00e1cidos e bastante cr\u00edticos ao nosso meio e n\u00e3o somente. H\u00e1 vida nestas m\u00fasicas e elas precisam ser vividas, ouvidas, dan\u00e7adas e inseridas em n\u00f3s.\u00a0<\/span><\/p>\n<p><a href=\"http:\/\/eatmyfear.bandcamp.com\/album\/eat-my-fear\">EAT MY FEAR by Eat My Fear<\/a><\/p>\n","protected":false},"excerpt":{"rendered":"<p>Eat My Fear \u00e9 uma banda com base em Berlim formada por pessoas do mundo. Um hardcore\/punk r\u00e1pido, pol\u00edtico e incrivelmente energ\u00e9tico. Suas letras focam em temas como a cultura do estupro, transfobia, o n\u00e3o uso de \u00e1lcool\/drogas em nossos meios, principalmente no meio queer, direitos animais e racismo.\u00a0 Neste primeiro ep s\u00e3o 8 musicas, [&hellip;]<\/p>\n","protected":false},"featured_media":10487,"template":"","meta":{"_et_pb_use_builder":"","_et_pb_old_content":"","_et_gb_content_width":"","jetpack_post_was_ever_published":false,"jetpack_publicize_message":"","jetpack_publicize_feature_enabled":true,"jetpack_social_post_already_shared":true,"jetpack_social_options":{"image_generator_settings":{"template":"highway","default_image_id":0,"font":"","enabled":false},"version":2}},"product_brand":[],"product_cat":[46,63,53,59],"product_tag":[855],"class_list":{"0":"post-10490","1":"product","2":"type-product","3":"status-publish","4":"has-post-thumbnail","6":"product_cat-discos","7":"product_cat-ep","8":"product_cat-nossoslancamentos","9":"product_cat-vinil","10":"product_tag-eat-my-fear","12":"first","13":"instock","14":"shipping-taxable","15":"purchasable","16":"product-type-simple"},"jetpack_publicize_connections":[],"jetpack_sharing_enabled":true,"jetpack-related-posts":[],"_links":{"self":[{"href":"https:\/\/nogods-nomasters.com\/nogodsnomasters\/wp-json\/wp\/v2\/product\/10490","targetHints":{"allow":["GET"]}}],"collection":[{"href":"https:\/\/nogods-nomasters.com\/nogodsnomasters\/wp-json\/wp\/v2\/product"}],"about":[{"href":"https:\/\/nogods-nomasters.com\/nogodsnomasters\/wp-json\/wp\/v2\/types\/product"}],"wp:featuredmedia":[{"embeddable":true,"href":"https:\/\/nogods-nomasters.com\/nogodsnomasters\/wp-json\/wp\/v2\/media\/10487"}],"wp:attachment":[{"href":"https:\/\/nogods-nomasters.com\/nogodsnomasters\/wp-json\/wp\/v2\/media?parent=10490"}],"wp:term":[{"taxonomy":"product_brand","embeddable":true,"href":"https:\/\/nogods-nomasters.com\/nogodsnomasters\/wp-json\/wp\/v2\/product_brand?post=10490"},{"taxonomy":"product_cat","embeddable":true,"href":"https:\/\/nogods-nomasters.com\/nogodsnomasters\/wp-json\/wp\/v2\/product_cat?post=10490"},{"taxonomy":"product_tag","embeddable":true,"href":"https:\/\/nogods-nomasters.com\/nogodsnomasters\/wp-json\/wp\/v2\/product_tag?post=10490"}],"curies":[{"name":"wp","href":"https:\/\/api.w.org\/{rel}","templated":true}]}}