{"id":12384,"date":"2019-10-07T23:45:26","date_gmt":"2019-10-07T23:45:26","guid":{"rendered":"http:\/\/nogods-nomasters.com\/nogodsnomasters\/?post_type=product&#038;p=12384"},"modified":"2025-08-12T21:18:22","modified_gmt":"2025-08-12T21:18:22","slug":"desastre-espiral-de-barbaries-ep","status":"publish","type":"product","link":"https:\/\/nogods-nomasters.com\/nogodsnomasters\/produto\/desastre-espiral-de-barbaries-ep\/","title":{"rendered":"Desastre &#8211; Espiral de barbaries EP"},"content":{"rendered":"<div style=\"text-align: justify\"><span style=\"font-size: 12pt;font-family: verdana, geneva, sans-serif;color: #000000\">Desastre \u00e9 uma banda punk de Goi\u00e2nia que teve um hiato por alguns anos e este \u00e9 o disco de volta da banda. <\/span><span style=\"font-size: 12pt;font-family: verdana, geneva, sans-serif;color: #000000\">Espiral de barb\u00e1ries tr\u00e1s 4 m\u00fasicas que misturam hardcore e metal.<\/span><\/div>\n<span class=\"embed-youtube\" style=\"text-align:center; display: block;\"><iframe loading=\"lazy\" class=\"youtube-player\" width=\"1080\" height=\"608\" src=\"https:\/\/www.youtube.com\/embed\/SShklBVowFg?version=3&#038;rel=1&#038;showsearch=0&#038;showinfo=1&#038;iv_load_policy=1&#038;fs=1&#038;hl=pt-BR&#038;autohide=2&#038;wmode=transparent\" allowfullscreen=\"true\" style=\"border:0;\" sandbox=\"allow-scripts allow-same-origin allow-popups allow-presentation allow-popups-to-escape-sandbox\"><\/iframe><\/span>\n","protected":false},"excerpt":{"rendered":"<p>Desastre \u00e9 uma banda punk de Goi\u00e2nia que teve um hiato por alguns anos e este \u00e9 o disco de volta da banda. Espiral de barb\u00e1ries tr\u00e1s 4 m\u00fasicas que misturam hardcore e metal.<\/p>\n","protected":false},"featured_media":12385,"template":"","meta":{"_et_pb_use_builder":"","_et_pb_old_content":"","_et_gb_content_width":"","jetpack_post_was_ever_published":false,"jetpack_publicize_message":"","jetpack_publicize_feature_enabled":true,"jetpack_social_post_already_shared":true,"jetpack_social_options":{"image_generator_settings":{"template":"highway","default_image_id":0,"font":"","enabled":false},"version":2}},"product_brand":[],"product_cat":[46,63,59],"product_tag":[971],"class_list":{"0":"post-12384","1":"product","2":"type-product","3":"status-publish","4":"has-post-thumbnail","6":"product_cat-discos","7":"product_cat-ep","8":"product_cat-vinil","9":"product_tag-desastre-espiral-de-barbaries","11":"first","12":"instock","13":"shipping-taxable","14":"purchasable","15":"product-type-simple"},"jetpack_publicize_connections":[],"jetpack_sharing_enabled":true,"jetpack-related-posts":[],"_links":{"self":[{"href":"https:\/\/nogods-nomasters.com\/nogodsnomasters\/wp-json\/wp\/v2\/product\/12384","targetHints":{"allow":["GET"]}}],"collection":[{"href":"https:\/\/nogods-nomasters.com\/nogodsnomasters\/wp-json\/wp\/v2\/product"}],"about":[{"href":"https:\/\/nogods-nomasters.com\/nogodsnomasters\/wp-json\/wp\/v2\/types\/product"}],"wp:featuredmedia":[{"embeddable":true,"href":"https:\/\/nogods-nomasters.com\/nogodsnomasters\/wp-json\/wp\/v2\/media\/12385"}],"wp:attachment":[{"href":"https:\/\/nogods-nomasters.com\/nogodsnomasters\/wp-json\/wp\/v2\/media?parent=12384"}],"wp:term":[{"taxonomy":"product_brand","embeddable":true,"href":"https:\/\/nogods-nomasters.com\/nogodsnomasters\/wp-json\/wp\/v2\/product_brand?post=12384"},{"taxonomy":"product_cat","embeddable":true,"href":"https:\/\/nogods-nomasters.com\/nogodsnomasters\/wp-json\/wp\/v2\/product_cat?post=12384"},{"taxonomy":"product_tag","embeddable":true,"href":"https:\/\/nogods-nomasters.com\/nogodsnomasters\/wp-json\/wp\/v2\/product_tag?post=12384"}],"curies":[{"name":"wp","href":"https:\/\/api.w.org\/{rel}","templated":true}]}}