{"id":12395,"date":"2019-10-07T23:59:40","date_gmt":"2019-10-07T23:59:40","guid":{"rendered":"http:\/\/nogods-nomasters.com\/nogodsnomasters\/?post_type=product&#038;p=12395"},"modified":"2026-02-19T12:50:47","modified_gmt":"2026-02-19T12:50:47","slug":"astma-ghosts-ep","status":"publish","type":"product","link":"https:\/\/nogods-nomasters.com\/nogodsnomasters\/produto\/astma-ghosts-ep\/","title":{"rendered":"Astma &#8211; Ghosts Ep"},"content":{"rendered":"<p style=\"text-align: justify\"><span style=\"font-size: 12pt;font-family: verdana, geneva, sans-serif;color: #000000\">Astma \u00e9 uma banda punk rock paulistana com influ\u00eancias post punk principalmente de bandas do revival post punk dos \u00faltimos anos.\u00a0 Ghosts tem 4 m\u00fasicas, todas cantadas em ingl\u00eas e com bons arranjos de guitarra.<\/span><\/p>\n<span class=\"embed-youtube\" style=\"text-align:center; display: block;\"><iframe loading=\"lazy\" class=\"youtube-player\" width=\"1080\" height=\"608\" src=\"https:\/\/www.youtube.com\/embed\/TS3H35vHUtY?version=3&#038;rel=1&#038;showsearch=0&#038;showinfo=1&#038;iv_load_policy=1&#038;fs=1&#038;hl=pt-BR&#038;autohide=2&#038;wmode=transparent\" allowfullscreen=\"true\" style=\"border:0;\" sandbox=\"allow-scripts allow-same-origin allow-popups allow-presentation allow-popups-to-escape-sandbox\"><\/iframe><\/span>\n","protected":false},"excerpt":{"rendered":"<p>Astma \u00e9 uma banda punk rock paulistana com influ\u00eancias post punk principalmente de bandas do revival post punk dos \u00faltimos anos.\u00a0 Ghosts tem 4 m\u00fasicas, todas cantadas em ingl\u00eas e com bons arranjos de guitarra.<\/p>\n","protected":false},"featured_media":12396,"template":"","meta":{"_et_pb_use_builder":"","_et_pb_old_content":"","_et_gb_content_width":"","jetpack_post_was_ever_published":false,"jetpack_publicize_message":"","jetpack_publicize_feature_enabled":true,"jetpack_social_post_already_shared":true,"jetpack_social_options":{"image_generator_settings":{"template":"highway","default_image_id":0,"font":"","enabled":false},"version":2}},"product_brand":[],"product_cat":[46,63,1133,59],"product_tag":[976],"class_list":{"0":"post-12395","1":"product","2":"type-product","3":"status-publish","4":"has-post-thumbnail","6":"product_cat-discos","7":"product_cat-ep","8":"product_cat-oferta","9":"product_cat-vinil","10":"product_tag-astma-ghosts-ep","12":"first","13":"instock","14":"sale","15":"shipping-taxable","16":"purchasable","17":"product-type-simple"},"jetpack_publicize_connections":[],"jetpack_sharing_enabled":true,"jetpack-related-posts":[],"_links":{"self":[{"href":"https:\/\/nogods-nomasters.com\/nogodsnomasters\/wp-json\/wp\/v2\/product\/12395","targetHints":{"allow":["GET"]}}],"collection":[{"href":"https:\/\/nogods-nomasters.com\/nogodsnomasters\/wp-json\/wp\/v2\/product"}],"about":[{"href":"https:\/\/nogods-nomasters.com\/nogodsnomasters\/wp-json\/wp\/v2\/types\/product"}],"wp:featuredmedia":[{"embeddable":true,"href":"https:\/\/nogods-nomasters.com\/nogodsnomasters\/wp-json\/wp\/v2\/media\/12396"}],"wp:attachment":[{"href":"https:\/\/nogods-nomasters.com\/nogodsnomasters\/wp-json\/wp\/v2\/media?parent=12395"}],"wp:term":[{"taxonomy":"product_brand","embeddable":true,"href":"https:\/\/nogods-nomasters.com\/nogodsnomasters\/wp-json\/wp\/v2\/product_brand?post=12395"},{"taxonomy":"product_cat","embeddable":true,"href":"https:\/\/nogods-nomasters.com\/nogodsnomasters\/wp-json\/wp\/v2\/product_cat?post=12395"},{"taxonomy":"product_tag","embeddable":true,"href":"https:\/\/nogods-nomasters.com\/nogodsnomasters\/wp-json\/wp\/v2\/product_tag?post=12395"}],"curies":[{"name":"wp","href":"https:\/\/api.w.org\/{rel}","templated":true}]}}