{"id":12475,"date":"2019-11-27T11:32:41","date_gmt":"2019-11-27T11:32:41","guid":{"rendered":"http:\/\/nogods-nomasters.com\/nogodsnomasters\/?post_type=product&#038;p=12475"},"modified":"2025-07-29T19:27:22","modified_gmt":"2025-07-29T19:27:22","slug":"pre-anarquia-sugestoes-praticas-sobre-a-organizacao-da-sociedade-futura","status":"publish","type":"product","link":"https:\/\/nogods-nomasters.com\/nogodsnomasters\/produto\/pre-anarquia-sugestoes-praticas-sobre-a-organizacao-da-sociedade-futura\/","title":{"rendered":"Pr\u00e9-Anarquia : Sugest\u00f5es pr\u00e1ticas sobre a organiza\u00e7\u00e3o da sociedade futura"},"content":{"rendered":"<div style=\"text-align: justify\"><span style=\"font-size: 12pt;font-family: verdana, geneva, sans-serif;color: #333333\">&#8220;Pr\u00e9-Anarquia: Sugest\u00f5es Pr\u00e1ticas Sobre A Organiza\u00e7\u00e3o Da Sociedade Futura&#8221; do anarquista italiano Randolfo Vella.<\/span><\/div>\n<div style=\"text-align: justify\"><span style=\"font-size: 12pt;font-family: verdana, geneva, sans-serif;color: #333333\">&#8220;Abolido o Estado, com seus \u00f3rg\u00e3os repressivos, quem dirigir\u00e1 a vida social? Quem estabelecer\u00e1 as normas para a vida em comum? Quem cuidar\u00e1 da dire\u00e7\u00e3o dos servi\u00e7os p\u00fablicos? Quem obrigar\u00e1 os refrat\u00e1rios ao trabalho? Quem impor\u00e1 o respeito aos bens coletivos? Al\u00e9m disto, com a aboli\u00e7\u00e3o da pol\u00edcia e da magistratura n\u00e3o se encorajar\u00e1 a delinqu\u00eancia pol\u00edtica e comum? Abolido o ex\u00e9rcito, quem defender\u00e1 a nova ordem social dos ataques dos inimigos internos e externos? Abolida a propriedade privada e a moeda, como ser\u00e3o organizadas as novas formas de produ\u00e7\u00e3o e de distribui\u00e7\u00e3o? Todas estas perguntas podem ser reformuladas em uma s\u00f3, qual seja: Abolido o Estado e a propriedade privada, pode tornar-se realidade de um momento para outro e, integralmente, a anarquia?&#8221; # Esse livro pretende responder de forma simples, acess\u00edvel &amp; objetiva todas essas quest\u00f5es. \u2013 Ilustra\u00e7\u00e3o da capa: cart\u00e3o postal da Escola Moderna Racionalista de Clivio (It\u00e1lia), enviado para a reda\u00e7\u00e3o do jornal anarquista A Lanterna de S\u00e3o Paulo, em 1915. <\/span><\/div>\n<div style=\"text-align: justify\"><span style=\"font-size: 12pt;font-family: verdana, geneva, sans-serif;color: #333333\">140 paginas<\/span><\/div>\n","protected":false},"excerpt":{"rendered":"<p>&#8220;Pr\u00e9-Anarquia: Sugest\u00f5es Pr\u00e1ticas Sobre A Organiza\u00e7\u00e3o Da Sociedade Futura&#8221; do anarquista italiano Randolfo Vella. &#8220;Abolido o Estado, com seus \u00f3rg\u00e3os repressivos, quem dirigir\u00e1 a vida social? Quem estabelecer\u00e1 as normas para a vida em comum? Quem cuidar\u00e1 da dire\u00e7\u00e3o dos servi\u00e7os p\u00fablicos? Quem obrigar\u00e1 os refrat\u00e1rios ao trabalho? Quem impor\u00e1 o respeito aos bens coletivos? [&hellip;]<\/p>\n","protected":false},"featured_media":12477,"template":"","meta":{"_et_pb_use_builder":"","_et_pb_old_content":"","_et_gb_content_width":"","jetpack_post_was_ever_published":false,"jetpack_publicize_message":"","jetpack_publicize_feature_enabled":true,"jetpack_social_post_already_shared":true,"jetpack_social_options":{"image_generator_settings":{"template":"highway","default_image_id":0,"font":"","enabled":false},"version":2}},"product_brand":[],"product_cat":[47],"product_tag":[144,988],"class_list":{"0":"post-12475","1":"product","2":"type-product","3":"status-publish","4":"has-post-thumbnail","6":"product_cat-livros","7":"product_tag-anarquismo","8":"product_tag-pre-anarquia","10":"first","11":"instock","12":"shipping-taxable","13":"purchasable","14":"product-type-simple"},"jetpack_publicize_connections":[],"jetpack_sharing_enabled":true,"jetpack-related-posts":[],"_links":{"self":[{"href":"https:\/\/nogods-nomasters.com\/nogodsnomasters\/wp-json\/wp\/v2\/product\/12475","targetHints":{"allow":["GET"]}}],"collection":[{"href":"https:\/\/nogods-nomasters.com\/nogodsnomasters\/wp-json\/wp\/v2\/product"}],"about":[{"href":"https:\/\/nogods-nomasters.com\/nogodsnomasters\/wp-json\/wp\/v2\/types\/product"}],"wp:featuredmedia":[{"embeddable":true,"href":"https:\/\/nogods-nomasters.com\/nogodsnomasters\/wp-json\/wp\/v2\/media\/12477"}],"wp:attachment":[{"href":"https:\/\/nogods-nomasters.com\/nogodsnomasters\/wp-json\/wp\/v2\/media?parent=12475"}],"wp:term":[{"taxonomy":"product_brand","embeddable":true,"href":"https:\/\/nogods-nomasters.com\/nogodsnomasters\/wp-json\/wp\/v2\/product_brand?post=12475"},{"taxonomy":"product_cat","embeddable":true,"href":"https:\/\/nogods-nomasters.com\/nogodsnomasters\/wp-json\/wp\/v2\/product_cat?post=12475"},{"taxonomy":"product_tag","embeddable":true,"href":"https:\/\/nogods-nomasters.com\/nogodsnomasters\/wp-json\/wp\/v2\/product_tag?post=12475"}],"curies":[{"name":"wp","href":"https:\/\/api.w.org\/{rel}","templated":true}]}}