{"id":16966,"date":"2021-05-30T15:43:14","date_gmt":"2021-05-30T15:43:14","guid":{"rendered":"https:\/\/nogods-nomasters.com\/nogodsnomasters\/?post_type=product&#038;p=16966"},"modified":"2025-08-12T21:17:21","modified_gmt":"2025-08-12T21:17:21","slug":"versao-limitada-karne-krua-suicidio-7-ep","status":"publish","type":"product","link":"https:\/\/nogods-nomasters.com\/nogodsnomasters\/produto\/versao-limitada-karne-krua-suicidio-7-ep\/","title":{"rendered":"[vers\u00e3o limitada] Karne Krua &#8211; Suic\u00eddio 7&#8243; EP (NGNM 022)"},"content":{"rendered":"<div style=\"text-align: justify;\">\n<div><span style=\"font-family: verdana, geneva, sans-serif; color: #000000;\">O punk surgiu no Brasil como uma revolta espont\u00e2nea, uma explos\u00e3o juvenil imposs\u00edvel de ser contida ou controlada. Em cada regi\u00e3o, deste imenso pa\u00eds, surgiu de acordo \u00e0 sua realidade, ora ligado a revoltas por liberdade, ora ligado a luta por sobreviv\u00eancia, ora ligado a estes dois objetivos, liberdade e sobreviv\u00eancia.<\/span><\/div>\n<div><span style=\"font-family: verdana, geneva, sans-serif; color: #000000;\">No nordeste do Brasil, o punk explodiu, longe dos holofotes at\u00e9 hoje, e sempre muito verdadeiro, cotidiano.<\/span><\/div>\n<div><span style=\"font-family: verdana, geneva, sans-serif; color: #000000;\">Formada em 1985, na cidade de Aracaju, Karne Krua \u00e9 um exemplo vivo disto. Formada por punks, por pessoas que sempre estiveram ativas dentro desta movimenta\u00e7\u00e3o e que construiram e constroem at\u00e9 hoje o punk em sua cidade.<\/span><\/div>\n<div><span style=\"font-family: verdana, geneva, sans-serif; color: #000000;\">Suic\u00eddio \u00e9 uma das suas primeiras demo tapes, e um conjunto de m\u00fasicas que tornaram a Karne Krua ainda mais conhecida no come\u00e7o dos anos 90, quando as pessoas trocavam fitas k7 enviadas em cartas para todo o mundo.<\/span><\/div>\n<div><span style=\"font-family: verdana, geneva, sans-serif; color: #000000;\">Suic\u00eddio, 30 anos depois de seu lan\u00e7amento em k7,\u00a0 ganha masteriza\u00e7\u00e3o e uma vers\u00e3o em vinil.<\/span><\/div>\n<div><span style=\"font-family: verdana, geneva, sans-serif; color: #000000;\">Nesta edi\u00e7\u00e3o limitada, a arte remete a arte original, somada a textos escritos por pessoas que acompanharam a hist\u00f3ria da Karne Krua, algumas fotos e artes da \u00e9poca, em um encarte exclusivo. As m\u00fasicas s\u00e3o os cl\u00e1ssicos da Karne Krua, gravados na \u00e9poca.<\/span><\/div>\n<p><span style=\"font-family: verdana, geneva, sans-serif; color: #000000;\">O sangue nordestino, punk, corre pelo corpo com muita intensidade.<\/span><\/p>\n<\/div>\n<p><iframe loading=\"lazy\" title=\"YouTube video player\" src=\"https:\/\/www.youtube.com\/embed\/vKUUYfJZu2U\" width=\"560\" height=\"315\" frameborder=\"0\" allowfullscreen=\"allowfullscreen\"><\/iframe><\/p>\n","protected":false},"excerpt":{"rendered":"<p style=\"text-align: justify;\"><span style=\"font-family: verdana, geneva, sans-serif; color: #000000;\">Nesta edi\u00e7\u00e3o limitada, a arte remete a arte original, somada a textos escritos por pessoas que acompanharam a hist\u00f3ria da Karne Krua, algumas fotos e artes da \u00e9poca, em um encarte exclusivo.<\/span><\/p>\n","protected":false},"featured_media":16967,"template":"","meta":{"_et_pb_use_builder":"","_et_pb_old_content":"","_et_gb_content_width":"","jetpack_post_was_ever_published":false,"jetpack_publicize_message":"","jetpack_publicize_feature_enabled":true,"jetpack_social_post_already_shared":true,"jetpack_social_options":{"image_generator_settings":{"template":"highway","default_image_id":0,"font":"","enabled":false},"version":2}},"product_brand":[],"product_cat":[46,63,1133,53,59],"product_tag":[377,1064],"class_list":{"0":"post-16966","1":"product","2":"type-product","3":"status-publish","4":"has-post-thumbnail","6":"product_cat-discos","7":"product_cat-ep","8":"product_cat-oferta","9":"product_cat-nossoslancamentos","10":"product_cat-vinil","11":"product_tag-karne-krua","12":"product_tag-suicidio","14":"first","15":"instock","16":"sale","17":"shipping-taxable","18":"purchasable","19":"product-type-simple"},"jetpack_publicize_connections":[],"jetpack_sharing_enabled":true,"jetpack-related-posts":[],"_links":{"self":[{"href":"https:\/\/nogods-nomasters.com\/nogodsnomasters\/wp-json\/wp\/v2\/product\/16966","targetHints":{"allow":["GET"]}}],"collection":[{"href":"https:\/\/nogods-nomasters.com\/nogodsnomasters\/wp-json\/wp\/v2\/product"}],"about":[{"href":"https:\/\/nogods-nomasters.com\/nogodsnomasters\/wp-json\/wp\/v2\/types\/product"}],"wp:featuredmedia":[{"embeddable":true,"href":"https:\/\/nogods-nomasters.com\/nogodsnomasters\/wp-json\/wp\/v2\/media\/16967"}],"wp:attachment":[{"href":"https:\/\/nogods-nomasters.com\/nogodsnomasters\/wp-json\/wp\/v2\/media?parent=16966"}],"wp:term":[{"taxonomy":"product_brand","embeddable":true,"href":"https:\/\/nogods-nomasters.com\/nogodsnomasters\/wp-json\/wp\/v2\/product_brand?post=16966"},{"taxonomy":"product_cat","embeddable":true,"href":"https:\/\/nogods-nomasters.com\/nogodsnomasters\/wp-json\/wp\/v2\/product_cat?post=16966"},{"taxonomy":"product_tag","embeddable":true,"href":"https:\/\/nogods-nomasters.com\/nogodsnomasters\/wp-json\/wp\/v2\/product_tag?post=16966"}],"curies":[{"name":"wp","href":"https:\/\/api.w.org\/{rel}","templated":true}]}}