{"id":17029,"date":"2021-07-08T20:53:00","date_gmt":"2021-07-08T20:53:00","guid":{"rendered":"https:\/\/nogods-nomasters.com\/nogodsnomasters\/?post_type=product&#038;p=17029"},"modified":"2025-12-11T01:51:24","modified_gmt":"2025-12-11T01:51:24","slug":"in-venus-sintoma-lp","status":"publish","type":"product","link":"https:\/\/nogods-nomasters.com\/nogodsnomasters\/produto\/in-venus-sintoma-lp\/","title":{"rendered":"In Venus &#8211; Sintoma LP (NGNM 020)"},"content":{"rendered":"<p><span style=\"color: #000000;\"><span style=\"font-family: verdana, geneva, sans-serif; font-size: 10pt;\">Primeiras c\u00f3pias com poster exclusivo confeccionado pela Coletiva Formas. <\/span><span style=\"font-family: verdana, geneva, sans-serif; font-size: 10pt;\">Vinil transparente 180 gramas.<\/span><\/span><br \/>\n<span style=\"font-family: verdana, geneva, sans-serif; color: #000000; font-size: 10pt;\">Parte do valor da pr\u00e9 venda ser\u00e1 destinado ao Projeto Viv\u00eancia na Aldeia.<\/span><\/p>\n<p style=\"text-align: justify;\"><span style=\"font-size: 10pt; font-family: verdana, geneva, sans-serif; color: #000000;\">Formada em S\u00e3o Paulo em 2015, a banda de post-punk In Venus apresenta um mosaico de ritmos e sonoridades que se somam e complementam \u00e0s letras cr\u00edticas ao contexto geopol\u00edtico contempor\u00e2neo. Atualmente a In Venus \u00e9 composta por Cint Murphy (voz e teclado), Duda Jiu (bateria), Rodrigo Lima (guitarra) e Patricia Saltara (baixo). Em 2016, lan\u00e7ou o single \u201cMother Nature\u201d. Em 2017 divulgou seu segundo single, \u201cYouth Generation\u201d, e no mesmo ano estreou o debut \u00e1lbum Ru\u00edna, produzido por Lucas Lippaus e gravado no Est\u00fadio Aurora, em S\u00e3o Paulo. Em 2018 lan\u00e7ou o EP Refluxo, produzido por Desir\u00e9e Marantes e gravado no T-Recs, est\u00fadio do selo H\u00e9rnia de Discos, com direito a show de lan\u00e7amento no teatro do Sesc Belenzinho. Em 2019 a banda se afastou dos palcos para entrar em processo de composi\u00e7\u00e3o de um novo \u00e1lbum, fazendo poucos shows dos quais se destacam apresenta\u00e7\u00f5es no CCJ (Centro Cultural da Juventude) e festival Minas No Front, do Sesc Pomp\u00e9ia. Em 2020, a banda apresentou o primeiro single intitulado \u201cAnsiedade\u201d. Em 2021 lan\u00e7a o \u00e1lbum &#8220;Sintoma&#8221;, produzido por Mari Crestani, captado por Helena Duarte no est\u00fadio Mestre Felino, mixado por Malka Julieta e masterizado por Luis Tissot.<\/span><\/p>\n<p style=\"text-align: justify;\"><span style=\"font-size: 10pt; font-family: verdana, geneva, sans-serif; color: #000000;\">\u201cSintoma\u201d vem com 10 m\u00fasicas em um vinil de 180g, com uma sonoridade \u00fanica, empolgante e inspiradora. Sua capa e encarte estilo poster (60x60cm) foram pensados e criados pela Coletiva Formas constitu\u00edda por Adriana Latorre, Brunella Martina, Camila Visentainer, Erikat, Filipa Aur\u00e9lio, Thais Lopes e Thamu Candylust.<\/span><\/p>\n<p style=\"text-align: justify;\"><span style=\"font-size: 10pt; font-family: verdana, geneva, sans-serif; color: #000000;\">Nos discos comprados na pr\u00e9 venda, ter\u00e1 um poster exclusivo (30x90cm) montado por Erikat e Rodrigo Lima interferindo em artes criadas pela Coletiva Formas. Um disco feito de forma coletiva, se permitindo captar al\u00e9m das 4 pessoas que tocam seus instrumentos, somando anseios e perspetivas.<\/span><\/p>\n<p><span style=\"font-family: verdana, geneva, sans-serif; color: #000000;\"><strong>POSTER EXCLUSIVO DA PR\u00c9 VENDA<\/strong><\/span><\/p>\n<p><span style=\"color: #000000;\"><img loading=\"lazy\" decoding=\"async\" data-attachment-id=\"16658\" data-permalink=\"https:\/\/nogods-nomasters.com\/nogodsnomasters\/?attachment_id=16658\" data-orig-file=\"https:\/\/nogods-nomasters.com\/nogodsnomasters\/wp-content\/uploads\/2020\/11\/poster-prevenda_v2-scaled.jpg\" data-orig-size=\"2560,826\" data-comments-opened=\"0\" data-image-meta=\"{&quot;aperture&quot;:&quot;0&quot;,&quot;credit&quot;:&quot;&quot;,&quot;camera&quot;:&quot;&quot;,&quot;caption&quot;:&quot;&quot;,&quot;created_timestamp&quot;:&quot;0&quot;,&quot;copyright&quot;:&quot;&quot;,&quot;focal_length&quot;:&quot;0&quot;,&quot;iso&quot;:&quot;0&quot;,&quot;shutter_speed&quot;:&quot;0&quot;,&quot;title&quot;:&quot;&quot;,&quot;orientation&quot;:&quot;0&quot;}\" data-image-title=\"poster-prevenda_v2\" data-image-description=\"\" data-image-caption=\"\" data-medium-file=\"https:\/\/nogods-nomasters.com\/nogodsnomasters\/wp-content\/uploads\/2020\/11\/poster-prevenda_v2-300x97.jpg\" data-large-file=\"https:\/\/nogods-nomasters.com\/nogodsnomasters\/wp-content\/uploads\/2020\/11\/poster-prevenda_v2-1500x555.jpg\" class=\"aligncenter size-full wp-image-16658\" src=\"http:\/\/nogods-nomasters.com\/nogodsnomasters\/wp-content\/uploads\/2020\/11\/poster-prevenda_v2.jpg\" alt=\"\" width=\"3515\" height=\"1134\" \/><\/span><\/p>\n<span class=\"embed-youtube\" style=\"text-align:center; display: block;\"><iframe loading=\"lazy\" class=\"youtube-player\" width=\"1080\" height=\"608\" src=\"https:\/\/www.youtube.com\/embed\/RQM3gHEr-yg?version=3&#038;rel=1&#038;showsearch=0&#038;showinfo=1&#038;iv_load_policy=1&#038;fs=1&#038;hl=pt-BR&#038;autohide=2&#038;wmode=transparent\" allowfullscreen=\"true\" style=\"border:0;\" sandbox=\"allow-scripts allow-same-origin allow-popups allow-presentation allow-popups-to-escape-sandbox\"><\/iframe><\/span>\n","protected":false},"excerpt":{"rendered":"<p><span style=\"font-family: verdana, geneva, sans-serif; font-size: 10pt; color: #000000;\">\u201cSintoma\u201d vem com 10 m\u00fasicas em um vinil transparente de 180g, com uma sonoridade \u00fanica, empolgante e inspiradora. Capa e encarte estilo poster (60x60cm). Acompanha poster exclusivo somente na pr\u00e9 venda ( 30x90cm)<\/span><\/p>\n","protected":false},"featured_media":16659,"template":"","meta":{"_et_pb_use_builder":"on","_et_pb_old_content":"<span style=\"color: #000000;\"><span style=\"font-family: verdana, geneva, sans-serif; font-size: 10pt;\">Primeiras c\u00f3pias com poster exclusivo confeccionado pela Coletiva Formas. <\/span><span style=\"font-family: verdana, geneva, sans-serif; font-size: 10pt;\">Vinil transparente 180 gramas.<\/span><\/span>\r\n<span style=\"font-family: verdana, geneva, sans-serif; color: #000000; font-size: 10pt;\">Parte do valor da pr\u00e9 venda ser\u00e1 destinado ao Projeto Viv\u00eancia na Aldeia.<\/span>\r\n<p style=\"text-align: justify;\"><span style=\"font-size: 10pt; font-family: verdana, geneva, sans-serif; color: #000000;\">Formada em S\u00e3o Paulo em 2015, a banda de post-punk In Venus apresenta um mosaico de ritmos e sonoridades que se somam e complementam \u00e0s letras cr\u00edticas ao contexto geopol\u00edtico contempor\u00e2neo. Atualmente a In Venus \u00e9 composta por Cint Murphy (voz e teclado), Duda Jiu (bateria), Rodrigo Lima (guitarra) e Patricia Saltara (baixo). Em 2016, lan\u00e7ou o single \u201cMother Nature\u201d. Em 2017 divulgou seu segundo single, \u201cYouth Generation\u201d, e no mesmo ano estreou o debut \u00e1lbum Ru\u00edna, produzido por Lucas Lippaus e gravado no Est\u00fadio Aurora, em S\u00e3o Paulo. Em 2018 lan\u00e7ou o EP Refluxo, produzido por Desir\u00e9e Marantes e gravado no T-Recs, est\u00fadio do selo H\u00e9rnia de Discos, com direito a show de lan\u00e7amento no teatro do Sesc Belenzinho. Em 2019 a banda se afastou dos palcos para entrar em processo de composi\u00e7\u00e3o de um novo \u00e1lbum, fazendo poucos shows dos quais se destacam apresenta\u00e7\u00f5es no CCJ (Centro Cultural da Juventude) e festival Minas No Front, do Sesc Pomp\u00e9ia. Em 2020, a banda apresentou o primeiro single intitulado \u201cAnsiedade\u201d. Em 2021 lan\u00e7a o \u00e1lbum \"Sintoma\", produzido por Mari Crestani, captado por Helena Duarte no est\u00fadio Mestre Felino, mixado por Malka Julieta e masterizado por Luis Tissot.<\/span><\/p>\r\n<p style=\"text-align: justify;\"><span style=\"font-size: 10pt; font-family: verdana, geneva, sans-serif; color: #000000;\">\u201cSintoma\u201d vem com 10 m\u00fasicas em um vinil de 180g, com uma sonoridade \u00fanica, empolgante e inspiradora. Sua capa e encarte estilo poster (60x60cm) foram pensados e criados pela Coletiva Formas constitu\u00edda por Adriana Latorre, Brunella Martina, Camila Visentainer, Erikat, Filipa Aur\u00e9lio, Thais Lopes e Thamu Candylust.<\/span><\/p>\r\n<p style=\"text-align: justify;\"><span style=\"font-size: 10pt; font-family: verdana, geneva, sans-serif; color: #000000;\">Nos discos comprados na pr\u00e9 venda, ter\u00e1 um poster exclusivo (30x90cm) montado por Erikat e Rodrigo Lima interferindo em artes criadas pela Coletiva Formas. Um disco feito de forma coletiva, se permitindo captar al\u00e9m das 4 pessoas que tocam seus instrumentos, somando anseios e perspetivas.<\/span><\/p>\r\n<span style=\"font-family: verdana, geneva, sans-serif; color: #000000;\"><strong>POSTER EXCLUSIVO DA PR\u00c9 VENDA<\/strong><\/span>\r\n\r\n<span style=\"color: #000000;\"><img class=\"aligncenter size-full wp-image-16658\" src=\"http:\/\/nogods-nomasters.com\/nogodsnomasters\/wp-content\/uploads\/2020\/11\/poster-prevenda_v2.jpg\" alt=\"\" width=\"3515\" height=\"1134\" \/><\/span>\r\n\r\n[youtube https:\/\/www.youtube.com\/watch?v=RQM3gHEr-yg]","_et_gb_content_width":"","jetpack_post_was_ever_published":false,"jetpack_publicize_message":"","jetpack_publicize_feature_enabled":true,"jetpack_social_post_already_shared":true,"jetpack_social_options":{"image_generator_settings":{"template":"highway","default_image_id":0,"font":"","enabled":false},"version":2}},"product_brand":[],"product_cat":[46,61,1133,53,59],"product_tag":[1041,1042],"class_list":{"0":"post-17029","1":"product","2":"type-product","3":"status-publish","4":"has-post-thumbnail","6":"product_cat-discos","7":"product_cat-lp","8":"product_cat-oferta","9":"product_cat-nossoslancamentos","10":"product_cat-vinil","11":"product_tag-in-venus","12":"product_tag-sintoma","14":"first","15":"instock","16":"sale","17":"shipping-taxable","18":"purchasable","19":"product-type-simple"},"jetpack_publicize_connections":[],"jetpack_sharing_enabled":true,"jetpack-related-posts":[],"_links":{"self":[{"href":"https:\/\/nogods-nomasters.com\/nogodsnomasters\/wp-json\/wp\/v2\/product\/17029","targetHints":{"allow":["GET"]}}],"collection":[{"href":"https:\/\/nogods-nomasters.com\/nogodsnomasters\/wp-json\/wp\/v2\/product"}],"about":[{"href":"https:\/\/nogods-nomasters.com\/nogodsnomasters\/wp-json\/wp\/v2\/types\/product"}],"wp:featuredmedia":[{"embeddable":true,"href":"https:\/\/nogods-nomasters.com\/nogodsnomasters\/wp-json\/wp\/v2\/media\/16659"}],"wp:attachment":[{"href":"https:\/\/nogods-nomasters.com\/nogodsnomasters\/wp-json\/wp\/v2\/media?parent=17029"}],"wp:term":[{"taxonomy":"product_brand","embeddable":true,"href":"https:\/\/nogods-nomasters.com\/nogodsnomasters\/wp-json\/wp\/v2\/product_brand?post=17029"},{"taxonomy":"product_cat","embeddable":true,"href":"https:\/\/nogods-nomasters.com\/nogodsnomasters\/wp-json\/wp\/v2\/product_cat?post=17029"},{"taxonomy":"product_tag","embeddable":true,"href":"https:\/\/nogods-nomasters.com\/nogodsnomasters\/wp-json\/wp\/v2\/product_tag?post=17029"}],"curies":[{"name":"wp","href":"https:\/\/api.w.org\/{rel}","templated":true}]}}