{"id":17069,"date":"2021-08-23T17:41:11","date_gmt":"2021-08-23T17:41:11","guid":{"rendered":"https:\/\/nogods-nomasters.com\/nogodsnomasters\/?post_type=product&#038;p=17069"},"modified":"2025-08-12T21:16:44","modified_gmt":"2025-08-12T21:16:44","slug":"columna-las-cosas-que-perdemos-lp","status":"publish","type":"product","link":"https:\/\/nogods-nomasters.com\/nogodsnomasters\/produto\/columna-las-cosas-que-perdemos-lp\/","title":{"rendered":"COLUMNA &#8211; Las Cosas Que Perdemos LP"},"content":{"rendered":"<p style=\"text-align: justify;\"><span style=\"font-size: 12pt; font-family: verdana, geneva, sans-serif; color: #000000;\">A Espanha tem alguns grupos de punk rock que sempre chamam bastante a aten\u00e7\u00e3o e Columna \u00e9 uma delas. Formada em Zaragoza por pessoas de bandas como Estigia, Necesidad de Luchar e Warsong, Columna traz um punk rock apaixonante e cheio de melodias.<\/span><\/p>\n<p style=\"text-align: justify;\"><span style=\"font-size: 12pt; font-family: verdana, geneva, sans-serif; color: #000000;\">Este \u00e9 o primeiro disco da banda, em um vinil marrom splater, com m\u00fasicas empolgantes, \u00f3timas melodias de voz em um punk rock inspirador.<\/span><\/p>\n<p><iframe style=\"border: 0; width: 100%; height: 120px;\" src=\"https:\/\/bandcamp.com\/EmbeddedPlayer\/album=2840879603\/size=large\/bgcol=ffffff\/linkcol=0687f5\/tracklist=false\/artwork=small\/transparent=true\/\" seamless=\"\"><a href=\"https:\/\/sabotagerecords.bandcamp.com\/album\/columna-la-cosas-que-perdemos-12\">COLUMNA \u2013 LA COSAS QUE PERDEMOS 12&#8221; by sabotagerecords<\/a><\/iframe><\/p>\n","protected":false},"excerpt":{"rendered":"<p>A Espanha tem alguns grupos de punk rock que sempre chamam bastante a aten\u00e7\u00e3o e Columna \u00e9 uma delas. Formada em Zaragoza por pessoas de bandas como Estigia, Necesidad de Luchar e Warsong, Columna traz um punk rock apaixonante e cheio de melodias. Este \u00e9 o primeiro disco da banda, em um vinil marrom splater, [&hellip;]<\/p>\n","protected":false},"featured_media":17070,"template":"","meta":{"_et_pb_use_builder":"","_et_pb_old_content":"","_et_gb_content_width":"","jetpack_post_was_ever_published":false,"jetpack_publicize_message":"","jetpack_publicize_feature_enabled":true,"jetpack_social_post_already_shared":true,"jetpack_social_options":{"image_generator_settings":{"template":"highway","default_image_id":0,"font":"","enabled":false},"version":2}},"product_brand":[],"product_cat":[46,61,59],"product_tag":[1071,1072,65],"class_list":{"0":"post-17069","1":"product","2":"type-product","3":"status-publish","4":"has-post-thumbnail","6":"product_cat-discos","7":"product_cat-lp","8":"product_cat-vinil","9":"product_tag-columna","10":"product_tag-espanha","11":"product_tag-punk-rock","13":"first","14":"instock","15":"shipping-taxable","16":"purchasable","17":"product-type-simple"},"jetpack_publicize_connections":[],"jetpack_sharing_enabled":true,"jetpack-related-posts":[],"_links":{"self":[{"href":"https:\/\/nogods-nomasters.com\/nogodsnomasters\/wp-json\/wp\/v2\/product\/17069","targetHints":{"allow":["GET"]}}],"collection":[{"href":"https:\/\/nogods-nomasters.com\/nogodsnomasters\/wp-json\/wp\/v2\/product"}],"about":[{"href":"https:\/\/nogods-nomasters.com\/nogodsnomasters\/wp-json\/wp\/v2\/types\/product"}],"wp:featuredmedia":[{"embeddable":true,"href":"https:\/\/nogods-nomasters.com\/nogodsnomasters\/wp-json\/wp\/v2\/media\/17070"}],"wp:attachment":[{"href":"https:\/\/nogods-nomasters.com\/nogodsnomasters\/wp-json\/wp\/v2\/media?parent=17069"}],"wp:term":[{"taxonomy":"product_brand","embeddable":true,"href":"https:\/\/nogods-nomasters.com\/nogodsnomasters\/wp-json\/wp\/v2\/product_brand?post=17069"},{"taxonomy":"product_cat","embeddable":true,"href":"https:\/\/nogods-nomasters.com\/nogodsnomasters\/wp-json\/wp\/v2\/product_cat?post=17069"},{"taxonomy":"product_tag","embeddable":true,"href":"https:\/\/nogods-nomasters.com\/nogodsnomasters\/wp-json\/wp\/v2\/product_tag?post=17069"}],"curies":[{"name":"wp","href":"https:\/\/api.w.org\/{rel}","templated":true}]}}