{"id":17118,"date":"2021-09-21T17:59:50","date_gmt":"2021-09-21T17:59:50","guid":{"rendered":"https:\/\/nogods-nomasters.com\/nogodsnomasters\/?post_type=product&#038;p=17118"},"modified":"2024-01-30T15:03:29","modified_gmt":"2024-01-30T15:03:29","slug":"um-pouco-de-ar-por-favor-george-orwell","status":"publish","type":"product","link":"https:\/\/nogods-nomasters.com\/nogodsnomasters\/produto\/um-pouco-de-ar-por-favor-george-orwell\/","title":{"rendered":"Um pouco de ar, por favor! &#8211; George Orwell"},"content":{"rendered":"<p style=\"text-align: justify;\"><span style=\"font-family: verdana, geneva, sans-serif; color: #000000; font-size: 12pt;\">Um dos livros em prosa mais amargos de Orwell,\u00a0<strong>Um pouco de ar, por favor<\/strong>! j\u00e1 demonstra a maturidade do autor na escrita. Esta obra antecede A revolu\u00e7\u00e3o dos bichos e retrata fortemente a ideologia de Blair, nome real de\u00a0<strong>George Orwell<\/strong>, durante o pr\u00e9-guerra, cujas emo\u00e7\u00f5es e ansiedades sobressa\u00edam-se em rela\u00e7\u00e3o aos fatos da \u00e9poca. O protagonista, George Bowling, supostamente um alter ego do autor, \u00e9 um vendedor de seguros, que ap\u00f3s receber um dinheiro inesperado, resolve revisitar lugares importantes para sua inf\u00e2ncia. No entanto, uma pr\u00e9via da Grande Guerra que estava por vir j\u00e1 havia passado por l\u00e1 e bombardeado o vilarejo de que se lembrava.<\/span><\/p>\n<p><span style=\"color: #000000; font-family: verdana, geneva, sans-serif;\">198 p\u00e1ginas. Em portugu\u00eas<\/span><\/p>\n","protected":false},"excerpt":{"rendered":"<p>Um dos livros em prosa mais amargos de Orwell,\u00a0Um pouco de ar, por favor! j\u00e1 demonstra a maturidade do autor na escrita. Esta obra antecede A revolu\u00e7\u00e3o dos bichos e retrata fortemente a ideologia de Blair, nome real de\u00a0George Orwell, durante o pr\u00e9-guerra, cujas emo\u00e7\u00f5es e ansiedades sobressa\u00edam-se em rela\u00e7\u00e3o aos fatos da \u00e9poca. O [&hellip;]<\/p>\n","protected":false},"featured_media":17123,"template":"","meta":{"_et_pb_use_builder":"","_et_pb_old_content":"","_et_gb_content_width":"","jetpack_post_was_ever_published":false,"jetpack_publicize_message":"","jetpack_publicize_feature_enabled":true,"jetpack_social_post_already_shared":true,"jetpack_social_options":{"image_generator_settings":{"template":"highway","default_image_id":0,"font":"","enabled":false},"version":2}},"product_brand":[],"product_cat":[47],"product_tag":[1078,1077],"class_list":{"0":"post-17118","1":"product","2":"type-product","3":"status-publish","4":"has-post-thumbnail","6":"product_cat-livros","7":"product_tag-george-orwell","8":"product_tag-um-pouco-de-ar-por-favor","10":"first","11":"instock","12":"shipping-taxable","13":"purchasable","14":"product-type-simple"},"jetpack_publicize_connections":[],"jetpack_sharing_enabled":true,"jetpack-related-posts":[],"_links":{"self":[{"href":"https:\/\/nogods-nomasters.com\/nogodsnomasters\/wp-json\/wp\/v2\/product\/17118","targetHints":{"allow":["GET"]}}],"collection":[{"href":"https:\/\/nogods-nomasters.com\/nogodsnomasters\/wp-json\/wp\/v2\/product"}],"about":[{"href":"https:\/\/nogods-nomasters.com\/nogodsnomasters\/wp-json\/wp\/v2\/types\/product"}],"wp:featuredmedia":[{"embeddable":true,"href":"https:\/\/nogods-nomasters.com\/nogodsnomasters\/wp-json\/wp\/v2\/media\/17123"}],"wp:attachment":[{"href":"https:\/\/nogods-nomasters.com\/nogodsnomasters\/wp-json\/wp\/v2\/media?parent=17118"}],"wp:term":[{"taxonomy":"product_brand","embeddable":true,"href":"https:\/\/nogods-nomasters.com\/nogodsnomasters\/wp-json\/wp\/v2\/product_brand?post=17118"},{"taxonomy":"product_cat","embeddable":true,"href":"https:\/\/nogods-nomasters.com\/nogodsnomasters\/wp-json\/wp\/v2\/product_cat?post=17118"},{"taxonomy":"product_tag","embeddable":true,"href":"https:\/\/nogods-nomasters.com\/nogodsnomasters\/wp-json\/wp\/v2\/product_tag?post=17118"}],"curies":[{"name":"wp","href":"https:\/\/api.w.org\/{rel}","templated":true}]}}