{"id":17126,"date":"2021-09-21T18:14:00","date_gmt":"2021-09-21T18:14:00","guid":{"rendered":"https:\/\/nogods-nomasters.com\/nogodsnomasters\/?post_type=product&#038;p=17126"},"modified":"2025-11-25T15:09:22","modified_gmt":"2025-11-25T15:09:22","slug":"a-revolucao-dos-bichos-george-orwell","status":"publish","type":"product","link":"https:\/\/nogods-nomasters.com\/nogodsnomasters\/produto\/a-revolucao-dos-bichos-george-orwell\/","title":{"rendered":"A revolu\u00e7\u00e3o dos bichos &#8211; George Orwell"},"content":{"rendered":"<p style=\"text-align: justify;\"><span style=\"font-size: 12pt; font-family: verdana, geneva, sans-serif; color: #000000;\">Verdadeiro cl\u00e1ssico moderno, concebido por um dos mais influentes escritores do s\u00e9culo XX, <i>A revolu\u00e7\u00e3o dos bichos<\/i> \u00e9 uma f\u00e1bula sobre o poder. Narra a insurrei\u00e7\u00e3o dos animais de uma granja contra seus donos. Progressivamente, por\u00e9m, a revolu\u00e7\u00e3o degenera numa tirania ainda mais opressiva que a dos humanos.<\/span><br \/>\n<span style=\"font-size: 12pt; font-family: verdana, geneva, sans-serif; color: #000000;\">Escrita em plena Segunda Guerra Mundial e publicada em 1945 depois de ter sido rejeitada por v\u00e1rias editoras, essa pequena narrativa causou desconforto ao satirizar ferozmente a ditadura stalinista numa \u00e9poca em que os sovi\u00e9ticos ainda eram aliados do Ocidente na luta contra o eixo nazifascista. De fato, s\u00e3o claras as refer\u00eancias: o desp\u00f3tico Napole\u00e3o seria St\u00e1lin, o banido Bola-de-Neve seria Trotsky, e os eventos pol\u00edticos &#8211; expurgos, institui\u00e7\u00e3o de um estado policial, deturpa\u00e7\u00e3o tendenciosa da Hist\u00f3ria &#8211; mimetizam os que estavam em curso na Uni\u00e3o Sovi\u00e9tica. Com o acirramento da Guerra Fria, as mesmas raz\u00f5es que causaram constrangimento na \u00e9poca de sua publica\u00e7\u00e3o levaram <i>A revolu\u00e7\u00e3o dos bichos<\/i> a ser amplamente usada pelo Ocidente nas d\u00e9cadas seguintes como arma ideol\u00f3gica contra o comunismo. O pr\u00f3prio Orwell, adepto do socialismo e inimigo de qualquer forma de manipula\u00e7\u00e3o pol\u00edtica, sentiu-se incomodado com a utiliza\u00e7\u00e3o de sua f\u00e1bula como panfleto. Depois das profundas transforma\u00e7\u00f5es pol\u00edticas que mudaram a fisionomia do planeta nas \u00faltimas d\u00e9cadas, a pequena obra-prima de Orwell pode ser vista sem o vi\u00e9s ideol\u00f3gico reducionista. Mais de sessenta anos depois de escrita, ela mant\u00e9m o vi\u00e7o e o brilho de uma alegoria perene sobre as fraquezas humanas que levam \u00e0 corros\u00e3o dos grandes projetos de revolu\u00e7\u00e3o pol\u00edtica. \u00c9 ir\u00f4nico que o escritor, para fazer esse retrato cruel da humanidade, tenha recorrido aos animais como personagens. De certo modo, a intelig\u00eancia pol\u00edtica que humaniza seus bichos \u00e9 a mesma que animaliza os homens. Escrito com perfeito dom\u00ednio da narrativa, aten\u00e7\u00e3o \u00e0s min\u00facias e extraordin\u00e1ria capacidade de cria\u00e7\u00e3o de personagens e situa\u00e7\u00f5es, <i>A revolu\u00e7\u00e3o dos bichos<\/i> combina de maneira feliz duas ricas tradi\u00e7\u00f5es liter\u00e1rias: a das f\u00e1bulas morais, que remontam a Esopo, e a da s\u00e1tira pol\u00edtica, que teve talvez em Jonathan Swift seu representante m\u00e1ximo. &#8220;A melhor s\u00e1tira j\u00e1 escrita sobre a face negra da hist\u00f3ria moderna.&#8221; Malcolm Bradbury &#8220;Um livro para todos os tipos de leitor, seu brilho ainda intacto depois de sessenta anos.&#8221; Ruth Rendell<\/span><\/p>\n","protected":false},"excerpt":{"rendered":"<p>Verdadeiro cl\u00e1ssico moderno, concebido por um dos mais influentes escritores do s\u00e9culo XX, A revolu\u00e7\u00e3o dos bichos \u00e9 uma f\u00e1bula sobre o poder. Narra a insurrei\u00e7\u00e3o dos animais de uma granja contra seus donos. Progressivamente, por\u00e9m, a revolu\u00e7\u00e3o degenera numa tirania ainda mais opressiva que a dos humanos. Escrita em plena Segunda Guerra Mundial e [&hellip;]<\/p>\n","protected":false},"featured_media":17122,"template":"","meta":{"_et_pb_use_builder":"","_et_pb_old_content":"","_et_gb_content_width":"","jetpack_post_was_ever_published":false,"jetpack_publicize_message":"","jetpack_publicize_feature_enabled":true,"jetpack_social_post_already_shared":true,"jetpack_social_options":{"image_generator_settings":{"template":"highway","default_image_id":0,"font":"","enabled":false},"version":2}},"product_brand":[],"product_cat":[47],"product_tag":[1078,1081],"class_list":{"0":"post-17126","1":"product","2":"type-product","3":"status-publish","4":"has-post-thumbnail","6":"product_cat-livros","7":"product_tag-george-orwell","8":"product_tag-revolucao-dos-bichos","10":"first","11":"instock","12":"shipping-taxable","13":"purchasable","14":"product-type-simple"},"jetpack_publicize_connections":[],"jetpack_sharing_enabled":true,"jetpack-related-posts":[],"_links":{"self":[{"href":"https:\/\/nogods-nomasters.com\/nogodsnomasters\/wp-json\/wp\/v2\/product\/17126","targetHints":{"allow":["GET"]}}],"collection":[{"href":"https:\/\/nogods-nomasters.com\/nogodsnomasters\/wp-json\/wp\/v2\/product"}],"about":[{"href":"https:\/\/nogods-nomasters.com\/nogodsnomasters\/wp-json\/wp\/v2\/types\/product"}],"wp:featuredmedia":[{"embeddable":true,"href":"https:\/\/nogods-nomasters.com\/nogodsnomasters\/wp-json\/wp\/v2\/media\/17122"}],"wp:attachment":[{"href":"https:\/\/nogods-nomasters.com\/nogodsnomasters\/wp-json\/wp\/v2\/media?parent=17126"}],"wp:term":[{"taxonomy":"product_brand","embeddable":true,"href":"https:\/\/nogods-nomasters.com\/nogodsnomasters\/wp-json\/wp\/v2\/product_brand?post=17126"},{"taxonomy":"product_cat","embeddable":true,"href":"https:\/\/nogods-nomasters.com\/nogodsnomasters\/wp-json\/wp\/v2\/product_cat?post=17126"},{"taxonomy":"product_tag","embeddable":true,"href":"https:\/\/nogods-nomasters.com\/nogodsnomasters\/wp-json\/wp\/v2\/product_tag?post=17126"}],"curies":[{"name":"wp","href":"https:\/\/api.w.org\/{rel}","templated":true}]}}