{"id":17136,"date":"2021-09-21T19:03:20","date_gmt":"2021-09-21T19:03:20","guid":{"rendered":"https:\/\/nogods-nomasters.com\/nogodsnomasters\/?post_type=product&#038;p=17136"},"modified":"2025-08-12T21:16:19","modified_gmt":"2025-08-12T21:16:19","slug":"backlash-punk-is-danger-7-ep","status":"publish","type":"product","link":"https:\/\/nogods-nomasters.com\/nogodsnomasters\/produto\/backlash-punk-is-danger-7-ep\/","title":{"rendered":"Backlash &#8211; Punk is Danger &#8211; 7&#8243; EP"},"content":{"rendered":"<div style=\"text-align: justify;\"><span style=\"color: #000000; font-family: verdana, geneva, sans-serif; font-size: 12pt;\">O estilo \u00e9 o velho hardcore japones dos anos 80, com boas doses de trash, tamb\u00e9m dos anos 80. Backlash passaria por uma banda desta \u00e9poca e do Jap\u00e3o, tranquilamente devido a perfei\u00e7\u00e3o das suas composi\u00e7\u00f5es e a energia deste disco mas a banda \u00e9 da Finl\u00e2ndia e isto n\u00e3o muda nada na verdade, pois a banda e o disco s\u00e3o muito bons para quem gosta deste estilo de m\u00fasica.\u00a0<\/span><span style=\"color: #000000; font-family: verdana, geneva, sans-serif; font-size: 12pt;\">Bela surpresa para n\u00f3s.<\/span><\/div>\n<p><iframe loading=\"lazy\" title=\"YouTube video player\" src=\"https:\/\/www.youtube.com\/embed\/vcIdo39DWPE\" width=\"560\" height=\"315\" frameborder=\"0\" allowfullscreen=\"allowfullscreen\"><\/iframe><\/p>\n","protected":false},"excerpt":{"rendered":"<p>O estilo \u00e9 o velho hardcore japones dos anos 80, com boas doses de trash, tamb\u00e9m dos anos 80. Backlash passaria por uma banda desta \u00e9poca e do Jap\u00e3o, tranquilamente devido a perfei\u00e7\u00e3o das suas composi\u00e7\u00f5es e a energia deste disco mas a banda \u00e9 da Finl\u00e2ndia e isto n\u00e3o muda nada na verdade, pois [&hellip;]<\/p>\n","protected":false},"featured_media":17137,"template":"","meta":{"_et_pb_use_builder":"","_et_pb_old_content":"","_et_gb_content_width":"","jetpack_post_was_ever_published":false,"jetpack_publicize_message":"","jetpack_publicize_feature_enabled":true,"jetpack_social_post_already_shared":true,"jetpack_social_options":{"image_generator_settings":{"template":"highway","default_image_id":0,"font":"","enabled":false},"version":2}},"product_brand":[],"product_cat":[46,63,1133,59],"product_tag":[1085],"class_list":{"0":"post-17136","1":"product","2":"type-product","3":"status-publish","4":"has-post-thumbnail","6":"product_cat-discos","7":"product_cat-ep","8":"product_cat-oferta","9":"product_cat-vinil","10":"product_tag-backlash","12":"first","13":"instock","14":"sale","15":"shipping-taxable","16":"purchasable","17":"product-type-simple"},"jetpack_publicize_connections":[],"jetpack_sharing_enabled":true,"jetpack-related-posts":[],"_links":{"self":[{"href":"https:\/\/nogods-nomasters.com\/nogodsnomasters\/wp-json\/wp\/v2\/product\/17136","targetHints":{"allow":["GET"]}}],"collection":[{"href":"https:\/\/nogods-nomasters.com\/nogodsnomasters\/wp-json\/wp\/v2\/product"}],"about":[{"href":"https:\/\/nogods-nomasters.com\/nogodsnomasters\/wp-json\/wp\/v2\/types\/product"}],"wp:featuredmedia":[{"embeddable":true,"href":"https:\/\/nogods-nomasters.com\/nogodsnomasters\/wp-json\/wp\/v2\/media\/17137"}],"wp:attachment":[{"href":"https:\/\/nogods-nomasters.com\/nogodsnomasters\/wp-json\/wp\/v2\/media?parent=17136"}],"wp:term":[{"taxonomy":"product_brand","embeddable":true,"href":"https:\/\/nogods-nomasters.com\/nogodsnomasters\/wp-json\/wp\/v2\/product_brand?post=17136"},{"taxonomy":"product_cat","embeddable":true,"href":"https:\/\/nogods-nomasters.com\/nogodsnomasters\/wp-json\/wp\/v2\/product_cat?post=17136"},{"taxonomy":"product_tag","embeddable":true,"href":"https:\/\/nogods-nomasters.com\/nogodsnomasters\/wp-json\/wp\/v2\/product_tag?post=17136"}],"curies":[{"name":"wp","href":"https:\/\/api.w.org\/{rel}","templated":true}]}}