{"id":17208,"date":"2022-01-04T20:27:27","date_gmt":"2022-01-04T20:27:27","guid":{"rendered":"https:\/\/nogods-nomasters.com\/nogodsnomasters\/?post_type=product&#038;p=17208"},"modified":"2023-07-14T16:34:01","modified_gmt":"2023-07-14T16:34:01","slug":"discarga-violenta-cedia-ep-pacote-para-distros","status":"publish","type":"product","link":"https:\/\/nogods-nomasters.com\/nogodsnomasters\/produto\/discarga-violenta-cedia-ep-pacote-para-distros\/","title":{"rendered":"Discarga Violenta &#8211; Cedi\u00e1 EP [05 c\u00f3pias]"},"content":{"rendered":"<div><span style=\"font-family: verdana, geneva, sans-serif;\"><strong>Pacote com 05 c\u00f3pias!<\/strong><\/span><\/div>\n<div><\/div>\n<div style=\"text-align: justify;\"><span style=\"font-family: verdana, geneva, sans-serif; font-size: 12pt; color: #000000;\">Discarga Violenta surgiu ainda nos anos 80, mais precisamente em 1988, na cidade de Natal, Rio Grande do Norte, no nordeste desta terra chamada de Brasil.<\/span><\/div>\n<div style=\"text-align: justify;\"><span style=\"font-family: verdana, geneva, sans-serif; font-size: 12pt; color: #000000;\">A banda, coletivo, bando, grupo, se formou com a proposta de ser uma ferramenta de dialogo e a\u00e7\u00e3o sobre suas posi\u00e7\u00f5es politicas e culturais, indo muito al\u00e9m da simples proposta de se ter uma banda, indo al\u00e9m do universo m\u00fasical, mesmo usando a m\u00fasica como arma.<\/span><\/div>\n<div style=\"text-align: justify;\"><span style=\"font-family: verdana, geneva, sans-serif; font-size: 12pt; color: #000000;\">Discarga Violenta inspira com suas letras e jeito de se expressar, inspira pela sinceridade, simplicidade e verdade com que constroem suas vidas.<\/span><\/div>\n<div style=\"text-align: justify;\"><span style=\"font-family: verdana, geneva, sans-serif; font-size: 12pt; color: #000000;\">Cendi\u00e1, terceiro EP da Discarga Violenta, \u00e9 a continuidade deste jeito de viver, \u00e9 um passo depois do Cosmopolita e do Dada, (seus dois primeiros EPs) e depois das colet\u00e2neas que participaram e organizaram.<\/span><\/div>\n<div style=\"text-align: justify;\"><span style=\"font-family: verdana, geneva, sans-serif; font-size: 12pt; color: #000000;\">Cendi\u00e1 tr\u00e1s 15 panfletos musicados, gritados e cheios de amor pelo \u00f3dio. Uma arte linda, cheia de cores como o o inc\u00eandio proposto.<\/span><\/div>\n<div>\n<p><span style=\"font-family: verdana, geneva, sans-serif; font-size: 12pt; color: #000000;\">Seres livres, Revoada em bando, Que se anuncia, Que faz barulho, Que brilha,\u00a0<\/span><\/p>\n<div style=\"text-align: justify;\"><span style=\"font-family: verdana, geneva, sans-serif; font-size: 12pt; color: #000000;\">Quando ecoa o canto de guerra:<\/span><\/div>\n<div style=\"text-align: justify;\"><span style=\"font-family: verdana, geneva, sans-serif; font-size: 12pt; color: #000000;\">Vamo cendi\u00e1<\/span><\/div>\n<\/div>\n","protected":false},"excerpt":{"rendered":"<p><span style=\"font-family: verdana, geneva, sans-serif;\"><strong>Pacote com 05 discos!!<\/strong><\/span><\/p>\n","protected":false},"featured_media":16776,"template":"","meta":{"_et_pb_use_builder":"","_et_pb_old_content":"","_et_gb_content_width":"","jetpack_post_was_ever_published":false,"jetpack_publicize_message":"","jetpack_publicize_feature_enabled":true,"jetpack_social_post_already_shared":true,"jetpack_social_options":{"image_generator_settings":{"template":"highway","default_image_id":0,"font":"","enabled":false},"version":2}},"product_brand":[],"product_cat":[1092],"product_tag":[1063,432],"class_list":{"0":"post-17208","1":"product","2":"type-product","3":"status-publish","4":"has-post-thumbnail","6":"product_cat-pacotes-para-distros","7":"product_tag-cedia","8":"product_tag-discarga-violenta","10":"first","11":"instock","12":"shipping-taxable","13":"purchasable","14":"product-type-simple"},"jetpack_publicize_connections":[],"jetpack_sharing_enabled":true,"jetpack-related-posts":[],"_links":{"self":[{"href":"https:\/\/nogods-nomasters.com\/nogodsnomasters\/wp-json\/wp\/v2\/product\/17208","targetHints":{"allow":["GET"]}}],"collection":[{"href":"https:\/\/nogods-nomasters.com\/nogodsnomasters\/wp-json\/wp\/v2\/product"}],"about":[{"href":"https:\/\/nogods-nomasters.com\/nogodsnomasters\/wp-json\/wp\/v2\/types\/product"}],"wp:featuredmedia":[{"embeddable":true,"href":"https:\/\/nogods-nomasters.com\/nogodsnomasters\/wp-json\/wp\/v2\/media\/16776"}],"wp:attachment":[{"href":"https:\/\/nogods-nomasters.com\/nogodsnomasters\/wp-json\/wp\/v2\/media?parent=17208"}],"wp:term":[{"taxonomy":"product_brand","embeddable":true,"href":"https:\/\/nogods-nomasters.com\/nogodsnomasters\/wp-json\/wp\/v2\/product_brand?post=17208"},{"taxonomy":"product_cat","embeddable":true,"href":"https:\/\/nogods-nomasters.com\/nogodsnomasters\/wp-json\/wp\/v2\/product_cat?post=17208"},{"taxonomy":"product_tag","embeddable":true,"href":"https:\/\/nogods-nomasters.com\/nogodsnomasters\/wp-json\/wp\/v2\/product_tag?post=17208"}],"curies":[{"name":"wp","href":"https:\/\/api.w.org\/{rel}","templated":true}]}}