{"id":17210,"date":"2022-01-04T20:43:19","date_gmt":"2022-01-04T20:43:19","guid":{"rendered":"https:\/\/nogods-nomasters.com\/nogodsnomasters\/?post_type=product&#038;p=17210"},"modified":"2023-07-14T16:33:32","modified_gmt":"2023-07-14T16:33:32","slug":"karne-krua-suicidio-7-ep-05-copias","status":"publish","type":"product","link":"https:\/\/nogods-nomasters.com\/nogodsnomasters\/produto\/karne-krua-suicidio-7-ep-05-copias\/","title":{"rendered":"Karne Krua &#8211; Suic\u00eddio 7&#8243; EP [05 c\u00f3pias]"},"content":{"rendered":"<div style=\"text-align: justify;\"><span style=\"font-family: verdana, geneva, sans-serif; color: #000000; font-size: 12pt;\">O punk surgiu no Brasil como uma revolta espont\u00e2nea, uma explos\u00e3o juvenil imposs\u00edvel de ser contida ou controlada. Em cada regi\u00e3o, deste imenso pa\u00eds, surgiu de acordo \u00e0 sua realidade, ora ligado a revoltas por liberdade, ora ligado a luta por sobreviv\u00eancia, ora ligado a estes dois objetivos, liberdade e sobreviv\u00eancia.<\/span><\/div>\n<div style=\"text-align: justify;\"><span style=\"font-family: verdana, geneva, sans-serif; color: #000000; font-size: 12pt;\">No nordeste do Brasil, o punk explodiu, longe dos holofotes at\u00e9 hoje, e sempre muito verdadeiro, cotidiano.<\/span><\/div>\n<div style=\"text-align: justify;\"><span style=\"font-family: verdana, geneva, sans-serif; color: #000000; font-size: 12pt;\">Formada em 1985, na cidade de Aracaju, Karne Krua \u00e9 um exemplo vivo disto. Formada por punks, por pessoas que sempre estiveram ativas dentro desta movimenta\u00e7\u00e3o e que constru\u00edram e constroem at\u00e9 hoje o punk em sua cidade.<\/span><\/div>\n<div style=\"text-align: justify;\"><span style=\"font-family: verdana, geneva, sans-serif; color: #000000; font-size: 12pt;\">Suic\u00eddio \u00e9 uma das suas primeiras demo tapes, e um conjunto de m\u00fasicas que tornaram a Karne Krua ainda mais conhecida no come\u00e7o dos anos 90, quando as pessoas trocavam fitas k7 enviadas em cartas para todo o mundo.<\/span><\/div>\n<div style=\"text-align: justify;\"><span style=\"font-family: verdana, geneva, sans-serif; color: #000000; font-size: 12pt;\">Suic\u00eddio, 30 anos depois de seu lan\u00e7amento em k7,\u00a0 ganha masteriza\u00e7\u00e3o e uma vers\u00e3o em vinil.<\/span><\/div>\n<div style=\"text-align: justify;\"><span style=\"font-family: verdana, geneva, sans-serif; color: #000000; font-size: 12pt;\">A arte remete a arte original, as m\u00fasicas s\u00e3o os cl\u00e1ssicos da Karne Krua, gravados na \u00e9poca.<\/span><\/div>\n<div style=\"text-align: justify;\"><span style=\"font-family: verdana, geneva, sans-serif; color: #000000; font-size: 12pt;\">O sangue nordestino, punk, corre pelo corpo com muita intensidade.<\/span><\/div>\n<p><iframe loading=\"lazy\" title=\"YouTube video player\" src=\"https:\/\/www.youtube.com\/embed\/vKUUYfJZu2U\" width=\"560\" height=\"315\" frameborder=\"0\" allowfullscreen=\"allowfullscreen\"><\/iframe><\/p>\n","protected":false},"excerpt":{"rendered":"<p><span style=\"color: #000000;\"><strong><span style=\"font-family: verdana, geneva, sans-serif;\">Pacote com 05 discos!!<\/span><\/strong><\/span><\/p>\n","protected":false},"featured_media":16965,"template":"","meta":{"_et_pb_use_builder":"","_et_pb_old_content":"","_et_gb_content_width":"","jetpack_post_was_ever_published":false,"jetpack_publicize_message":"","jetpack_publicize_feature_enabled":true,"jetpack_social_post_already_shared":true,"jetpack_social_options":{"image_generator_settings":{"template":"highway","default_image_id":0,"font":"","enabled":false},"version":2}},"product_brand":[],"product_cat":[1092],"product_tag":[377,1064],"class_list":{"0":"post-17210","1":"product","2":"type-product","3":"status-publish","4":"has-post-thumbnail","6":"product_cat-pacotes-para-distros","7":"product_tag-karne-krua","8":"product_tag-suicidio","10":"first","11":"instock","12":"shipping-taxable","13":"purchasable","14":"product-type-simple"},"jetpack_publicize_connections":[],"jetpack_sharing_enabled":true,"jetpack-related-posts":[],"_links":{"self":[{"href":"https:\/\/nogods-nomasters.com\/nogodsnomasters\/wp-json\/wp\/v2\/product\/17210","targetHints":{"allow":["GET"]}}],"collection":[{"href":"https:\/\/nogods-nomasters.com\/nogodsnomasters\/wp-json\/wp\/v2\/product"}],"about":[{"href":"https:\/\/nogods-nomasters.com\/nogodsnomasters\/wp-json\/wp\/v2\/types\/product"}],"wp:featuredmedia":[{"embeddable":true,"href":"https:\/\/nogods-nomasters.com\/nogodsnomasters\/wp-json\/wp\/v2\/media\/16965"}],"wp:attachment":[{"href":"https:\/\/nogods-nomasters.com\/nogodsnomasters\/wp-json\/wp\/v2\/media?parent=17210"}],"wp:term":[{"taxonomy":"product_brand","embeddable":true,"href":"https:\/\/nogods-nomasters.com\/nogodsnomasters\/wp-json\/wp\/v2\/product_brand?post=17210"},{"taxonomy":"product_cat","embeddable":true,"href":"https:\/\/nogods-nomasters.com\/nogodsnomasters\/wp-json\/wp\/v2\/product_cat?post=17210"},{"taxonomy":"product_tag","embeddable":true,"href":"https:\/\/nogods-nomasters.com\/nogodsnomasters\/wp-json\/wp\/v2\/product_tag?post=17210"}],"curies":[{"name":"wp","href":"https:\/\/api.w.org\/{rel}","templated":true}]}}