{"id":17214,"date":"2022-01-04T20:56:14","date_gmt":"2022-01-04T20:56:14","guid":{"rendered":"https:\/\/nogods-nomasters.com\/nogodsnomasters\/?post_type=product&#038;p=17214"},"modified":"2023-07-14T16:31:34","modified_gmt":"2023-07-14T16:31:34","slug":"tuna-renegades-of-punk-grao-split-ep-05-copias","status":"publish","type":"product","link":"https:\/\/nogods-nomasters.com\/nogodsnomasters\/produto\/tuna-renegades-of-punk-grao-split-ep-05-copias\/","title":{"rendered":"TuNa \/ Renegades of Punk &#8211; Gr\u00e3o split EP [05 c\u00f3pias]"},"content":{"rendered":"<p style=\"text-align: justify;\"><span style=\"font-size: 12pt; font-family: verdana,geneva,sans-serif;\">Tuna e Renegades of Punk s\u00e3o duas bandas que v\u00e3o al\u00e9m do ato de dividir um palco ou um disco. Elas est\u00e3o ligadas por esta coisa louca que \u00e9 n\u00e3o estar s\u00f3 no mundo, de querer compartilhar e de querer estar perto. Gr\u00e3o \u00e9 um disco sobre amizade, sobre amores e desamores que as amizades nos trazem e \u00e9 sobre o quanto nos doamos, sem pre\u00e7o, por tudo isso. <\/span><\/p>\n<p class=\"m_187866302235243318gmail-western\" style=\"text-align: justify;\" align=\"justify\"><span style=\"font-size: 12pt; font-family: verdana,geneva,sans-serif;\">Do lado Tuna temos uma musica que fala sobre relacionamento interpessoal, que fala sobre o amor e a dor de termos amizades: das decep\u00e7\u00f5es e alegrias desse aspecto das nossas vidas, de como afeto \u00e9 condi\u00e7\u00e3o de vida e a Tuna se mistura com Renegades com a\u00a0 participa\u00e7\u00e3o de Dani nas vozes finais. <\/span><\/p>\n<div class=\"yj6qo ajU\" style=\"text-align: justify;\">\n<div id=\":rl\" class=\"ajR\"><span style=\"font-size: 12pt; font-family: verdana,geneva,sans-serif;\"><img decoding=\"async\" class=\"ajT\" src=\"https:\/\/ssl.gstatic.com\/ui\/v1\/icons\/mail\/images\/cleardot.gif\" \/>Do lado Renegades of Punk s\u00e3o duas m\u00fasicas que se separam em o prazer e a import\u00e2ncia das amizades e a dificuldade de se ter este sentimento de amizade de forma verdadeira.\u00a0 Neste lado h\u00e1 tamb\u00e9m a mistura das bandas e desta vez Andreza faz participa\u00e7\u00f5es.<\/span><\/div>\n<\/div>\n<div class=\"adL\" style=\"text-align: justify;\">\n<p><span style=\"font-size: 12pt; font-family: verdana,geneva,sans-serif;\">Ambas bandas est\u00e3o incr\u00edveis neste disco e ele chega a ser como um aperitivo para um prato principal e deixa um gostinho de quero mais. Acompanha um lindo p\u00f4ster A2 totalmente colorido e toda a arte &#8211; capa, contra capa, encarte e p\u00f4ster, &#8211; foi desenhada por Fl\u00e1vio Gr\u00e3o e montada por Ivo Delmondes.<\/span><\/p>\n<p><span class=\"im\" style=\"font-size: 12pt; font-family: verdana,geneva,sans-serif;\">Amizade, sa\u00fade e punk rock!<\/span><\/p>\n<\/div>\n<div class=\"adL\" style=\"text-align: justify;\"><\/div>\n<div class=\"adL\" style=\"text-align: justify;\"><\/div>\n<p><a href=\"http:\/\/tunapunkrock.bandcamp.com\/album\/gr-o-split-ep-tuna-renegades-of-punk\">Gr\u00e3o split EP &#8211; TuNa \/ Renegades of Punk by TuNa Punk Rock<\/a><\/p>\n<p><a href=\"http:\/\/therenegadesofpunk.bandcamp.com\/album\/gr-o-split-7-tuna-the-renegades-of-punk\">Gr\u00e3o split 7&#8243; Tuna \/ The Renegades of Punk by the renegades of punk<\/a><\/p>\n","protected":false},"excerpt":{"rendered":"<p><span style=\"font-size: 12pt; font-family: verdana, geneva, sans-serif; color: #000000;\"><strong>Pacte com 05 discos!<\/strong><\/span><\/p>\n","protected":false},"featured_media":8713,"template":"","meta":{"_et_pb_use_builder":"","_et_pb_old_content":"","_et_gb_content_width":"","jetpack_post_was_ever_published":false,"jetpack_publicize_message":"","jetpack_publicize_feature_enabled":true,"jetpack_social_post_already_shared":true,"jetpack_social_options":{"image_generator_settings":{"template":"highway","default_image_id":0,"font":"","enabled":false},"version":2}},"product_brand":[],"product_cat":[1092],"product_tag":[68,108],"class_list":{"0":"post-17214","1":"product","2":"type-product","3":"status-publish","4":"has-post-thumbnail","6":"product_cat-pacotes-para-distros","7":"product_tag-renegades-of-punk","8":"product_tag-tuna","10":"first","11":"instock","12":"shipping-taxable","13":"purchasable","14":"product-type-simple"},"jetpack_publicize_connections":[],"jetpack_sharing_enabled":true,"jetpack-related-posts":[],"_links":{"self":[{"href":"https:\/\/nogods-nomasters.com\/nogodsnomasters\/wp-json\/wp\/v2\/product\/17214","targetHints":{"allow":["GET"]}}],"collection":[{"href":"https:\/\/nogods-nomasters.com\/nogodsnomasters\/wp-json\/wp\/v2\/product"}],"about":[{"href":"https:\/\/nogods-nomasters.com\/nogodsnomasters\/wp-json\/wp\/v2\/types\/product"}],"wp:featuredmedia":[{"embeddable":true,"href":"https:\/\/nogods-nomasters.com\/nogodsnomasters\/wp-json\/wp\/v2\/media\/8713"}],"wp:attachment":[{"href":"https:\/\/nogods-nomasters.com\/nogodsnomasters\/wp-json\/wp\/v2\/media?parent=17214"}],"wp:term":[{"taxonomy":"product_brand","embeddable":true,"href":"https:\/\/nogods-nomasters.com\/nogodsnomasters\/wp-json\/wp\/v2\/product_brand?post=17214"},{"taxonomy":"product_cat","embeddable":true,"href":"https:\/\/nogods-nomasters.com\/nogodsnomasters\/wp-json\/wp\/v2\/product_cat?post=17214"},{"taxonomy":"product_tag","embeddable":true,"href":"https:\/\/nogods-nomasters.com\/nogodsnomasters\/wp-json\/wp\/v2\/product_tag?post=17214"}],"curies":[{"name":"wp","href":"https:\/\/api.w.org\/{rel}","templated":true}]}}