{"id":17216,"date":"2022-01-04T20:59:47","date_gmt":"2022-01-04T20:59:47","guid":{"rendered":"https:\/\/nogods-nomasters.com\/nogodsnomasters\/?post_type=product&#038;p=17216"},"modified":"2023-07-14T16:30:58","modified_gmt":"2023-07-14T16:30:58","slug":"the-renegades-of-punk-espelho-negro-ep-05-copias","status":"publish","type":"product","link":"https:\/\/nogods-nomasters.com\/nogodsnomasters\/produto\/the-renegades-of-punk-espelho-negro-ep-05-copias\/","title":{"rendered":"The Renegades of Punk &#8211; Espelho Negro EP [05 c\u00f3pias]"},"content":{"rendered":"<p style=\"text-align: justify;\"><span style=\"font-size: 12pt; font-family: verdana, geneva, sans-serif;\">Espelho Negro \u00e9 um disco que canta e encanta. Este novo EP, deste povo Renegado vindo de Aracaj\u00fa, traz 4 musicas que te faz repetir os refr\u00f5es sem ao menos perceber.<\/span><br \/>\n<span style=\"font-size: 12pt; font-family: verdana, geneva, sans-serif;\"> O disco come\u00e7a com Alzheimer, uma balada punk rock com guitarras quase limpas, apenas um pouco de fuzz e um pouco de delay em algumas partes, linhas perfeitas de baixo e a bateria totalmente envolvente parece cantar junto com a musica. Na sequencia, S\u00f3 os idiotas ouvem a m\u00fasica, o destaque fica por conta das nuances de vozes onde Dani vai desde partes cantadas a uma voz mais rasgada, mais raivosa, os riffs s\u00e3o repetitivos, criando uma certa catarse , envolvente, quando menos se nota j\u00e1 estamos embalados.<\/span><br \/>\n<span style=\"font-size: 12pt; font-family: verdana, geneva, sans-serif;\"> Do lado oposto P\u00farpura traz um groove de bateria criativo, seguido por um punk rock b\u00e1sico mas fundamental, os baixos de Jo\u00e3o fazem a musica ter um aspecto dan\u00e7ante e por ultimo a m\u00fasica que d\u00e1 nome ao disco, Espelho Negro, a introdu\u00e7\u00e3o chega cheia de efeitos e vai delineando o excelente punk rock que est\u00e1 por vir e ele vem, quando a introdu\u00e7\u00e3o termina a musica se torna dan\u00e7ante, os refr\u00f5es composto de duas vozes, hora alternados hora mais retos d\u00e3o um charme incr\u00edvel par a m\u00fasica. A grava\u00e7\u00e3o e mixagem est\u00e3o otimas, um \u00f3timo trabalho feito por Junior e Alex Prado, alem das letras cr\u00edticas e a arte incrivel por Mariana Moys\u00e9s.<\/span><\/p>\n<span class=\"embed-youtube\" style=\"text-align:center; display: block;\"><iframe loading=\"lazy\" class=\"youtube-player\" width=\"1080\" height=\"608\" src=\"https:\/\/www.youtube.com\/embed\/oRrNyw5hOOg?version=3&#038;rel=1&#038;showsearch=0&#038;showinfo=1&#038;iv_load_policy=1&#038;fs=1&#038;hl=pt-BR&#038;autohide=2&#038;wmode=transparent\" allowfullscreen=\"true\" style=\"border:0;\" sandbox=\"allow-scripts allow-same-origin allow-popups allow-presentation allow-popups-to-escape-sandbox\"><\/iframe><\/span>\n","protected":false},"excerpt":{"rendered":"<p><strong><span style=\"font-size: 12pt; font-family: verdana, geneva, sans-serif; color: #000000;\">Pacote com 05 discos!<\/span><\/strong><\/p>\n","protected":false},"featured_media":1900,"template":"","meta":{"_et_pb_use_builder":"","_et_pb_old_content":"","_et_gb_content_width":"","jetpack_post_was_ever_published":false,"jetpack_publicize_message":"","jetpack_publicize_feature_enabled":true,"jetpack_social_post_already_shared":true,"jetpack_social_options":{"image_generator_settings":{"template":"highway","default_image_id":0,"font":"","enabled":false},"version":2}},"product_brand":[],"product_cat":[1092],"product_tag":[109,68],"class_list":{"0":"post-17216","1":"product","2":"type-product","3":"status-publish","4":"has-post-thumbnail","6":"product_cat-pacotes-para-distros","7":"product_tag-no-gods-no-masters","8":"product_tag-renegades-of-punk","10":"first","11":"instock","12":"shipping-taxable","13":"purchasable","14":"product-type-simple"},"jetpack_publicize_connections":[],"jetpack_sharing_enabled":true,"jetpack-related-posts":[],"_links":{"self":[{"href":"https:\/\/nogods-nomasters.com\/nogodsnomasters\/wp-json\/wp\/v2\/product\/17216","targetHints":{"allow":["GET"]}}],"collection":[{"href":"https:\/\/nogods-nomasters.com\/nogodsnomasters\/wp-json\/wp\/v2\/product"}],"about":[{"href":"https:\/\/nogods-nomasters.com\/nogodsnomasters\/wp-json\/wp\/v2\/types\/product"}],"wp:featuredmedia":[{"embeddable":true,"href":"https:\/\/nogods-nomasters.com\/nogodsnomasters\/wp-json\/wp\/v2\/media\/1900"}],"wp:attachment":[{"href":"https:\/\/nogods-nomasters.com\/nogodsnomasters\/wp-json\/wp\/v2\/media?parent=17216"}],"wp:term":[{"taxonomy":"product_brand","embeddable":true,"href":"https:\/\/nogods-nomasters.com\/nogodsnomasters\/wp-json\/wp\/v2\/product_brand?post=17216"},{"taxonomy":"product_cat","embeddable":true,"href":"https:\/\/nogods-nomasters.com\/nogodsnomasters\/wp-json\/wp\/v2\/product_cat?post=17216"},{"taxonomy":"product_tag","embeddable":true,"href":"https:\/\/nogods-nomasters.com\/nogodsnomasters\/wp-json\/wp\/v2\/product_tag?post=17216"}],"curies":[{"name":"wp","href":"https:\/\/api.w.org\/{rel}","templated":true}]}}