{"id":17219,"date":"2022-01-04T21:06:50","date_gmt":"2022-01-04T21:06:50","guid":{"rendered":"https:\/\/nogods-nomasters.com\/nogodsnomasters\/?post_type=product&#038;p=17219"},"modified":"2025-08-12T20:28:53","modified_gmt":"2025-08-12T20:28:53","slug":"rip-it-up-morbid-laws-lp-10-copias","status":"publish","type":"product","link":"https:\/\/nogods-nomasters.com\/nogodsnomasters\/produto\/rip-it-up-morbid-laws-lp-10-copias\/","title":{"rendered":"Rip It Up &#8211; Morbid Laws LP [10 c\u00f3pias]"},"content":{"rendered":"<div style=\"text-align: justify;\"><span style=\"font-size: 12pt; font-family: verdana, geneva, sans-serif; color: #333333;\">Banda anarcopunk de Grenoble formada por pessoas queridas que tamb\u00e9m tocam em bandas como Alarm e Chickens Call.\u00a0 Rip it up surgiu dentro das ocupa\u00e7\u00f5es punks da cidade e tr\u00e1s esta realidade em sua proposta. Suas letras falam sobre o cotidiano das pessoas e\u00a0 sobre problemas no mundo.<\/span><\/div>\n<div style=\"text-align: justify;\"><span style=\"font-size: 12pt; font-family: verdana, geneva, sans-serif; color: #333333;\">Rip It Up \u00e9 apaixonante por que \u00e9 uma banda feita com amor, com amizade e compromisso.<\/span><\/div>\n<div style=\"text-align: justify;\"><span style=\"font-size: 12pt; font-family: verdana, geneva, sans-serif; color: #333333;\">O disco tem apenas um lado com m\u00fasica e do outro lado uma impress\u00e3o feita em silkcreen pela pr\u00f3pria galera da banda, toque pessoal muito bonito neste disco.<\/span><\/div>\n<p><iframe loading=\"lazy\" title=\"Rip It Up !\" frameborder=\"0\" width=\"1080\" height=\"621\" src=\"https:\/\/geo.dailymotion.com\/player.html?video=xema7i&#038;\" allowfullscreen allow=\"autoplay; fullscreen; picture-in-picture; web-share\"><\/iframe><\/p>\n","protected":false},"excerpt":{"rendered":"<p><strong><span style=\"font-size: 12pt; font-family: verdana, geneva, sans-serif; color: #000000;\">Pacote com 10 discos!<\/span><\/strong><\/p>\n","protected":false},"featured_media":12521,"template":"","meta":{"_et_pb_use_builder":"","_et_pb_old_content":"","_et_gb_content_width":"","jetpack_post_was_ever_published":false,"jetpack_publicize_message":"","jetpack_publicize_feature_enabled":true,"jetpack_social_post_already_shared":true,"jetpack_social_options":{"image_generator_settings":{"template":"highway","default_image_id":0,"font":"","enabled":false},"version":2}},"product_brand":[],"product_cat":[1092],"product_tag":[996],"class_list":{"0":"post-17219","1":"product","2":"type-product","3":"status-publish","4":"has-post-thumbnail","6":"product_cat-pacotes-para-distros","7":"product_tag-rip-it-up","9":"first","10":"instock","11":"shipping-taxable","12":"purchasable","13":"product-type-simple"},"jetpack_publicize_connections":[],"jetpack_sharing_enabled":true,"jetpack-related-posts":[],"_links":{"self":[{"href":"https:\/\/nogods-nomasters.com\/nogodsnomasters\/wp-json\/wp\/v2\/product\/17219","targetHints":{"allow":["GET"]}}],"collection":[{"href":"https:\/\/nogods-nomasters.com\/nogodsnomasters\/wp-json\/wp\/v2\/product"}],"about":[{"href":"https:\/\/nogods-nomasters.com\/nogodsnomasters\/wp-json\/wp\/v2\/types\/product"}],"wp:featuredmedia":[{"embeddable":true,"href":"https:\/\/nogods-nomasters.com\/nogodsnomasters\/wp-json\/wp\/v2\/media\/12521"}],"wp:attachment":[{"href":"https:\/\/nogods-nomasters.com\/nogodsnomasters\/wp-json\/wp\/v2\/media?parent=17219"}],"wp:term":[{"taxonomy":"product_brand","embeddable":true,"href":"https:\/\/nogods-nomasters.com\/nogodsnomasters\/wp-json\/wp\/v2\/product_brand?post=17219"},{"taxonomy":"product_cat","embeddable":true,"href":"https:\/\/nogods-nomasters.com\/nogodsnomasters\/wp-json\/wp\/v2\/product_cat?post=17219"},{"taxonomy":"product_tag","embeddable":true,"href":"https:\/\/nogods-nomasters.com\/nogodsnomasters\/wp-json\/wp\/v2\/product_tag?post=17219"}],"curies":[{"name":"wp","href":"https:\/\/api.w.org\/{rel}","templated":true}]}}