{"id":17220,"date":"2022-01-04T21:10:13","date_gmt":"2022-01-04T21:10:13","guid":{"rendered":"https:\/\/nogods-nomasters.com\/nogodsnomasters\/?post_type=product&#038;p=17220"},"modified":"2023-07-14T16:28:26","modified_gmt":"2023-07-14T16:28:26","slug":"da-democracia-a-liberdade-crimethinc-05-copias","status":"publish","type":"product","link":"https:\/\/nogods-nomasters.com\/nogodsnomasters\/produto\/da-democracia-a-liberdade-crimethinc-05-copias\/","title":{"rendered":"Da Democracia \u00e0 Liberdade &#8211; CrimethInc [05 c\u00f3pias]"},"content":{"rendered":"<div style=\"text-align: justify;\"><span style=\"font-family: verdana, geneva, sans-serif; font-size: 12pt; color: #000000;\">Da Democracia a Liberdade &#8211; 220 paginas &#8211; Portugu\u00eas<\/span><\/div>\n<div style=\"text-align: justify;\"><\/div>\n<div style=\"text-align: justify;\"><span style=\"font-family: verdana, geneva, sans-serif; font-size: 12pt; color: #000000;\">Da Democracia \u00e0 Liberdade \u00e9 uma cole\u00e7\u00e3o que examina as caracter\u00edsticas que conectam as v\u00e1rias formas de democracia, buscando sua origem cl\u00e1ssicas at\u00e9 suas variantes contempor\u00e2neas \u2013 representativa, direta e baseada em consenso \u2013 avaliando como o discurso e os procedimentos democr\u00e1ticos servem aos movimentos sociais que os adotam. No caminho, explora como seria se busc\u00e1ssemos a liberdade diretamente e n\u00e3o atrav\u00e9s de um governo democr\u00e1tico.<\/span><br \/>\n<span style=\"font-family: verdana, geneva, sans-serif; font-size: 12pt; color: #000000;\">O texto conta com an\u00e1lises dos movimentos que ocuparam as ruas e pra\u00e7as pelo mundo nessa \u00faltima d\u00e9cada: o 15M na Espanha, o Movimento Occupy nos Estados Unidos, a insurrei\u00e7\u00e3o popular na Eslov\u00eania e na B\u00f3snia em 2014, os levantes na Gr\u00e9cia e uma<\/span><br \/>\n<span style=\"font-family: verdana, geneva, sans-serif; font-size: 12pt; color: #000000;\">an\u00e1lise sobre Democracia e a Primavera dos Povos que varreu Paris de 1848.<\/span><\/div>\n<div style=\"text-align: justify;\"><\/div>\n","protected":false},"excerpt":{"rendered":"<p><span style=\"font-family: verdana, geneva, sans-serif;\"><strong><span style=\"color: #000000;\">Pacote com 05 c\u00f3pias!<\/span><\/strong><\/span><\/p>\n","protected":false},"featured_media":12147,"template":"","meta":{"_et_pb_use_builder":"","_et_pb_old_content":"","_et_gb_content_width":"","jetpack_post_was_ever_published":false,"jetpack_publicize_message":"","jetpack_publicize_feature_enabled":true,"jetpack_social_post_already_shared":true,"jetpack_social_options":{"image_generator_settings":{"template":"highway","default_image_id":0,"font":"","enabled":false},"version":2}},"product_brand":[],"product_cat":[1092],"product_tag":[151,962],"class_list":{"0":"post-17220","1":"product","2":"type-product","3":"status-publish","4":"has-post-thumbnail","6":"product_cat-pacotes-para-distros","7":"product_tag-crimethinc","8":"product_tag-da-democracia-a-liberdade","10":"first","11":"instock","12":"shipping-taxable","13":"purchasable","14":"product-type-simple"},"jetpack_publicize_connections":[],"jetpack_sharing_enabled":true,"jetpack-related-posts":[],"_links":{"self":[{"href":"https:\/\/nogods-nomasters.com\/nogodsnomasters\/wp-json\/wp\/v2\/product\/17220","targetHints":{"allow":["GET"]}}],"collection":[{"href":"https:\/\/nogods-nomasters.com\/nogodsnomasters\/wp-json\/wp\/v2\/product"}],"about":[{"href":"https:\/\/nogods-nomasters.com\/nogodsnomasters\/wp-json\/wp\/v2\/types\/product"}],"wp:featuredmedia":[{"embeddable":true,"href":"https:\/\/nogods-nomasters.com\/nogodsnomasters\/wp-json\/wp\/v2\/media\/12147"}],"wp:attachment":[{"href":"https:\/\/nogods-nomasters.com\/nogodsnomasters\/wp-json\/wp\/v2\/media?parent=17220"}],"wp:term":[{"taxonomy":"product_brand","embeddable":true,"href":"https:\/\/nogods-nomasters.com\/nogodsnomasters\/wp-json\/wp\/v2\/product_brand?post=17220"},{"taxonomy":"product_cat","embeddable":true,"href":"https:\/\/nogods-nomasters.com\/nogodsnomasters\/wp-json\/wp\/v2\/product_cat?post=17220"},{"taxonomy":"product_tag","embeddable":true,"href":"https:\/\/nogods-nomasters.com\/nogodsnomasters\/wp-json\/wp\/v2\/product_tag?post=17220"}],"curies":[{"name":"wp","href":"https:\/\/api.w.org\/{rel}","templated":true}]}}