{"id":17403,"date":"2022-03-04T20:57:55","date_gmt":"2022-03-04T20:57:55","guid":{"rendered":"https:\/\/nogods-nomasters.com\/nogodsnomasters\/?post_type=product&#038;p=17403"},"modified":"2025-08-12T21:15:57","modified_gmt":"2025-08-12T21:15:57","slug":"lasso-s-t-ep-7","status":"publish","type":"product","link":"https:\/\/nogods-nomasters.com\/nogodsnomasters\/produto\/lasso-s-t-ep-7\/","title":{"rendered":"Lasso &#8211; S\/T EP 7&#8243; (NGNM 023)"},"content":{"rendered":"<div style=\"text-align: justify;\"><span style=\"color: #000000; font-size: 12pt; font-family: verdana, geneva, sans-serif;\">Em uma tarde de 2021 um velho amigo de Salvador, Bahia, nos enviou uma m\u00fasica de sua nova banda, Lasso.<\/span><\/div>\n<div style=\"text-align: justify;\"><span style=\"color: #000000; font-size: 12pt; font-family: verdana, geneva, sans-serif;\">Que surpresa incr\u00edvel. Uma mistura de honestidade, verdade, f\u00faria e desespero em 8 m\u00fasicas com uma sonoridade bastante particular.<\/span><\/div>\n<div style=\"text-align: justify;\"><span style=\"color: #000000; font-size: 12pt; font-family: verdana, geneva, sans-serif;\">S\u00e3o 8 m\u00fasicas simples, curtas, mas que nos transmitem muito.<\/span><\/div>\n<div style=\"text-align: justify;\"><span style=\"color: #000000; font-size: 12pt; font-family: verdana, geneva, sans-serif;\">A bela arte de Carlos Cassoti, que ilustra a capa do disco, transmite perfeitamente, com outra linguagem, todo este sentimento das m\u00fasicas do Lasso e esta uni\u00e3o se completa.<\/span><\/div>\n<div style=\"text-align: justify;\"><span style=\"color: #000000; font-size: 12pt; font-family: verdana, geneva, sans-serif;\">Ahhh, o disquinho \u00e9 verde, lindo.<\/span><\/div>\n<p><iframe style=\"border: 0; width: 100%; height: 120px;\" src=\"https:\/\/bandcamp.com\/EmbeddedPlayer\/album=936953940\/size=large\/bgcol=ffffff\/linkcol=0687f5\/tracklist=false\/artwork=small\/transparent=true\/\" seamless=\"\"><a href=\"https:\/\/lassopunk.bandcamp.com\/album\/s-t\">S\/T by Lasso<\/a><\/iframe><\/p>\n","protected":false},"excerpt":{"rendered":"<p>Em uma tarde de 2021 um velho amigo de Salvador, Bahia, nos enviou uma m\u00fasica de sua nova banda, Lasso. Que surpresa incr\u00edvel. Uma mistura de honestidade, verdade, f\u00faria e desespero em 8 m\u00fasicas com uma sonoridade bastante particular. S\u00e3o 8 m\u00fasicas simples, curtas, mas que nos transmitem muito. A bela arte de Carlos Cassoti, [&hellip;]<\/p>\n","protected":false},"featured_media":17404,"template":"","meta":{"_et_pb_use_builder":"","_et_pb_old_content":"","_et_gb_content_width":"","jetpack_post_was_ever_published":false,"jetpack_publicize_message":"","jetpack_publicize_feature_enabled":true,"jetpack_social_post_already_shared":true,"jetpack_social_options":{"image_generator_settings":{"template":"highway","default_image_id":0,"font":"","enabled":false},"version":2}},"product_brand":[],"product_cat":[46,63,53,59],"product_tag":[1096],"class_list":{"0":"post-17403","1":"product","2":"type-product","3":"status-publish","4":"has-post-thumbnail","6":"product_cat-discos","7":"product_cat-ep","8":"product_cat-nossoslancamentos","9":"product_cat-vinil","10":"product_tag-lasso","12":"first","13":"instock","14":"shipping-taxable","15":"purchasable","16":"product-type-simple"},"jetpack_publicize_connections":[],"jetpack_sharing_enabled":true,"jetpack-related-posts":[],"_links":{"self":[{"href":"https:\/\/nogods-nomasters.com\/nogodsnomasters\/wp-json\/wp\/v2\/product\/17403","targetHints":{"allow":["GET"]}}],"collection":[{"href":"https:\/\/nogods-nomasters.com\/nogodsnomasters\/wp-json\/wp\/v2\/product"}],"about":[{"href":"https:\/\/nogods-nomasters.com\/nogodsnomasters\/wp-json\/wp\/v2\/types\/product"}],"wp:featuredmedia":[{"embeddable":true,"href":"https:\/\/nogods-nomasters.com\/nogodsnomasters\/wp-json\/wp\/v2\/media\/17404"}],"wp:attachment":[{"href":"https:\/\/nogods-nomasters.com\/nogodsnomasters\/wp-json\/wp\/v2\/media?parent=17403"}],"wp:term":[{"taxonomy":"product_brand","embeddable":true,"href":"https:\/\/nogods-nomasters.com\/nogodsnomasters\/wp-json\/wp\/v2\/product_brand?post=17403"},{"taxonomy":"product_cat","embeddable":true,"href":"https:\/\/nogods-nomasters.com\/nogodsnomasters\/wp-json\/wp\/v2\/product_cat?post=17403"},{"taxonomy":"product_tag","embeddable":true,"href":"https:\/\/nogods-nomasters.com\/nogodsnomasters\/wp-json\/wp\/v2\/product_tag?post=17403"}],"curies":[{"name":"wp","href":"https:\/\/api.w.org\/{rel}","templated":true}]}}