{"id":17609,"date":"2023-07-11T21:13:43","date_gmt":"2023-07-11T21:13:43","guid":{"rendered":"https:\/\/nogods-nomasters.com\/nogodsnomasters\/?post_type=product&#038;p=17609"},"modified":"2025-08-12T21:15:47","modified_gmt":"2025-08-12T21:15:47","slug":"crosta-refugis-7-ep","status":"publish","type":"product","link":"https:\/\/nogods-nomasters.com\/nogodsnomasters\/produto\/crosta-refugis-7-ep\/","title":{"rendered":"Crosta &#8211; Refugis 7&#8221; EP"},"content":{"rendered":"<p style=\"text-align: justify;\"><span style=\"font-family: verdana, geneva, sans-serif; color: #000000;\">Neste disco Crosta mostra suas \u00faltimas grava\u00e7\u00f5es que foram realizadas em 2013 no tempo em que a banda se desped\u00eda. Parec\u00eda uma maneira de entender o punk, sem soberba, carregada de convic\u00e7\u00e3o e honestidade. Muitos anos se passaram mas parece que sua m\u00fasica segue atual, com um sentimento presente.<\/span><\/p>\n<p style=\"text-align: justify;\"><span style=\"font-family: verdana, geneva, sans-serif; color: #000000;\">Punk rock carregado de emo\u00e7\u00f5es e honestidade.<\/span><\/p>\n<p><iframe style=\"border: 0; width: 100%; height: 120px;\" src=\"https:\/\/bandcamp.com\/EmbeddedPlayer\/album=595939776\/size=large\/bgcol=ffffff\/linkcol=0687f5\/tracklist=false\/artwork=small\/transparent=true\/\" seamless=\"\"><a href=\"https:\/\/deofora.bandcamp.com\/album\/crosta-refugis-7-ep-dof007\">Crosta &#8211; Refugis 7&#8221; EP &#8211; DOF007 by Crosta<\/a><\/iframe><\/p>\n","protected":false},"excerpt":{"rendered":"<p>Neste disco Crosta mostra suas \u00faltimas grava\u00e7\u00f5es que foram realizadas em 2013 no tempo em que a banda se desped\u00eda. Parec\u00eda uma maneira de entender o punk, sem soberba, carregada de convic\u00e7\u00e3o e honestidade. Muitos anos se passaram mas parece que sua m\u00fasica segue atual, com um sentimento presente. Punk rock carregado de emo\u00e7\u00f5es e [&hellip;]<\/p>\n","protected":false},"featured_media":17610,"template":"","meta":{"_et_pb_use_builder":"","_et_pb_old_content":"","_et_gb_content_width":"","jetpack_post_was_ever_published":false,"jetpack_publicize_message":"","jetpack_publicize_feature_enabled":true,"jetpack_social_post_already_shared":true,"jetpack_social_options":{"image_generator_settings":{"template":"highway","default_image_id":0,"font":"","enabled":false},"version":2}},"product_brand":[],"product_cat":[46,63,1133,59],"product_tag":[1103],"class_list":{"0":"post-17609","1":"product","2":"type-product","3":"status-publish","4":"has-post-thumbnail","6":"product_cat-discos","7":"product_cat-ep","8":"product_cat-oferta","9":"product_cat-vinil","10":"product_tag-crosta","12":"first","13":"instock","14":"sale","15":"shipping-taxable","16":"purchasable","17":"product-type-simple"},"jetpack_publicize_connections":[],"jetpack_sharing_enabled":true,"jetpack-related-posts":[],"_links":{"self":[{"href":"https:\/\/nogods-nomasters.com\/nogodsnomasters\/wp-json\/wp\/v2\/product\/17609","targetHints":{"allow":["GET"]}}],"collection":[{"href":"https:\/\/nogods-nomasters.com\/nogodsnomasters\/wp-json\/wp\/v2\/product"}],"about":[{"href":"https:\/\/nogods-nomasters.com\/nogodsnomasters\/wp-json\/wp\/v2\/types\/product"}],"wp:featuredmedia":[{"embeddable":true,"href":"https:\/\/nogods-nomasters.com\/nogodsnomasters\/wp-json\/wp\/v2\/media\/17610"}],"wp:attachment":[{"href":"https:\/\/nogods-nomasters.com\/nogodsnomasters\/wp-json\/wp\/v2\/media?parent=17609"}],"wp:term":[{"taxonomy":"product_brand","embeddable":true,"href":"https:\/\/nogods-nomasters.com\/nogodsnomasters\/wp-json\/wp\/v2\/product_brand?post=17609"},{"taxonomy":"product_cat","embeddable":true,"href":"https:\/\/nogods-nomasters.com\/nogodsnomasters\/wp-json\/wp\/v2\/product_cat?post=17609"},{"taxonomy":"product_tag","embeddable":true,"href":"https:\/\/nogods-nomasters.com\/nogodsnomasters\/wp-json\/wp\/v2\/product_tag?post=17609"}],"curies":[{"name":"wp","href":"https:\/\/api.w.org\/{rel}","templated":true}]}}