{"id":17611,"date":"2023-07-11T21:17:15","date_gmt":"2023-07-11T21:17:15","guid":{"rendered":"https:\/\/nogods-nomasters.com\/nogodsnomasters\/?post_type=product&#038;p=17611"},"modified":"2025-08-12T21:15:35","modified_gmt":"2025-08-12T21:15:35","slug":"chroma-cuerpos-dociles-12-lp","status":"publish","type":"product","link":"https:\/\/nogods-nomasters.com\/nogodsnomasters\/produto\/chroma-cuerpos-dociles-12-lp\/","title":{"rendered":"Chroma &#8211; Cuerpos D\u00f3ciles 12\u201d LP"},"content":{"rendered":"<div style=\"text-align: justify;\">\n<p><span style=\"font-size: 12pt; font-family: verdana, geneva, sans-serif; color: #000000;\">Banda punk formada em Barcelona com a proposta de fazer m\u00fasica marginal, suja e punk, totalmente punk.<\/span><\/p>\n<p><span style=\"font-size: 12pt; font-family: verdana, geneva, sans-serif; color: #000000;\">S\u00e3o 8 m\u00fasicas feitas com raiva, distor\u00e7\u00f5es e gritos. M\u00fasica simples com emo\u00e7\u00f5es complexas.<\/span><\/p>\n<p><span style=\"font-size: 12pt; font-family: verdana, geneva, sans-serif; color: #000000;\">Para quem tem paix\u00e3o pelo punk.<\/span><\/p>\n<\/div>\n<p><iframe style=\"border: 0; width: 100%; height: 120px;\" src=\"https:\/\/bandcamp.com\/EmbeddedPlayer\/album=651279244\/size=large\/bgcol=ffffff\/linkcol=0687f5\/tracklist=false\/artwork=small\/transparent=true\/\" seamless=\"\"><a href=\"https:\/\/deofora.bandcamp.com\/album\/chroma-cuerpos-d-ciles-lp-dof002\">Chroma &#8211; Cuerpos D\u00f3ciles LP &#8211; DOF002 by Chroma<\/a><\/iframe><\/p>\n","protected":false},"excerpt":{"rendered":"<p>Banda punk formada em Barcelona com a proposta de fazer m\u00fasica marginal, suja e punk, totalmente punk. S\u00e3o 8 m\u00fasicas feitas com raiva, distor\u00e7\u00f5es e gritos. M\u00fasica simples com emo\u00e7\u00f5es complexas. Para quem tem paix\u00e3o pelo punk. Chroma &#8211; Cuerpos D\u00f3ciles LP &#8211; DOF002 by Chroma<\/p>\n","protected":false},"featured_media":17612,"template":"","meta":{"_et_pb_use_builder":"","_et_pb_old_content":"","_et_gb_content_width":"","jetpack_post_was_ever_published":false,"jetpack_publicize_message":"","jetpack_publicize_feature_enabled":true,"jetpack_social_post_already_shared":true,"jetpack_social_options":{"image_generator_settings":{"template":"highway","default_image_id":0,"font":"","enabled":false},"version":2}},"product_brand":[],"product_cat":[46,61,59],"product_tag":[1104],"class_list":{"0":"post-17611","1":"product","2":"type-product","3":"status-publish","4":"has-post-thumbnail","6":"product_cat-discos","7":"product_cat-lp","8":"product_cat-vinil","9":"product_tag-chroma","11":"first","12":"instock","13":"shipping-taxable","14":"purchasable","15":"product-type-simple"},"jetpack_publicize_connections":[],"jetpack_sharing_enabled":true,"jetpack-related-posts":[],"_links":{"self":[{"href":"https:\/\/nogods-nomasters.com\/nogodsnomasters\/wp-json\/wp\/v2\/product\/17611","targetHints":{"allow":["GET"]}}],"collection":[{"href":"https:\/\/nogods-nomasters.com\/nogodsnomasters\/wp-json\/wp\/v2\/product"}],"about":[{"href":"https:\/\/nogods-nomasters.com\/nogodsnomasters\/wp-json\/wp\/v2\/types\/product"}],"wp:featuredmedia":[{"embeddable":true,"href":"https:\/\/nogods-nomasters.com\/nogodsnomasters\/wp-json\/wp\/v2\/media\/17612"}],"wp:attachment":[{"href":"https:\/\/nogods-nomasters.com\/nogodsnomasters\/wp-json\/wp\/v2\/media?parent=17611"}],"wp:term":[{"taxonomy":"product_brand","embeddable":true,"href":"https:\/\/nogods-nomasters.com\/nogodsnomasters\/wp-json\/wp\/v2\/product_brand?post=17611"},{"taxonomy":"product_cat","embeddable":true,"href":"https:\/\/nogods-nomasters.com\/nogodsnomasters\/wp-json\/wp\/v2\/product_cat?post=17611"},{"taxonomy":"product_tag","embeddable":true,"href":"https:\/\/nogods-nomasters.com\/nogodsnomasters\/wp-json\/wp\/v2\/product_tag?post=17611"}],"curies":[{"name":"wp","href":"https:\/\/api.w.org\/{rel}","templated":true}]}}