{"id":17613,"date":"2023-07-11T21:21:01","date_gmt":"2023-07-11T21:21:01","guid":{"rendered":"https:\/\/nogods-nomasters.com\/nogodsnomasters\/?post_type=product&#038;p=17613"},"modified":"2025-08-21T17:19:28","modified_gmt":"2025-08-21T17:19:28","slug":"mentira-nosotros-somos-nosotros-porque-como-individuos-no-somos-nada-12-lp","status":"publish","type":"product","link":"https:\/\/nogods-nomasters.com\/nogodsnomasters\/produto\/mentira-nosotros-somos-nosotros-porque-como-individuos-no-somos-nada-12-lp\/","title":{"rendered":"Mentira &#8211; Nosotros somos nosotros porque como individuos no somos nada 12\u201d LP"},"content":{"rendered":"<p><span style=\"font-size: 12pt; font-family: verdana, geneva, sans-serif; color: #000000;\">Um duo punk brasileiro em terras catal\u00e3s.<\/span><\/p>\n<p><span style=\"font-size: 12pt; font-family: verdana, geneva, sans-serif; color: #000000;\">Mentira mistura punk, em sua forma mais contestadora com ru\u00eddos e melodias as vezes dissonantes.<\/span><\/p>\n<p><span style=\"font-size: 12pt; font-family: verdana, geneva, sans-serif; color: #000000;\">Um disco fora do padr\u00e3o, como o punk se pretende ser.<\/span><\/p>\n<p><iframe style=\"border: 0; width: 100%; height: 120px;\" src=\"https:\/\/bandcamp.com\/EmbeddedPlayer\/album=2451607765\/size=large\/bgcol=ffffff\/linkcol=0687f5\/tracklist=false\/artwork=small\/transparent=true\/\" seamless=\"\"><a href=\"https:\/\/mentirainventomentira.bandcamp.com\/album\/nosotros-somos-nosotros-porque-como-individuos-no-somos-nada\">Nosotros somos nosotros porque como individuos no somos nada by Mentira<\/a><\/iframe><\/p>\n","protected":false},"excerpt":{"rendered":"<p>Um duo punk brasileiro em terras catal\u00e3s. Mentira mistura punk, em sua forma mais contestadora com ru\u00eddos e melodias as vezes dissonantes. Um disco fora do padr\u00e3o, como o punk se pretende ser. Nosotros somos nosotros porque como individuos no somos nada by Mentira<\/p>\n","protected":false},"featured_media":17614,"template":"","meta":{"_et_pb_use_builder":"","_et_pb_old_content":"","_et_gb_content_width":"","jetpack_post_was_ever_published":false,"jetpack_publicize_message":"","jetpack_publicize_feature_enabled":true,"jetpack_social_post_already_shared":true,"jetpack_social_options":{"image_generator_settings":{"template":"highway","default_image_id":0,"font":"","enabled":false},"version":2}},"product_brand":[],"product_cat":[46,61,59],"product_tag":[1105],"class_list":{"0":"post-17613","1":"product","2":"type-product","3":"status-publish","4":"has-post-thumbnail","6":"product_cat-discos","7":"product_cat-lp","8":"product_cat-vinil","9":"product_tag-mentira","11":"first","12":"instock","13":"shipping-taxable","14":"purchasable","15":"product-type-simple"},"jetpack_publicize_connections":[],"jetpack_sharing_enabled":true,"jetpack-related-posts":[],"_links":{"self":[{"href":"https:\/\/nogods-nomasters.com\/nogodsnomasters\/wp-json\/wp\/v2\/product\/17613","targetHints":{"allow":["GET"]}}],"collection":[{"href":"https:\/\/nogods-nomasters.com\/nogodsnomasters\/wp-json\/wp\/v2\/product"}],"about":[{"href":"https:\/\/nogods-nomasters.com\/nogodsnomasters\/wp-json\/wp\/v2\/types\/product"}],"wp:featuredmedia":[{"embeddable":true,"href":"https:\/\/nogods-nomasters.com\/nogodsnomasters\/wp-json\/wp\/v2\/media\/17614"}],"wp:attachment":[{"href":"https:\/\/nogods-nomasters.com\/nogodsnomasters\/wp-json\/wp\/v2\/media?parent=17613"}],"wp:term":[{"taxonomy":"product_brand","embeddable":true,"href":"https:\/\/nogods-nomasters.com\/nogodsnomasters\/wp-json\/wp\/v2\/product_brand?post=17613"},{"taxonomy":"product_cat","embeddable":true,"href":"https:\/\/nogods-nomasters.com\/nogodsnomasters\/wp-json\/wp\/v2\/product_cat?post=17613"},{"taxonomy":"product_tag","embeddable":true,"href":"https:\/\/nogods-nomasters.com\/nogodsnomasters\/wp-json\/wp\/v2\/product_tag?post=17613"}],"curies":[{"name":"wp","href":"https:\/\/api.w.org\/{rel}","templated":true}]}}