{"id":17615,"date":"2023-07-11T21:27:48","date_gmt":"2023-07-11T21:27:48","guid":{"rendered":"https:\/\/nogods-nomasters.com\/nogodsnomasters\/?post_type=product&#038;p=17615"},"modified":"2025-12-08T21:32:24","modified_gmt":"2025-12-08T21:32:24","slug":"escoria-veias-abertas-12-lp","status":"publish","type":"product","link":"https:\/\/nogods-nomasters.com\/nogodsnomasters\/produto\/escoria-veias-abertas-12-lp\/","title":{"rendered":"Escoria &#8211; Veias abertas 12\u201d LP"},"content":{"rendered":"<p style=\"text-align: justify;\"><span style=\"font-size: 12pt; font-family: verdana, geneva, sans-serif; color: #000000;\">Banda punk formada no Rio Grande do Sul.<\/span><\/p>\n<p style=\"text-align: justify;\"><span style=\"font-size: 12pt; font-family: verdana, geneva, sans-serif; color: #000000;\">Veias abertas traz 9 m\u00fasicas criticas, que trazem desde o tradicional hardcore, passando por um pouco de neo crust e chegando ao d-beat.<\/span><\/p>\n<p style=\"text-align: justify;\"><span style=\"font-size: 12pt; font-family: verdana, geneva, sans-serif; color: #000000;\">Vozes guturais, bons arranjos e \u00f3tima grava\u00e7\u00e3o, al\u00e9m de belas artes que ilustram a capa e contra capa.<\/span><\/p>\n<p><iframe style=\"border: 0; width: 100%; height: 120px;\" src=\"https:\/\/bandcamp.com\/EmbeddedPlayer\/album=3237168660\/size=large\/bgcol=ffffff\/linkcol=0687f5\/tracklist=false\/artwork=small\/transparent=true\/\" seamless=\"\"><a href=\"https:\/\/escoriaofficial.bandcamp.com\/album\/veias-abertas-2020\">Veias Abertas (2020) by Esc\u00f6ria<\/a><\/iframe><\/p>\n","protected":false},"excerpt":{"rendered":"<p>Banda punk formada no Rio Grande do Sul. Veias abertas traz 9 m\u00fasicas criticas, que trazem desde o tradicional hardcore, passando por um pouco de neo crust e chegando ao d-beat. Vozes guturais, bons arranjos e \u00f3tima grava\u00e7\u00e3o, al\u00e9m de belas artes que ilustram a capa e contra capa. Veias Abertas (2020) by Esc\u00f6ria<\/p>\n","protected":false},"featured_media":17616,"template":"","meta":{"_et_pb_use_builder":"","_et_pb_old_content":"","_et_gb_content_width":"","jetpack_post_was_ever_published":false,"jetpack_publicize_message":"","jetpack_publicize_feature_enabled":true,"jetpack_social_post_already_shared":true,"jetpack_social_options":{"image_generator_settings":{"template":"highway","default_image_id":0,"font":"","enabled":false},"version":2}},"product_brand":[],"product_cat":[46,61,59],"product_tag":[1106],"class_list":{"0":"post-17615","1":"product","2":"type-product","3":"status-publish","4":"has-post-thumbnail","6":"product_cat-discos","7":"product_cat-lp","8":"product_cat-vinil","9":"product_tag-escoria","11":"first","12":"instock","13":"shipping-taxable","14":"purchasable","15":"product-type-simple"},"jetpack_publicize_connections":[],"jetpack_sharing_enabled":true,"jetpack-related-posts":[],"_links":{"self":[{"href":"https:\/\/nogods-nomasters.com\/nogodsnomasters\/wp-json\/wp\/v2\/product\/17615","targetHints":{"allow":["GET"]}}],"collection":[{"href":"https:\/\/nogods-nomasters.com\/nogodsnomasters\/wp-json\/wp\/v2\/product"}],"about":[{"href":"https:\/\/nogods-nomasters.com\/nogodsnomasters\/wp-json\/wp\/v2\/types\/product"}],"wp:featuredmedia":[{"embeddable":true,"href":"https:\/\/nogods-nomasters.com\/nogodsnomasters\/wp-json\/wp\/v2\/media\/17616"}],"wp:attachment":[{"href":"https:\/\/nogods-nomasters.com\/nogodsnomasters\/wp-json\/wp\/v2\/media?parent=17615"}],"wp:term":[{"taxonomy":"product_brand","embeddable":true,"href":"https:\/\/nogods-nomasters.com\/nogodsnomasters\/wp-json\/wp\/v2\/product_brand?post=17615"},{"taxonomy":"product_cat","embeddable":true,"href":"https:\/\/nogods-nomasters.com\/nogodsnomasters\/wp-json\/wp\/v2\/product_cat?post=17615"},{"taxonomy":"product_tag","embeddable":true,"href":"https:\/\/nogods-nomasters.com\/nogodsnomasters\/wp-json\/wp\/v2\/product_tag?post=17615"}],"curies":[{"name":"wp","href":"https:\/\/api.w.org\/{rel}","templated":true}]}}