{"id":17639,"date":"2023-07-12T18:15:50","date_gmt":"2023-07-12T18:15:50","guid":{"rendered":"https:\/\/nogods-nomasters.com\/nogodsnomasters\/?post_type=product&#038;p=17639"},"modified":"2025-08-12T21:13:10","modified_gmt":"2025-08-12T21:13:10","slug":"neon-neon-rot-lp-12","status":"publish","type":"product","link":"https:\/\/nogods-nomasters.com\/nogodsnomasters\/produto\/neon-neon-rot-lp-12\/","title":{"rendered":"Neon Neon \u2013 Rot LP 12\u201d"},"content":{"rendered":"<p style=\"text-align: justify;\"><span style=\"font-family: verdana, geneva, sans-serif; color: #000000;\">Banda formada em Bremen, com sonoridade e pessoas apaixonantes.<\/span><\/p>\n<p style=\"text-align: justify;\"><span style=\"font-family: verdana, geneva, sans-serif; color: #000000;\">Punk rock energ\u00e9tico, carregado de sentimentos, vocais mel\u00f3dicos com linhas incriveis.<\/span><\/p>\n<p style=\"text-align: justify;\"><span style=\"font-family: verdana, geneva, sans-serif; color: #000000;\">Rot \u00e9 o primeiro LP da Neon Neon e j\u00e1 deixa a curiosidade do que vir\u00e1 em um pr\u00f3ximo disco.<\/span><\/p>\n<p><iframe style=\"border: 0; width: 100%; height: 120px;\" src=\"https:\/\/bandcamp.com\/EmbeddedPlayer\/album=217658639\/size=large\/bgcol=ffffff\/linkcol=0687f5\/tracklist=false\/artwork=small\/transparent=true\/\" seamless=\"\"><a href=\"https:\/\/neon-neon.bandcamp.com\/album\/rot\">ROT by NEON NEON<\/a><\/iframe><\/p>\n","protected":false},"excerpt":{"rendered":"<p>Banda formada em Bremen, com sonoridade e pessoas apaixonantes. Punk rock energ\u00e9tico, carregado de sentimentos, vocais mel\u00f3dicos com linhas incriveis. Rot \u00e9 o primeiro LP da Neon Neon e j\u00e1 deixa a curiosidade do que vir\u00e1 em um pr\u00f3ximo disco. ROT by NEON NEON<\/p>\n","protected":false},"featured_media":17640,"template":"","meta":{"_et_pb_use_builder":"","_et_pb_old_content":"","_et_gb_content_width":"","jetpack_post_was_ever_published":false,"jetpack_publicize_message":"","jetpack_publicize_feature_enabled":true,"jetpack_social_post_already_shared":true,"jetpack_social_options":{"image_generator_settings":{"template":"highway","default_image_id":0,"font":"","enabled":false},"version":2}},"product_brand":[],"product_cat":[46,61,59],"product_tag":[1114],"class_list":{"0":"post-17639","1":"product","2":"type-product","3":"status-publish","4":"has-post-thumbnail","6":"product_cat-discos","7":"product_cat-lp","8":"product_cat-vinil","9":"product_tag-neon-neon","11":"first","12":"instock","13":"shipping-taxable","14":"purchasable","15":"product-type-simple"},"jetpack_publicize_connections":[],"jetpack_sharing_enabled":true,"jetpack-related-posts":[],"_links":{"self":[{"href":"https:\/\/nogods-nomasters.com\/nogodsnomasters\/wp-json\/wp\/v2\/product\/17639","targetHints":{"allow":["GET"]}}],"collection":[{"href":"https:\/\/nogods-nomasters.com\/nogodsnomasters\/wp-json\/wp\/v2\/product"}],"about":[{"href":"https:\/\/nogods-nomasters.com\/nogodsnomasters\/wp-json\/wp\/v2\/types\/product"}],"wp:featuredmedia":[{"embeddable":true,"href":"https:\/\/nogods-nomasters.com\/nogodsnomasters\/wp-json\/wp\/v2\/media\/17640"}],"wp:attachment":[{"href":"https:\/\/nogods-nomasters.com\/nogodsnomasters\/wp-json\/wp\/v2\/media?parent=17639"}],"wp:term":[{"taxonomy":"product_brand","embeddable":true,"href":"https:\/\/nogods-nomasters.com\/nogodsnomasters\/wp-json\/wp\/v2\/product_brand?post=17639"},{"taxonomy":"product_cat","embeddable":true,"href":"https:\/\/nogods-nomasters.com\/nogodsnomasters\/wp-json\/wp\/v2\/product_cat?post=17639"},{"taxonomy":"product_tag","embeddable":true,"href":"https:\/\/nogods-nomasters.com\/nogodsnomasters\/wp-json\/wp\/v2\/product_tag?post=17639"}],"curies":[{"name":"wp","href":"https:\/\/api.w.org\/{rel}","templated":true}]}}