{"id":17643,"date":"2023-07-12T18:20:34","date_gmt":"2023-07-12T18:20:34","guid":{"rendered":"https:\/\/nogods-nomasters.com\/nogodsnomasters\/?post_type=product&#038;p=17643"},"modified":"2025-08-12T21:12:57","modified_gmt":"2025-08-12T21:12:57","slug":"vertigo-vinculos-lp-12","status":"publish","type":"product","link":"https:\/\/nogods-nomasters.com\/nogodsnomasters\/produto\/vertigo-vinculos-lp-12\/","title":{"rendered":"Vertigo \u2013 Vinculos Lp 12\u201d"},"content":{"rendered":"<p style=\"text-align: justify;\"><span style=\"color: #000000; font-family: verdana, geneva, sans-serif;\">Punk rock catal\u00e3o \u00e9 sempre aquela mistura de melodia e raiva.<\/span><\/p>\n<p style=\"text-align: justify;\"><span style=\"color: #000000; font-family: verdana, geneva, sans-serif;\">Vertigo \u00e9 assim e mesmo se remetendo a velhas bandas traz suas caracter\u00edsticas bem pr\u00f3prias e cheias de energia.<\/span><\/p>\n<p style=\"text-align: justify;\"><span style=\"color: #000000; font-family: verdana, geneva, sans-serif;\">Um \u00f3timo disco!<\/span><\/p>\n<p><iframe style=\"border: 0; width: 100%; height: 120px;\" src=\"https:\/\/bandcamp.com\/EmbeddedPlayer\/album=2343503026\/size=large\/bgcol=ffffff\/linkcol=0687f5\/tracklist=false\/artwork=small\/transparent=true\/\" seamless><a href=\"https:\/\/deofora.bandcamp.com\/album\/v-rtigo-v-nculos-12-lp-dof009\">V\u00e9rtigo &#8211; V\u00ednculos 12&#39;&#39; LP &#8211; DOF009 by V\u00e9rtigo<\/a><\/iframe><\/p>\n","protected":false},"excerpt":{"rendered":"<p>Punk rock catal\u00e3o \u00e9 sempre aquela mistura de melodia e raiva. Vertigo \u00e9 assim e mesmo se remetendo a velhas bandas traz suas caracter\u00edsticas bem pr\u00f3prias e cheias de energia. Um \u00f3timo disco! V\u00e9rtigo &#8211; V\u00ednculos 12&#39;&#39; LP &#8211; DOF009 by V\u00e9rtigo<\/p>\n","protected":false},"featured_media":17644,"template":"","meta":{"_et_pb_use_builder":"","_et_pb_old_content":"","_et_gb_content_width":"","jetpack_post_was_ever_published":false,"jetpack_publicize_message":"","jetpack_publicize_feature_enabled":true,"jetpack_social_post_already_shared":true,"jetpack_social_options":{"image_generator_settings":{"template":"highway","default_image_id":0,"font":"","enabled":false},"version":2}},"product_brand":[],"product_cat":[46,61,59],"product_tag":[1117],"class_list":{"0":"post-17643","1":"product","2":"type-product","3":"status-publish","4":"has-post-thumbnail","6":"product_cat-discos","7":"product_cat-lp","8":"product_cat-vinil","9":"product_tag-vertigo","11":"first","12":"instock","13":"shipping-taxable","14":"purchasable","15":"product-type-simple"},"jetpack_publicize_connections":[],"jetpack_sharing_enabled":true,"jetpack-related-posts":[],"_links":{"self":[{"href":"https:\/\/nogods-nomasters.com\/nogodsnomasters\/wp-json\/wp\/v2\/product\/17643","targetHints":{"allow":["GET"]}}],"collection":[{"href":"https:\/\/nogods-nomasters.com\/nogodsnomasters\/wp-json\/wp\/v2\/product"}],"about":[{"href":"https:\/\/nogods-nomasters.com\/nogodsnomasters\/wp-json\/wp\/v2\/types\/product"}],"wp:featuredmedia":[{"embeddable":true,"href":"https:\/\/nogods-nomasters.com\/nogodsnomasters\/wp-json\/wp\/v2\/media\/17644"}],"wp:attachment":[{"href":"https:\/\/nogods-nomasters.com\/nogodsnomasters\/wp-json\/wp\/v2\/media?parent=17643"}],"wp:term":[{"taxonomy":"product_brand","embeddable":true,"href":"https:\/\/nogods-nomasters.com\/nogodsnomasters\/wp-json\/wp\/v2\/product_brand?post=17643"},{"taxonomy":"product_cat","embeddable":true,"href":"https:\/\/nogods-nomasters.com\/nogodsnomasters\/wp-json\/wp\/v2\/product_cat?post=17643"},{"taxonomy":"product_tag","embeddable":true,"href":"https:\/\/nogods-nomasters.com\/nogodsnomasters\/wp-json\/wp\/v2\/product_tag?post=17643"}],"curies":[{"name":"wp","href":"https:\/\/api.w.org\/{rel}","templated":true}]}}