{"id":17649,"date":"2023-07-12T18:30:56","date_gmt":"2023-07-12T18:30:56","guid":{"rendered":"https:\/\/nogods-nomasters.com\/nogodsnomasters\/?post_type=product&#038;p=17649"},"modified":"2025-12-10T16:59:29","modified_gmt":"2025-12-10T16:59:29","slug":"jardim-das-peculiaridades-jesus-sepulveda-2","status":"publish","type":"product","link":"https:\/\/nogods-nomasters.com\/nogodsnomasters\/produto\/jardim-das-peculiaridades-jesus-sepulveda-2\/","title":{"rendered":"Jardim das peculiaridades \u2013 Jesus Sep\u00falveda (NGNM 025)"},"content":{"rendered":"<p style=\"text-align: justify;\"><span style=\"font-family: verdana, geneva, sans-serif; color: #000000;\">Edi\u00e7\u00e3o que celebra os 20 anos do livro\u00a0<em>O Jardim das Peculiaridades<\/em>\u00a0de Jes\u00fas Sep\u00falveda. Pela primeira vez em livro de l\u00edngua portuguesa, a Edi\u00e7\u00f5es Insurrectas preparou uma vers\u00e3o especial com entrevista-conversa in\u00e9dita com o autor comentando os pontos pertinentes e as mudan\u00e7as globais que vivemos nas duas d\u00e9cadas desde seu lan\u00e7amento.<\/span><\/p>\n<p style=\"text-align: justify;\"><span style=\"font-family: verdana, geneva, sans-serif; color: #000000;\">Jes\u00fas Sep\u00falveda (1967) \u00e9 chileno e vive em Oregon, nos EUA. Contribuiu, com a extinta revista\u00a0<em>Green Anarchy<\/em>\u00a0e \u00e9 um escritor anarquista em sintonia com sua \u00e9poca e que n\u00e3o limita seu discurso. Hist\u00f3ria, filosofia, antropologia, literatura e poesia s\u00e3o campos que se misturam com sutileza em seus textos, como em\u00a0<em>O Jardim das Peculiaridades<\/em>. Nele, Sep\u00falveda torna evidente o esfor\u00e7o massificador de uma sociedade industrial, dominada pela raz\u00e3o instrumental e que enxerga o mundo com um olhar alheio \u00e0quilo que denomina natureza. Para fazer isso, nos convida a uma reflex\u00e3o sobre os artif\u00edcios do discurso que media nossas rela\u00e7\u00f5es com o mundo ao nosso redor atrav\u00e9s de uma lente etnoc\u00eantrica, sexista e especista.<\/span><\/p>\n<p><span style=\"color: #000000; font-family: verdana, geneva, sans-serif;\">192 p\u00e1ginas<\/span><\/p>\n","protected":false},"excerpt":{"rendered":"<p>Edi\u00e7\u00e3o que celebra os 20 anos do livro\u00a0O Jardim das Peculiaridades\u00a0de Jes\u00fas Sep\u00falveda. Pela primeira vez em livro de l\u00edngua portuguesa, a Edi\u00e7\u00f5es Insurrectas preparou uma vers\u00e3o especial com entrevista-conversa in\u00e9dita com o autor comentando os pontos pertinentes e as mudan\u00e7as globais que vivemos nas duas d\u00e9cadas desde seu lan\u00e7amento. Jes\u00fas Sep\u00falveda (1967) \u00e9 chileno [&hellip;]<\/p>\n","protected":false},"featured_media":17650,"template":"","meta":{"_et_pb_use_builder":"","_et_pb_old_content":"","_et_gb_content_width":"","jetpack_post_was_ever_published":false,"jetpack_publicize_message":"","jetpack_publicize_feature_enabled":true,"jetpack_social_post_already_shared":true,"jetpack_social_options":{"image_generator_settings":{"template":"highway","default_image_id":0,"font":"","enabled":false},"version":2}},"product_brand":[],"product_cat":[47,53],"product_tag":[926,927],"class_list":{"0":"post-17649","1":"product","2":"type-product","3":"status-publish","4":"has-post-thumbnail","6":"product_cat-livros","7":"product_cat-nossoslancamentos","8":"product_tag-jardim-das-peculiaridades","9":"product_tag-jesus-sepulveda","11":"first","12":"instock","13":"shipping-taxable","14":"purchasable","15":"product-type-simple"},"jetpack_publicize_connections":[],"jetpack_sharing_enabled":true,"jetpack-related-posts":[],"_links":{"self":[{"href":"https:\/\/nogods-nomasters.com\/nogodsnomasters\/wp-json\/wp\/v2\/product\/17649","targetHints":{"allow":["GET"]}}],"collection":[{"href":"https:\/\/nogods-nomasters.com\/nogodsnomasters\/wp-json\/wp\/v2\/product"}],"about":[{"href":"https:\/\/nogods-nomasters.com\/nogodsnomasters\/wp-json\/wp\/v2\/types\/product"}],"wp:featuredmedia":[{"embeddable":true,"href":"https:\/\/nogods-nomasters.com\/nogodsnomasters\/wp-json\/wp\/v2\/media\/17650"}],"wp:attachment":[{"href":"https:\/\/nogods-nomasters.com\/nogodsnomasters\/wp-json\/wp\/v2\/media?parent=17649"}],"wp:term":[{"taxonomy":"product_brand","embeddable":true,"href":"https:\/\/nogods-nomasters.com\/nogodsnomasters\/wp-json\/wp\/v2\/product_brand?post=17649"},{"taxonomy":"product_cat","embeddable":true,"href":"https:\/\/nogods-nomasters.com\/nogodsnomasters\/wp-json\/wp\/v2\/product_cat?post=17649"},{"taxonomy":"product_tag","embeddable":true,"href":"https:\/\/nogods-nomasters.com\/nogodsnomasters\/wp-json\/wp\/v2\/product_tag?post=17649"}],"curies":[{"name":"wp","href":"https:\/\/api.w.org\/{rel}","templated":true}]}}