{"id":17651,"date":"2023-07-12T18:38:02","date_gmt":"2023-07-12T18:38:02","guid":{"rendered":"https:\/\/nogods-nomasters.com\/nogodsnomasters\/?post_type=product&#038;p=17651"},"modified":"2025-08-12T21:12:25","modified_gmt":"2025-08-12T21:12:25","slug":"maudit-dragon-s-t-lp-12-ngnm-026","status":"publish","type":"product","link":"https:\/\/nogods-nomasters.com\/nogodsnomasters\/produto\/maudit-dragon-s-t-lp-12-ngnm-026\/","title":{"rendered":"Maudit Dragon \u2013 S\/T LP 12\u201d (NGNM 026)"},"content":{"rendered":"<p style=\"text-align: justify;\"><span style=\"font-family: verdana, geneva, sans-serif; color: #000000;\">Que disco!<\/span><\/p>\n<p style=\"text-align: justify;\"><span style=\"font-family: verdana, geneva, sans-serif; color: #000000;\">Maudit Dragon \u00e9 uma banda formada por 3 pessoas muito queridas da cidade de Grenoble, Fran\u00e7a.<\/span><\/p>\n<p style=\"text-align: justify;\"><span style=\"font-family: verdana, geneva, sans-serif; color: #000000;\">\u00c9 aquela banda que vicia e te deixa um tanto hipnotizado com os detalhes das suas m\u00fasicas e que apaixona com as din\u00e2micas criadas entre guitarra, baixo, bateria e a voz. E que voz, Jomar mistura uma voz distorcida com melodias daquelas que grudam na cabe\u00e7a e quando menos notamos estamos cantarolando por ai, na rotina da vida. David e sua bateria precisa e com muitos tambores mais graves e por falar em graves, Guillaume encanta com as linhas de baixo.<\/span><\/p>\n<p style=\"text-align: justify;\"><span style=\"font-family: verdana, geneva, sans-serif; color: #000000;\">Uma mistura de estilos dentro do pr\u00f3prio punk, uma m\u00fasica apaixonada e feroz.<\/span><\/p>\n<p style=\"text-align: justify;\"><span style=\"font-family: verdana, geneva, sans-serif; color: #000000;\">Um disco indispens\u00e1vel!<\/span><\/p>\n<p><iframe style=\"border: 0; width: 100%; height: 120px;\" src=\"https:\/\/bandcamp.com\/EmbeddedPlayer\/album=3159309510\/size=large\/bgcol=ffffff\/linkcol=0687f5\/tracklist=false\/artwork=small\/transparent=true\/\" seamless=\"\"><a href=\"https:\/\/mauditdragon.bandcamp.com\/album\/maudit-dragon\">Maudit Dragon by Maudit Dragon<\/a><\/iframe><\/p>\n","protected":false},"excerpt":{"rendered":"<p>Que disco! Maudit Dragon \u00e9 uma banda formada por 3 pessoas muito queridas da cidade de Grenoble, Fran\u00e7a. \u00c9 aquela banda que vicia e te deixa um tanto hipnotizado com os detalhes das suas m\u00fasicas e que apaixona com as din\u00e2micas criadas entre guitarra, baixo, bateria e a voz. E que voz, Jomar mistura uma [&hellip;]<\/p>\n","protected":false},"featured_media":17652,"template":"","meta":{"_et_pb_use_builder":"","_et_pb_old_content":"","_et_gb_content_width":"","jetpack_post_was_ever_published":false,"jetpack_publicize_message":"","jetpack_publicize_feature_enabled":true,"jetpack_social_post_already_shared":true,"jetpack_social_options":{"image_generator_settings":{"template":"highway","default_image_id":0,"font":"","enabled":false},"version":2}},"product_brand":[],"product_cat":[46,61,1133,53,59],"product_tag":[1118],"class_list":{"0":"post-17651","1":"product","2":"type-product","3":"status-publish","4":"has-post-thumbnail","6":"product_cat-discos","7":"product_cat-lp","8":"product_cat-oferta","9":"product_cat-nossoslancamentos","10":"product_cat-vinil","11":"product_tag-maudit-dragon","13":"first","14":"instock","15":"sale","16":"shipping-taxable","17":"purchasable","18":"product-type-simple"},"jetpack_publicize_connections":[],"jetpack_sharing_enabled":true,"jetpack-related-posts":[],"_links":{"self":[{"href":"https:\/\/nogods-nomasters.com\/nogodsnomasters\/wp-json\/wp\/v2\/product\/17651","targetHints":{"allow":["GET"]}}],"collection":[{"href":"https:\/\/nogods-nomasters.com\/nogodsnomasters\/wp-json\/wp\/v2\/product"}],"about":[{"href":"https:\/\/nogods-nomasters.com\/nogodsnomasters\/wp-json\/wp\/v2\/types\/product"}],"wp:featuredmedia":[{"embeddable":true,"href":"https:\/\/nogods-nomasters.com\/nogodsnomasters\/wp-json\/wp\/v2\/media\/17652"}],"wp:attachment":[{"href":"https:\/\/nogods-nomasters.com\/nogodsnomasters\/wp-json\/wp\/v2\/media?parent=17651"}],"wp:term":[{"taxonomy":"product_brand","embeddable":true,"href":"https:\/\/nogods-nomasters.com\/nogodsnomasters\/wp-json\/wp\/v2\/product_brand?post=17651"},{"taxonomy":"product_cat","embeddable":true,"href":"https:\/\/nogods-nomasters.com\/nogodsnomasters\/wp-json\/wp\/v2\/product_cat?post=17651"},{"taxonomy":"product_tag","embeddable":true,"href":"https:\/\/nogods-nomasters.com\/nogodsnomasters\/wp-json\/wp\/v2\/product_tag?post=17651"}],"curies":[{"name":"wp","href":"https:\/\/api.w.org\/{rel}","templated":true}]}}