{"id":17653,"date":"2023-07-12T18:47:30","date_gmt":"2023-07-12T18:47:30","guid":{"rendered":"https:\/\/nogods-nomasters.com\/nogodsnomasters\/?post_type=product&#038;p=17653"},"modified":"2025-08-21T17:20:49","modified_gmt":"2025-08-21T17:20:49","slug":"ran-atrabilar-lp-12-ngnm-027","status":"publish","type":"product","link":"https:\/\/nogods-nomasters.com\/nogodsnomasters\/produto\/ran-atrabilar-lp-12-ngnm-027\/","title":{"rendered":"Ran \u2013 Atrabilar LP 12\u201d (NGNM 027)"},"content":{"rendered":"<p style=\"text-align: justify;\"><span style=\"font-family: verdana, geneva, sans-serif; color: #000000;\">Ran \u00e9 uma banda punk formada em Lyon, Fran\u00e7a.<\/span><\/p>\n<p style=\"text-align: justify;\"><span style=\"font-family: verdana, geneva, sans-serif; color: #000000;\">Formada por pessoas envolvidas com ocupa\u00e7\u00f5es, organiza\u00e7\u00e3o de shows e manifesta\u00e7\u00f5es e muito am\u00e1veis.<\/span><\/p>\n<p style=\"text-align: justify;\"><span style=\"font-family: verdana, geneva, sans-serif; color: #000000;\">Atrabilar \u00e9 o primeiro disco da Ran e conta com 14 can\u00e7\u00f5es que misturam a proposta politica punk com hardcore e grindcore.<\/span><\/p>\n<p style=\"text-align: justify;\"><span style=\"font-family: verdana, geneva, sans-serif; color: #000000;\">Suas m\u00fasicas, distorcidas, gritadas, trazem reclama\u00e7\u00f5es sobre o mundo e sua forma perversa de exist\u00eancia.<\/span><\/p>\n<p><iframe loading=\"lazy\" title=\"YouTube video player\" src=\"https:\/\/www.youtube.com\/embed\/09vRTO1EiXk\" width=\"560\" height=\"315\" frameborder=\"0\" allowfullscreen=\"allowfullscreen\"><\/iframe><\/p>\n","protected":false},"excerpt":{"rendered":"<p>Ran \u00e9 uma banda punk formada em Lyon, Fran\u00e7a. Formada por pessoas envolvidas com ocupa\u00e7\u00f5es, organiza\u00e7\u00e3o de shows e manifesta\u00e7\u00f5es e muito am\u00e1veis. Atrabilar \u00e9 o primeiro disco da Ran e conta com 14 can\u00e7\u00f5es que misturam a proposta politica punk com hardcore e grindcore. Suas m\u00fasicas, distorcidas, gritadas, trazem reclama\u00e7\u00f5es sobre o mundo e [&hellip;]<\/p>\n","protected":false},"featured_media":17654,"template":"","meta":{"_et_pb_use_builder":"","_et_pb_old_content":"","_et_gb_content_width":"","jetpack_post_was_ever_published":false,"jetpack_publicize_message":"","jetpack_publicize_feature_enabled":true,"jetpack_social_post_already_shared":true,"jetpack_social_options":{"image_generator_settings":{"template":"highway","default_image_id":0,"font":"","enabled":false},"version":2}},"product_brand":[],"product_cat":[46,61,1133,53,59],"product_tag":[1119],"class_list":{"0":"post-17653","1":"product","2":"type-product","3":"status-publish","4":"has-post-thumbnail","6":"product_cat-discos","7":"product_cat-lp","8":"product_cat-oferta","9":"product_cat-nossoslancamentos","10":"product_cat-vinil","11":"product_tag-ran","13":"first","14":"instock","15":"sale","16":"shipping-taxable","17":"purchasable","18":"product-type-simple"},"jetpack_publicize_connections":[],"jetpack_sharing_enabled":true,"jetpack-related-posts":[],"_links":{"self":[{"href":"https:\/\/nogods-nomasters.com\/nogodsnomasters\/wp-json\/wp\/v2\/product\/17653","targetHints":{"allow":["GET"]}}],"collection":[{"href":"https:\/\/nogods-nomasters.com\/nogodsnomasters\/wp-json\/wp\/v2\/product"}],"about":[{"href":"https:\/\/nogods-nomasters.com\/nogodsnomasters\/wp-json\/wp\/v2\/types\/product"}],"wp:featuredmedia":[{"embeddable":true,"href":"https:\/\/nogods-nomasters.com\/nogodsnomasters\/wp-json\/wp\/v2\/media\/17654"}],"wp:attachment":[{"href":"https:\/\/nogods-nomasters.com\/nogodsnomasters\/wp-json\/wp\/v2\/media?parent=17653"}],"wp:term":[{"taxonomy":"product_brand","embeddable":true,"href":"https:\/\/nogods-nomasters.com\/nogodsnomasters\/wp-json\/wp\/v2\/product_brand?post=17653"},{"taxonomy":"product_cat","embeddable":true,"href":"https:\/\/nogods-nomasters.com\/nogodsnomasters\/wp-json\/wp\/v2\/product_cat?post=17653"},{"taxonomy":"product_tag","embeddable":true,"href":"https:\/\/nogods-nomasters.com\/nogodsnomasters\/wp-json\/wp\/v2\/product_tag?post=17653"}],"curies":[{"name":"wp","href":"https:\/\/api.w.org\/{rel}","templated":true}]}}