{"id":17655,"date":"2023-07-12T18:50:52","date_gmt":"2023-07-12T18:50:52","guid":{"rendered":"https:\/\/nogods-nomasters.com\/nogodsnomasters\/?post_type=product&#038;p=17655"},"modified":"2025-09-13T23:50:53","modified_gmt":"2025-09-13T23:50:53","slug":"crua-coracao-rebelde-lp-12-ngnm-028","status":"publish","type":"product","link":"https:\/\/nogods-nomasters.com\/nogodsnomasters\/produto\/crua-coracao-rebelde-lp-12-ngnm-028\/","title":{"rendered":"Crua \u2013 Cora\u00e7\u00e3o Rebelde Lp 12\u201d (NGNM 028)"},"content":{"rendered":"<p style=\"text-align: justify;\"><span style=\"font-family: verdana, geneva, sans-serif; color: #000000;\">Crua \u00e9 uma banda punk formada na cidade de Peruibe\/SP com a ideia de voltar aos 3 acordes, crus, simples e falar sobre temas que tocam o entorno da vida das pessoas da banda.<\/span><\/p>\n<p style=\"text-align: justify;\"><span style=\"font-family: verdana, geneva, sans-serif; color: #000000;\">Uma banda que quer expor da forma mais direta suas angustias, desejos e propostas de luta<\/span><\/p>\n<p style=\"text-align: justify;\"><span style=\"font-family: verdana, geneva, sans-serif; color: #000000;\">Veganismo, libera\u00e7\u00e3o animal, prote\u00e7\u00e3o da floresta, territ\u00f3rio ind\u00edgena, s\u00e3o alguns dos temas que fazem parte deste disco.<\/span><\/p>\n<p style=\"text-align: justify;\"><span style=\"font-family: verdana, geneva, sans-serif; color: #000000;\">Neste LP temos 10 m\u00fasicas, hardcore r\u00e1pido, sujo, feito com o cora\u00e7\u00e3o cheio de rebeldia em um mundo onde cora\u00e7\u00f5es se petrificam.<\/span><\/p>\n<p style=\"text-align: justify;\"><span style=\"font-family: verdana, geneva, sans-serif; color: #000000;\">Capa e arte pelo querido Flavio Gr\u00e3o.<\/span><\/p>\n<p><iframe style=\"border: 0; width: 100%; height: 120px;\" src=\"https:\/\/bandcamp.com\/EmbeddedPlayer\/album=1124505902\/size=large\/bgcol=ffffff\/linkcol=0687f5\/tracklist=false\/artwork=small\/transparent=true\/\" seamless=\"\"><a href=\"https:\/\/cruapunk.bandcamp.com\/album\/cora-o-rebelde\">Cora\u00e7\u00e3o Rebelde by CRUA<\/a><\/iframe><\/p>\n","protected":false},"excerpt":{"rendered":"<p>Crua \u00e9 uma banda punk formada na cidade de Peruibe\/SP com a ideia de voltar aos 3 acordes, crus, simples e falar sobre temas que tocam o entorno da vida das pessoas da banda. Uma banda que quer expor da forma mais direta suas angustias, desejos e propostas de luta Veganismo, libera\u00e7\u00e3o animal, prote\u00e7\u00e3o da [&hellip;]<\/p>\n","protected":false},"featured_media":17552,"template":"","meta":{"_et_pb_use_builder":"","_et_pb_old_content":"","_et_gb_content_width":"","jetpack_post_was_ever_published":false,"jetpack_publicize_message":"","jetpack_publicize_feature_enabled":true,"jetpack_social_post_already_shared":true,"jetpack_social_options":{"image_generator_settings":{"template":"highway","default_image_id":0,"font":"","enabled":false},"version":2}},"product_brand":[],"product_cat":[46,61,1133,53,59],"product_tag":[1097,1120],"class_list":{"0":"post-17655","1":"product","2":"type-product","3":"status-publish","4":"has-post-thumbnail","6":"product_cat-discos","7":"product_cat-lp","8":"product_cat-oferta","9":"product_cat-nossoslancamentos","10":"product_cat-vinil","11":"product_tag-crua","12":"product_tag-cruapunk","14":"first","15":"instock","16":"sale","17":"shipping-taxable","18":"purchasable","19":"product-type-simple"},"jetpack_publicize_connections":[],"jetpack_sharing_enabled":true,"jetpack-related-posts":[],"_links":{"self":[{"href":"https:\/\/nogods-nomasters.com\/nogodsnomasters\/wp-json\/wp\/v2\/product\/17655","targetHints":{"allow":["GET"]}}],"collection":[{"href":"https:\/\/nogods-nomasters.com\/nogodsnomasters\/wp-json\/wp\/v2\/product"}],"about":[{"href":"https:\/\/nogods-nomasters.com\/nogodsnomasters\/wp-json\/wp\/v2\/types\/product"}],"wp:featuredmedia":[{"embeddable":true,"href":"https:\/\/nogods-nomasters.com\/nogodsnomasters\/wp-json\/wp\/v2\/media\/17552"}],"wp:attachment":[{"href":"https:\/\/nogods-nomasters.com\/nogodsnomasters\/wp-json\/wp\/v2\/media?parent=17655"}],"wp:term":[{"taxonomy":"product_brand","embeddable":true,"href":"https:\/\/nogods-nomasters.com\/nogodsnomasters\/wp-json\/wp\/v2\/product_brand?post=17655"},{"taxonomy":"product_cat","embeddable":true,"href":"https:\/\/nogods-nomasters.com\/nogodsnomasters\/wp-json\/wp\/v2\/product_cat?post=17655"},{"taxonomy":"product_tag","embeddable":true,"href":"https:\/\/nogods-nomasters.com\/nogodsnomasters\/wp-json\/wp\/v2\/product_tag?post=17655"}],"curies":[{"name":"wp","href":"https:\/\/api.w.org\/{rel}","templated":true}]}}