{"id":17656,"date":"2023-07-12T18:53:51","date_gmt":"2023-07-12T18:53:51","guid":{"rendered":"https:\/\/nogods-nomasters.com\/nogodsnomasters\/?post_type=product&#038;p=17656"},"modified":"2026-03-05T13:54:29","modified_gmt":"2026-03-05T13:54:29","slug":"agua-organica-ep-7-ngnm-029","status":"publish","type":"product","link":"https:\/\/nogods-nomasters.com\/nogodsnomasters\/produto\/agua-organica-ep-7-ngnm-029\/","title":{"rendered":"\u00c1gua \u2013 Org\u00e2nica EP 7\u201d (NGNM 029)"},"content":{"rendered":"<p style=\"text-align: justify;\"><span style=\"font-family: verdana, geneva, sans-serif; color: #000000;\">\u00c1gua \u00e9 uma banda formada em meio a mata atl\u00e2ntica, fruto de viv\u00eancias em contato com a mata, com povos origin\u00e1rios, o anarquismo e o punk.<\/span><\/p>\n<p style=\"text-align: justify;\"><span style=\"font-family: verdana, geneva, sans-serif; color: #000000;\">\u00c1gua \u00e9 um dos projetos do coletivo anarquista Cultive Resist\u00eancia.<\/span><\/p>\n<p style=\"text-align: justify;\"><span style=\"font-family: verdana, geneva, sans-serif; color: #000000;\">Nesta mescla disforme, surgiu a ideia de utilizar a m\u00fasica como uma ferramenta de express\u00e3o e propaganda.<\/span><\/p>\n<p style=\"text-align: justify;\"><span style=\"font-family: verdana, geneva, sans-serif; color: #000000;\">E neste primeiro EP, as 4 m\u00fasicas colocam humanos e floresta como seres interligados que o s\u00e3o, mas tratando de seres que permitiram esta interliga\u00e7\u00e3o sem resist\u00eancia e at\u00e9 mesmo com o desejo de ser parte da natureza e lutar por ela.<\/span><\/p>\n<p style=\"text-align: justify;\"><span style=\"font-family: verdana, geneva, sans-serif; color: #000000;\">Org\u00e2nica convida a lutarmos por sermos livres com o movimento das aguas e arvores como inspira\u00e7\u00e3o.<\/span><\/p>\n<p style=\"text-align: justify;\"><span style=\"font-family: verdana, geneva, sans-serif; color: #000000;\">Toda a arte foi pensada neste contexto e desenvolvida pelo querid\u00edssimo Yuri, Ipad\u00ea est\u00fadios que transformou nossos sonhos em desenhos incr\u00edveis<\/span><\/p>\n<p style=\"text-align: justify;\"><span style=\"font-family: verdana, geneva, sans-serif; color: #000000;\">O disco vem acompanhado de um pequeno livreto com as letras e um texto sobre esta ideia, sermos resist\u00eancia! E as 100 primeiras c\u00f3pias vem com um poster!!<\/span><\/p>\n<p style=\"text-align: justify;\"><span style=\"font-family: verdana, geneva, sans-serif; color: #000000;\">No gods No masters<\/span><\/p>\n<p><iframe style=\"border: 0; width: 100%; height: 120px;\" src=\"https:\/\/bandcamp.com\/EmbeddedPlayer\/album=4201850115\/size=large\/bgcol=ffffff\/linkcol=0687f5\/tracklist=false\/artwork=small\/transparent=true\/\" seamless=\"\"><a href=\"https:\/\/seragua.bandcamp.com\/album\/org-nica\">Org\u00e2nica by \u00c1gua<\/a><\/iframe><\/p>\n","protected":false},"excerpt":{"rendered":"<p>\u00c1gua \u00e9 uma banda formada em meio a mata atl\u00e2ntica, fruto de viv\u00eancias em contato com a mata, com povos origin\u00e1rios, o anarquismo e o punk. \u00c1gua \u00e9 um dos projetos do coletivo anarquista Cultive Resist\u00eancia. Nesta mescla disforme, surgiu a ideia de utilizar a m\u00fasica como uma ferramenta de express\u00e3o e propaganda. E neste [&hellip;]<\/p>\n","protected":false},"featured_media":17657,"template":"","meta":{"_et_pb_use_builder":"","_et_pb_old_content":"","_et_gb_content_width":"","jetpack_post_was_ever_published":false,"jetpack_publicize_message":"","jetpack_publicize_feature_enabled":true,"jetpack_social_post_already_shared":true,"jetpack_social_options":{"image_generator_settings":{"template":"highway","default_image_id":0,"font":"","enabled":false},"version":2}},"product_brand":[],"product_cat":[46,63,53,59],"product_tag":[133,1121],"class_list":{"0":"post-17656","1":"product","2":"type-product","3":"status-publish","4":"has-post-thumbnail","6":"product_cat-discos","7":"product_cat-ep","8":"product_cat-nossoslancamentos","9":"product_cat-vinil","10":"product_tag-agua","11":"product_tag-banda-agua","13":"first","14":"instock","15":"shipping-taxable","16":"purchasable","17":"product-type-simple"},"jetpack_publicize_connections":[],"jetpack_sharing_enabled":true,"jetpack-related-posts":[],"_links":{"self":[{"href":"https:\/\/nogods-nomasters.com\/nogodsnomasters\/wp-json\/wp\/v2\/product\/17656","targetHints":{"allow":["GET"]}}],"collection":[{"href":"https:\/\/nogods-nomasters.com\/nogodsnomasters\/wp-json\/wp\/v2\/product"}],"about":[{"href":"https:\/\/nogods-nomasters.com\/nogodsnomasters\/wp-json\/wp\/v2\/types\/product"}],"wp:featuredmedia":[{"embeddable":true,"href":"https:\/\/nogods-nomasters.com\/nogodsnomasters\/wp-json\/wp\/v2\/media\/17657"}],"wp:attachment":[{"href":"https:\/\/nogods-nomasters.com\/nogodsnomasters\/wp-json\/wp\/v2\/media?parent=17656"}],"wp:term":[{"taxonomy":"product_brand","embeddable":true,"href":"https:\/\/nogods-nomasters.com\/nogodsnomasters\/wp-json\/wp\/v2\/product_brand?post=17656"},{"taxonomy":"product_cat","embeddable":true,"href":"https:\/\/nogods-nomasters.com\/nogodsnomasters\/wp-json\/wp\/v2\/product_cat?post=17656"},{"taxonomy":"product_tag","embeddable":true,"href":"https:\/\/nogods-nomasters.com\/nogodsnomasters\/wp-json\/wp\/v2\/product_tag?post=17656"}],"curies":[{"name":"wp","href":"https:\/\/api.w.org\/{rel}","templated":true}]}}