{"id":17936,"date":"2024-07-09T19:01:57","date_gmt":"2024-07-09T19:01:57","guid":{"rendered":"https:\/\/nogods-nomasters.com\/nogodsnomasters\/?post_type=product&#038;p=17936"},"modified":"2025-08-12T21:11:22","modified_gmt":"2025-08-12T21:11:22","slug":"chickens-call-s-t-lp-ngnm-031","status":"publish","type":"product","link":"https:\/\/nogods-nomasters.com\/nogodsnomasters\/produto\/chickens-call-s-t-lp-ngnm-031\/","title":{"rendered":"Chicken&#8217;s Call &#8211; S\/T &#8211; LP (NGNM 031)"},"content":{"rendered":"<p style=\"text-align: justify;\"><span style=\"font-family: verdana, geneva, sans-serif; color: #000000;\">Novo lan\u00e7amento da No gods No masters.Nossos queridos amigos de Grenoble, Fran\u00e7a, em seu mais novo disco.David, Guilhaume e Bruno, s\u00e3o pessoas queridas, que o punk aproximou 16 anos atr\u00e1s e desde ent\u00e3o temos nos apoiado de forma m\u00fatua em turn\u00eas, discos, sorrisos e lutas.Este novo disco, cheio de melodias e sentimentos, traz 10 m\u00fasicas punks, totalmente dentro do esp\u00edrito Fa\u00e7a voc\u00ea mesmo. Punk, m\u00fasica e compromisso!<\/span><\/p>\n<p style=\"text-align: justify;\"><span style=\"font-family: verdana, geneva, sans-serif; color: #000000;\">No gods No masters, 2024.<\/span><\/p>\n<p>&nbsp;<\/p>\n","protected":false},"excerpt":{"rendered":"<p>Novo lan\u00e7amento da No gods No masters.Nossos queridos amigos de Grenoble, Fran\u00e7a, em seu mais novo disco.David, Guilhaume e Bruno, s\u00e3o pessoas queridas, que o punk aproximou 16 anos atr\u00e1s e desde ent\u00e3o temos nos apoiado de forma m\u00fatua em turn\u00eas, discos, sorrisos e lutas.Este novo disco, cheio de melodias e sentimentos, traz 10 m\u00fasicas [&hellip;]<\/p>\n","protected":false},"featured_media":17937,"template":"","meta":{"_et_pb_use_builder":"","_et_pb_old_content":"","_et_gb_content_width":"","jetpack_post_was_ever_published":false,"jetpack_publicize_message":"","jetpack_publicize_feature_enabled":true,"jetpack_social_post_already_shared":true,"jetpack_social_options":{"image_generator_settings":{"template":"highway","default_image_id":0,"font":"","enabled":false},"version":2}},"product_brand":[],"product_cat":[46,61,1133,53,59],"product_tag":[1125],"class_list":{"0":"post-17936","1":"product","2":"type-product","3":"status-publish","4":"has-post-thumbnail","6":"product_cat-discos","7":"product_cat-lp","8":"product_cat-oferta","9":"product_cat-nossoslancamentos","10":"product_cat-vinil","11":"product_tag-chickens-call","13":"first","14":"instock","15":"sale","16":"shipping-taxable","17":"purchasable","18":"product-type-simple"},"jetpack_publicize_connections":[],"jetpack_sharing_enabled":true,"jetpack-related-posts":[],"_links":{"self":[{"href":"https:\/\/nogods-nomasters.com\/nogodsnomasters\/wp-json\/wp\/v2\/product\/17936","targetHints":{"allow":["GET"]}}],"collection":[{"href":"https:\/\/nogods-nomasters.com\/nogodsnomasters\/wp-json\/wp\/v2\/product"}],"about":[{"href":"https:\/\/nogods-nomasters.com\/nogodsnomasters\/wp-json\/wp\/v2\/types\/product"}],"wp:featuredmedia":[{"embeddable":true,"href":"https:\/\/nogods-nomasters.com\/nogodsnomasters\/wp-json\/wp\/v2\/media\/17937"}],"wp:attachment":[{"href":"https:\/\/nogods-nomasters.com\/nogodsnomasters\/wp-json\/wp\/v2\/media?parent=17936"}],"wp:term":[{"taxonomy":"product_brand","embeddable":true,"href":"https:\/\/nogods-nomasters.com\/nogodsnomasters\/wp-json\/wp\/v2\/product_brand?post=17936"},{"taxonomy":"product_cat","embeddable":true,"href":"https:\/\/nogods-nomasters.com\/nogodsnomasters\/wp-json\/wp\/v2\/product_cat?post=17936"},{"taxonomy":"product_tag","embeddable":true,"href":"https:\/\/nogods-nomasters.com\/nogodsnomasters\/wp-json\/wp\/v2\/product_tag?post=17936"}],"curies":[{"name":"wp","href":"https:\/\/api.w.org\/{rel}","templated":true}]}}