{"id":17992,"date":"2025-02-19T17:38:37","date_gmt":"2025-02-19T17:38:37","guid":{"rendered":"https:\/\/nogods-nomasters.com\/nogodsnomasters\/?post_type=product&#038;p=17992"},"modified":"2026-01-13T11:03:39","modified_gmt":"2026-01-13T11:03:39","slug":"receitas-para-o-desastre-crimethinc","status":"publish","type":"product","link":"https:\/\/nogods-nomasters.com\/nogodsnomasters\/produto\/receitas-para-o-desastre-crimethinc\/","title":{"rendered":"Receitas para o desastre &#8211; Crimethinc"},"content":{"rendered":"<header>\n<div class=\"p-name shadowed\">\n<h2 class=\"p-x-subtitle\"><span style=\"color: #000000;\">Um livro de receitas anarquista<\/span><\/h2>\n<\/div>\n<p><span style=\"color: #000000;\"><time datetime=\"2018-01-01T00:00:00Z\">2018 &#8211; 524 p\u00e1ginas<\/time><\/span><\/p>\n<\/header>\n<div class=\"e-content\">\n<div class=\"book-description\">\n<p><span style=\"color: #000000;\">Tendo levado tr\u00eas anos para ser feito,\u00a0<em>Receitas para o Desastre<\/em>\u00a0\u00e9 a t\u00e3o esperada sequ\u00eancia para o famoso primeiro livro do coletivo,\u00a0<em>Dias de Guerra, Noites de Amor.<\/em>\u00a0Este manual de 500 p\u00e1ginas complementa o romance e idealismo da obra anterior com informa\u00e7\u00f5es e instru\u00e7\u00f5es pr\u00e1ticas. Mais de 30 coletivos colaborar em testar, compor e editar as 61 se\u00e7\u00f5es deste livro, que v\u00e3o desde\u00a0<em>Grupos de Afinidade, Constru\u00e7\u00e3o de Coaliz\u00f5es e Sa\u00fade Mental, at\u00e9 Sabotagem, Okupa\u00e7\u00e3o e Lambes.<\/em>\u00a0Elas s\u00e3o ilustradas com detalhados diagramas t\u00e9cnicos e relatos em primeira m\u00e3o, e com um pref\u00e1cio com um debate intenso sobre os diferentes pap\u00e9is que a a\u00e7\u00e3o direta pode ter na transforma\u00e7\u00e3o social. Se voc\u00ea est\u00e1 procurando por um manual t\u00e1tico para a\u00e7\u00e3o revolucion\u00e1ria, pode parar.<\/span><\/p>\n<\/div>\n<\/div>\n","protected":false},"excerpt":{"rendered":"<p>Um livro de receitas anarquista 2018 &#8211; 524 p\u00e1ginas Tendo levado tr\u00eas anos para ser feito,\u00a0Receitas para o Desastre\u00a0\u00e9 a t\u00e3o esperada sequ\u00eancia para o famoso primeiro livro do coletivo,\u00a0Dias de Guerra, Noites de Amor.\u00a0Este manual de 500 p\u00e1ginas complementa o romance e idealismo da obra anterior com informa\u00e7\u00f5es e instru\u00e7\u00f5es pr\u00e1ticas. Mais de 30 [&hellip;]<\/p>\n","protected":false},"featured_media":17993,"template":"","meta":{"_et_pb_use_builder":"","_et_pb_old_content":"","_et_gb_content_width":"","jetpack_post_was_ever_published":false,"jetpack_publicize_message":"","jetpack_publicize_feature_enabled":true,"jetpack_social_post_already_shared":true,"jetpack_social_options":{"image_generator_settings":{"template":"highway","default_image_id":0,"font":"","enabled":false},"version":2}},"product_brand":[],"product_cat":[47],"product_tag":[151,1127],"class_list":{"0":"post-17992","1":"product","2":"type-product","3":"status-publish","4":"has-post-thumbnail","6":"product_cat-livros","7":"product_tag-crimethinc","8":"product_tag-livros","10":"first","11":"instock","12":"shipping-taxable","13":"purchasable","14":"product-type-simple"},"jetpack_publicize_connections":[],"jetpack_sharing_enabled":true,"jetpack-related-posts":[],"_links":{"self":[{"href":"https:\/\/nogods-nomasters.com\/nogodsnomasters\/wp-json\/wp\/v2\/product\/17992","targetHints":{"allow":["GET"]}}],"collection":[{"href":"https:\/\/nogods-nomasters.com\/nogodsnomasters\/wp-json\/wp\/v2\/product"}],"about":[{"href":"https:\/\/nogods-nomasters.com\/nogodsnomasters\/wp-json\/wp\/v2\/types\/product"}],"wp:featuredmedia":[{"embeddable":true,"href":"https:\/\/nogods-nomasters.com\/nogodsnomasters\/wp-json\/wp\/v2\/media\/17993"}],"wp:attachment":[{"href":"https:\/\/nogods-nomasters.com\/nogodsnomasters\/wp-json\/wp\/v2\/media?parent=17992"}],"wp:term":[{"taxonomy":"product_brand","embeddable":true,"href":"https:\/\/nogods-nomasters.com\/nogodsnomasters\/wp-json\/wp\/v2\/product_brand?post=17992"},{"taxonomy":"product_cat","embeddable":true,"href":"https:\/\/nogods-nomasters.com\/nogodsnomasters\/wp-json\/wp\/v2\/product_cat?post=17992"},{"taxonomy":"product_tag","embeddable":true,"href":"https:\/\/nogods-nomasters.com\/nogodsnomasters\/wp-json\/wp\/v2\/product_tag?post=17992"}],"curies":[{"name":"wp","href":"https:\/\/api.w.org\/{rel}","templated":true}]}}