{"id":17996,"date":"2025-02-19T17:45:24","date_gmt":"2025-02-19T17:45:24","guid":{"rendered":"https:\/\/nogods-nomasters.com\/nogodsnomasters\/?post_type=product&#038;p=17996"},"modified":"2025-12-10T16:59:29","modified_gmt":"2025-12-10T16:59:29","slug":"dias-de-guerra-noite-de-amor-crimethinc","status":"publish","type":"product","link":"https:\/\/nogods-nomasters.com\/nogodsnomasters\/produto\/dias-de-guerra-noite-de-amor-crimethinc\/","title":{"rendered":"Dias de guerra Noite de amor &#8211; Crimethinc"},"content":{"rendered":"<header>\n<div class=\"p-name shadowed\">\n<h2 class=\"p-x-subtitle\"><span style=\"color: #000000;\">Crimideia para iniciantes<\/span><\/h2>\n<\/div>\n<p><span style=\"color: #000000;\"><time datetime=\"2019-08-04T00:00:00Z\">2019<\/time><\/span><\/p>\n<\/header>\n<div class=\"e-content\">\n<div class=\"book-description\">\n<p><span style=\"color: #000000;\">Com 292 p\u00e1ginas altamente ilustradas, o nosso livro carro-chefe tem o tamanho ideal para qualquer mochila e \u00e9 o manual de refer\u00eancias perfeito para qualquer pessoa que busque uma vida de paix\u00e3o e revolta.<\/span><\/p>\n<p><span style=\"color: #000000;\">Mas como diz no pref\u00e1cio:<\/span><\/p>\n<blockquote><p><span style=\"color: #000000;\">\u201c\u00c9 necess\u00e1rio dizer que este livro n\u00e3o foi projetado para ser lido como um livro \u201cnormal\u201d. Ao inv\u00e9s de l\u00ea-lo do come\u00e7o ao fim, emitindo gestos de desaprova\u00e7\u00e3o ou aprova\u00e7\u00e3o de vez em quando (ou at\u00e9 mesmo decidindo \u201ccomprar\u201d nossas id\u00e9ias, como um consumidor passivo de modismos), para depois coloc\u00e1-lo na prateleira como mais um pertence inerte, esperamos que voc\u00ea use este livro como uma ferramenta para a liberdade \u2014 n\u00e3o apenas para pensar sobre o mundo, mas tamb\u00e9m para mud\u00e1-lo . Este livro \u00e9 composto de id\u00e9ias e imagens que roubamos, distorcemos e adequamos ao nossos pr\u00f3prios prop\u00f3sitos sem o menor remorso, e esperamos que voc\u00ea fa\u00e7a exatamente a mesma coisa com ele e todos seu conte\u00fado.<\/span><\/p>\n<p><span style=\"color: #000000;\">\u201cQuanto ao conte\u00fado propriamente dito: n\u00f3s nos permitimos na maior parte do tempo tecer cr\u00edticas em rela\u00e7\u00e3o \u00e0 ordem estabelecida, porque confiamos em voc\u00ea para fazer o que \u00e9 preciso ser feito. Voc\u00ea saber\u00e1 o que destruir, o que construir e o que manter nesta busca criminosa pela liberdade. Lembre-se voc\u00ea \u00e9 o principal respons\u00e1vel pela sua pr\u00f3pria pris\u00e3o ou liberta\u00e7\u00e3o!\u201d<\/span><\/p><\/blockquote>\n<\/div>\n<\/div>\n","protected":false},"excerpt":{"rendered":"<p>Crimideia para iniciantes 2019 Com 292 p\u00e1ginas altamente ilustradas, o nosso livro carro-chefe tem o tamanho ideal para qualquer mochila e \u00e9 o manual de refer\u00eancias perfeito para qualquer pessoa que busque uma vida de paix\u00e3o e revolta. Mas como diz no pref\u00e1cio: \u201c\u00c9 necess\u00e1rio dizer que este livro n\u00e3o foi projetado para ser lido [&hellip;]<\/p>\n","protected":false},"featured_media":17997,"template":"","meta":{"_et_pb_use_builder":"","_et_pb_old_content":"","_et_gb_content_width":"","jetpack_post_was_ever_published":false,"jetpack_publicize_message":"","jetpack_publicize_feature_enabled":true,"jetpack_social_post_already_shared":true,"jetpack_social_options":{"image_generator_settings":{"template":"highway","default_image_id":0,"font":"","enabled":false},"version":2}},"product_brand":[],"product_cat":[47],"product_tag":[151,1127],"class_list":{"0":"post-17996","1":"product","2":"type-product","3":"status-publish","4":"has-post-thumbnail","6":"product_cat-livros","7":"product_tag-crimethinc","8":"product_tag-livros","10":"first","11":"instock","12":"shipping-taxable","13":"purchasable","14":"product-type-simple"},"jetpack_publicize_connections":[],"jetpack_sharing_enabled":true,"jetpack-related-posts":[],"_links":{"self":[{"href":"https:\/\/nogods-nomasters.com\/nogodsnomasters\/wp-json\/wp\/v2\/product\/17996","targetHints":{"allow":["GET"]}}],"collection":[{"href":"https:\/\/nogods-nomasters.com\/nogodsnomasters\/wp-json\/wp\/v2\/product"}],"about":[{"href":"https:\/\/nogods-nomasters.com\/nogodsnomasters\/wp-json\/wp\/v2\/types\/product"}],"wp:featuredmedia":[{"embeddable":true,"href":"https:\/\/nogods-nomasters.com\/nogodsnomasters\/wp-json\/wp\/v2\/media\/17997"}],"wp:attachment":[{"href":"https:\/\/nogods-nomasters.com\/nogodsnomasters\/wp-json\/wp\/v2\/media?parent=17996"}],"wp:term":[{"taxonomy":"product_brand","embeddable":true,"href":"https:\/\/nogods-nomasters.com\/nogodsnomasters\/wp-json\/wp\/v2\/product_brand?post=17996"},{"taxonomy":"product_cat","embeddable":true,"href":"https:\/\/nogods-nomasters.com\/nogodsnomasters\/wp-json\/wp\/v2\/product_cat?post=17996"},{"taxonomy":"product_tag","embeddable":true,"href":"https:\/\/nogods-nomasters.com\/nogodsnomasters\/wp-json\/wp\/v2\/product_tag?post=17996"}],"curies":[{"name":"wp","href":"https:\/\/api.w.org\/{rel}","templated":true}]}}