{"id":18010,"date":"2025-03-16T15:42:39","date_gmt":"2025-03-16T15:42:39","guid":{"rendered":"https:\/\/nogods-nomasters.com\/nogodsnomasters\/?post_type=product&#038;p=18010"},"modified":"2025-08-12T21:10:03","modified_gmt":"2025-08-12T21:10:03","slug":"renegades-of-punk-combo-gravidade-grao","status":"publish","type":"product","link":"https:\/\/nogods-nomasters.com\/nogodsnomasters\/produto\/renegades-of-punk-combo-gravidade-grao\/","title":{"rendered":"Renegades of Punk &#8211; Combo Gravidade + Gr\u00e3o"},"content":{"rendered":"<p><strong><span style=\"color: #000000;\">Renegades of Punk &#8211; Gravidade LP + Gr\u00e3o EP<\/span><\/strong><\/p>\n<p><span style=\"color: #000000;\">Renegades of Punk \u00e9, para n\u00f3s, algo que vai al\u00e9m de uma banda, \u00e9 uma forma que Dani, Ivo e Jo\u00e3o encontraram para tocar e falar sobre o que sentem. E fazem isto de uma forma plena e sincera.<\/span><br \/>\n<span style=\"color: #000000;\">Nossa rela\u00e7\u00e3o, No gods No masters e Renegades of Punk, j\u00e1 cruzou os mares, os lares e cora\u00e7\u00f5es. Amizade, respeito, cumplicidade e apoio, permeiam nossas rela\u00e7\u00f5es por anos e anos e Gravidade \u00e9 mais um ato desta rela\u00e7\u00e3o,<\/span><br \/>\n<span style=\"color: #000000;\">16 m\u00fasicas que cantam sobre dores, sonhos, perspectivas, em um disco colorido translucido de 180g, em uma capa gatefold linda e encarte 30&#215;30 comp\u00f5e esta obra de arte punk que encanta em todas suas m\u00fasicas e em cada detalhe.<\/span><\/p>\n<p><span style=\"color: #000000;\">&#8220;se eu pudesse correr, se eu pudesse voar se eu pudesse esquecer o inferno dentro de mim&#8221; Renegades, em Asa quebrada.<\/span><\/p>\n","protected":false},"excerpt":{"rendered":"<p><strong>01 LP Gravidade<br \/>\n<\/strong><strong>01 EP Gr\u00e3o (+ 01 poster A2 com arte de Fl\u00e1vio Gr\u00e3o)<\/strong><\/p>\n<p>LP Gravidade com 16 m\u00fasicas que cantam sobre dores, sonhos, perspectivas, em um disco colorido transl\u00facido de 180g, em uma capa gatefold linda e encarte 30\u00d730 comp\u00f5e esta obra de arte punk que encanta em todas suas m\u00fasicas e em cada detalhe.<\/p>\n","protected":false},"featured_media":18015,"template":"","meta":{"_et_pb_use_builder":"","_et_pb_old_content":"","_et_gb_content_width":"","jetpack_post_was_ever_published":false,"jetpack_publicize_message":"","jetpack_publicize_feature_enabled":true,"jetpack_social_post_already_shared":true,"jetpack_social_options":{"image_generator_settings":{"template":"highway","default_image_id":0,"font":"","enabled":false},"version":2}},"product_brand":[],"product_cat":[46,63,61,53,59],"product_tag":[68],"class_list":{"0":"post-18010","1":"product","2":"type-product","3":"status-publish","4":"has-post-thumbnail","6":"product_cat-discos","7":"product_cat-ep","8":"product_cat-lp","9":"product_cat-nossoslancamentos","10":"product_cat-vinil","11":"product_tag-renegades-of-punk","13":"first","14":"instock","15":"shipping-taxable","16":"purchasable","17":"product-type-simple"},"jetpack_publicize_connections":[],"jetpack_sharing_enabled":true,"jetpack-related-posts":[],"_links":{"self":[{"href":"https:\/\/nogods-nomasters.com\/nogodsnomasters\/wp-json\/wp\/v2\/product\/18010","targetHints":{"allow":["GET"]}}],"collection":[{"href":"https:\/\/nogods-nomasters.com\/nogodsnomasters\/wp-json\/wp\/v2\/product"}],"about":[{"href":"https:\/\/nogods-nomasters.com\/nogodsnomasters\/wp-json\/wp\/v2\/types\/product"}],"wp:featuredmedia":[{"embeddable":true,"href":"https:\/\/nogods-nomasters.com\/nogodsnomasters\/wp-json\/wp\/v2\/media\/18015"}],"wp:attachment":[{"href":"https:\/\/nogods-nomasters.com\/nogodsnomasters\/wp-json\/wp\/v2\/media?parent=18010"}],"wp:term":[{"taxonomy":"product_brand","embeddable":true,"href":"https:\/\/nogods-nomasters.com\/nogodsnomasters\/wp-json\/wp\/v2\/product_brand?post=18010"},{"taxonomy":"product_cat","embeddable":true,"href":"https:\/\/nogods-nomasters.com\/nogodsnomasters\/wp-json\/wp\/v2\/product_cat?post=18010"},{"taxonomy":"product_tag","embeddable":true,"href":"https:\/\/nogods-nomasters.com\/nogodsnomasters\/wp-json\/wp\/v2\/product_tag?post=18010"}],"curies":[{"name":"wp","href":"https:\/\/api.w.org\/{rel}","templated":true}]}}