{"id":18056,"date":"2025-07-02T15:00:16","date_gmt":"2025-07-02T15:00:16","guid":{"rendered":"https:\/\/nogods-nomasters.com\/nogodsnomasters\/?post_type=product&#038;p=18056"},"modified":"2025-10-18T00:34:25","modified_gmt":"2025-10-18T00:34:25","slug":"anti-corpos-blacklash-12","status":"publish","type":"product","link":"https:\/\/nogods-nomasters.com\/nogodsnomasters\/produto\/anti-corpos-blacklash-12\/","title":{"rendered":"Anti-Corpos &#8220;Backlash&#8221; 12&#8243;"},"content":{"rendered":"<p><span style=\"color: #000000;\">Nascida na baixada santista em 2002, Anti-Corpos \u00e9 uma banda feminista-queer-punk-noise que luta pela igualdade de g\u00eanero desde o in\u00edcio. Nos \u00faltimos 20 anos, a Anti-Corpos realizou mais de 300 shows, in\u00fameras turn\u00eas e lan\u00e7ou algumas demos e dois 7\u201d (ambos pela No gods no masters e Emancypunx Records).<\/span><br \/>\n<span style=\"color: #000000;\">A banda, agora sediada em Berlim, \u00e9 composta por: Adriessa Souza &#8211; vocal\/baixo (Eat My Fear, Dominatrix), Helena Krausz &#8211; bateria (Eat My Fear, Gegen\u00fcber) e Irem Kara &#8211; vocal\/guitarra (Nerv\u00f6us, Hoarse). Com essa forma\u00e7\u00e3o, a banda traz ainda mais diversidade \u00e9tnica aos palcos ocidentais e dissemina a conscientiza\u00e7\u00e3o sobre grupos minorit\u00e1rios sub-representados em toda a cena musical europeia.<\/span><\/p>\n<p><span style=\"color: #000000;\">\u201cBacklash\u201d \u00e9 o primeiro LP da Anti &#8211; Corpos depois de todos esses anos. Gravado com Jan Oberg, do Hidden Planet Studios, \u00e9 um disco mais pesado, com mais texturas sonoras, com mais experimentos, com muita raiva, n\u00e3o t\u00e3o r\u00e1pido quantos seus discos anteriores, muito mais barulhento, mas ainda com o mesmo n\u00facleo l\u00edrico: pol\u00edtica, feminismo e as lutas e a import\u00e2ncia de ser uma banda de imigrantes na cena alem\u00e3\/europeia.<\/span><br \/>\n<span style=\"color: #000000;\">As letras do Anti-corpos focam em temas como feminismo, anti-homofobia, antirracismo e autocuidado.<\/span><\/p>\n<p><span style=\"color: #000000;\">Este \u00e9 um co-lan\u00e7amento entre a Refuse Records, a Emancypunx Records (Europa) e a No Gods No Masters Records (Brasil).<\/span><br \/>\n<span style=\"color: #000000;\">Vinil na cor verde exclusiva para o Brasil.<\/span><\/p>\n","protected":false},"excerpt":{"rendered":"<p>Nascida na baixada santista em 2002, Anti-Corpos \u00e9 uma banda feminista-queer-punk-noise que luta pela igualdade de g\u00eanero desde o in\u00edcio. Nos \u00faltimos 20 anos, a Anti-Corpos realizou mais de 300 shows, in\u00fameras turn\u00eas e lan\u00e7ou algumas demos e dois 7\u201d (ambos pela No gods no masters e Emancypunx Records). A banda, agora sediada em Berlim, [&hellip;]<\/p>\n","protected":false},"featured_media":18160,"template":"","meta":{"_et_pb_use_builder":"","_et_pb_old_content":"","_et_gb_content_width":"","jetpack_post_was_ever_published":false,"jetpack_publicize_message":"","jetpack_publicize_feature_enabled":true,"jetpack_social_post_already_shared":true,"jetpack_social_options":{"image_generator_settings":{"template":"highway","default_image_id":0,"font":"","enabled":false},"version":2}},"product_brand":[],"product_cat":[46,61,53,59],"product_tag":[115],"class_list":{"0":"post-18056","1":"product","2":"type-product","3":"status-publish","4":"has-post-thumbnail","6":"product_cat-discos","7":"product_cat-lp","8":"product_cat-nossoslancamentos","9":"product_cat-vinil","10":"product_tag-anti-corpos","12":"first","13":"instock","14":"shipping-taxable","15":"purchasable","16":"product-type-variable"},"jetpack_publicize_connections":[],"jetpack_sharing_enabled":true,"jetpack-related-posts":[],"_links":{"self":[{"href":"https:\/\/nogods-nomasters.com\/nogodsnomasters\/wp-json\/wp\/v2\/product\/18056","targetHints":{"allow":["GET"]}}],"collection":[{"href":"https:\/\/nogods-nomasters.com\/nogodsnomasters\/wp-json\/wp\/v2\/product"}],"about":[{"href":"https:\/\/nogods-nomasters.com\/nogodsnomasters\/wp-json\/wp\/v2\/types\/product"}],"wp:featuredmedia":[{"embeddable":true,"href":"https:\/\/nogods-nomasters.com\/nogodsnomasters\/wp-json\/wp\/v2\/media\/18160"}],"wp:attachment":[{"href":"https:\/\/nogods-nomasters.com\/nogodsnomasters\/wp-json\/wp\/v2\/media?parent=18056"}],"wp:term":[{"taxonomy":"product_brand","embeddable":true,"href":"https:\/\/nogods-nomasters.com\/nogodsnomasters\/wp-json\/wp\/v2\/product_brand?post=18056"},{"taxonomy":"product_cat","embeddable":true,"href":"https:\/\/nogods-nomasters.com\/nogodsnomasters\/wp-json\/wp\/v2\/product_cat?post=18056"},{"taxonomy":"product_tag","embeddable":true,"href":"https:\/\/nogods-nomasters.com\/nogodsnomasters\/wp-json\/wp\/v2\/product_tag?post=18056"}],"curies":[{"name":"wp","href":"https:\/\/api.w.org\/{rel}","templated":true}]}}