{"id":18083,"date":"2025-07-31T16:55:59","date_gmt":"2025-07-31T16:55:59","guid":{"rendered":"https:\/\/nogods-nomasters.com\/nogodsnomasters\/?post_type=product&#038;p=18083"},"modified":"2025-08-12T21:09:04","modified_gmt":"2025-08-12T21:09:04","slug":"cult-syndrome-winter-lp-12","status":"publish","type":"product","link":"https:\/\/nogods-nomasters.com\/nogodsnomasters\/produto\/cult-syndrome-winter-lp-12\/","title":{"rendered":"Cult Syndrome &#8211; Winter LP 12&#8243;"},"content":{"rendered":"<div><span style=\"color: #000000;\">Cult Syndrome foi uma banda formada na Inglaterra coma. presen\u00e7a de velhos punks brasileiros.<\/span><\/div>\n<div><span style=\"color: #000000;\">Este disco \u00e9 a vers\u00e3o da demo tape de 2015 e com uma m\u00fasica a mais inclusa.<\/span><\/div>\n<div><span style=\"color: #000000;\">Peace punk, punk 80, hardcore 80? Talvez um pouco de cada e uma pitada de chorus para misturar tudo e tornar Cult Syndrome bem peculiar em sua sonoridade.<\/span><\/div>\n<div><span style=\"color: #000000;\">\u00d3timo disco!<\/span><\/div>\n<div><\/div>\n<p><iframe loading=\"lazy\" title=\"YouTube video player\" src=\"https:\/\/www.youtube.com\/embed\/w7dhNbzeyOk?si=OW2BY7bZYWgaRUsq\" width=\"560\" height=\"315\" frameborder=\"0\" allowfullscreen=\"allowfullscreen\"><\/iframe><\/p>\n","protected":false},"excerpt":{"rendered":"<p>Cult Syndrome foi uma banda formada na Inglaterra coma. presen\u00e7a de velhos punks brasileiros. Este disco \u00e9 a vers\u00e3o da demo tape de 2015 e com uma m\u00fasica a mais inclusa. Peace punk, punk 80, hardcore 80? Talvez um pouco de cada e uma pitada de chorus para misturar tudo e tornar Cult Syndrome bem [&hellip;]<\/p>\n","protected":false},"featured_media":18084,"template":"","meta":{"_et_pb_use_builder":"","_et_pb_old_content":"","_et_gb_content_width":"","jetpack_post_was_ever_published":false,"jetpack_publicize_message":"","jetpack_publicize_feature_enabled":true,"jetpack_social_post_already_shared":true,"jetpack_social_options":{"image_generator_settings":{"template":"highway","default_image_id":0,"font":"","enabled":false},"version":2}},"product_brand":[],"product_cat":[46,61,59],"product_tag":[1130],"class_list":{"0":"post-18083","1":"product","2":"type-product","3":"status-publish","4":"has-post-thumbnail","6":"product_cat-discos","7":"product_cat-lp","8":"product_cat-vinil","9":"product_tag-cult-syndrome","11":"first","12":"instock","13":"shipping-taxable","14":"purchasable","15":"product-type-simple"},"jetpack_publicize_connections":[],"jetpack_sharing_enabled":true,"jetpack-related-posts":[],"_links":{"self":[{"href":"https:\/\/nogods-nomasters.com\/nogodsnomasters\/wp-json\/wp\/v2\/product\/18083","targetHints":{"allow":["GET"]}}],"collection":[{"href":"https:\/\/nogods-nomasters.com\/nogodsnomasters\/wp-json\/wp\/v2\/product"}],"about":[{"href":"https:\/\/nogods-nomasters.com\/nogodsnomasters\/wp-json\/wp\/v2\/types\/product"}],"wp:featuredmedia":[{"embeddable":true,"href":"https:\/\/nogods-nomasters.com\/nogodsnomasters\/wp-json\/wp\/v2\/media\/18084"}],"wp:attachment":[{"href":"https:\/\/nogods-nomasters.com\/nogodsnomasters\/wp-json\/wp\/v2\/media?parent=18083"}],"wp:term":[{"taxonomy":"product_brand","embeddable":true,"href":"https:\/\/nogods-nomasters.com\/nogodsnomasters\/wp-json\/wp\/v2\/product_brand?post=18083"},{"taxonomy":"product_cat","embeddable":true,"href":"https:\/\/nogods-nomasters.com\/nogodsnomasters\/wp-json\/wp\/v2\/product_cat?post=18083"},{"taxonomy":"product_tag","embeddable":true,"href":"https:\/\/nogods-nomasters.com\/nogodsnomasters\/wp-json\/wp\/v2\/product_tag?post=18083"}],"curies":[{"name":"wp","href":"https:\/\/api.w.org\/{rel}","templated":true}]}}