{"id":18087,"date":"2025-07-31T17:04:52","date_gmt":"2025-07-31T17:04:52","guid":{"rendered":"https:\/\/nogods-nomasters.com\/nogodsnomasters\/?post_type=product&#038;p=18087"},"modified":"2025-10-20T12:11:56","modified_gmt":"2025-10-20T12:11:56","slug":"deaf-kids-ritos-do-colapso-lp","status":"publish","type":"product","link":"https:\/\/nogods-nomasters.com\/nogodsnomasters\/produto\/deaf-kids-ritos-do-colapso-lp\/","title":{"rendered":"Deaf Kids &#8211; Ritos do colapso LP"},"content":{"rendered":"<div><span style=\"color: #000000;\">Ritos do Colapso \u00e9 um\u00a0 \u00e1lbum que re\u00fane vers\u00f5es remixadas e remasterizadas de tr\u00eas EPs lan\u00e7ados digitalmente durante a pandemia, al\u00e9m de duas faixas in\u00e9ditas.\u00a0<\/span><\/div>\n<div><span style=\"color: #000000;\">Neste LP, o trio paulistano mais uma vez expande os limites do rock psicod\u00e9lico, explorando ritmos e manipula\u00e7\u00f5es eletr\u00f4nicas com congas, djemb\u00eas, bong\u00f4s, tablas, flautas, cu\u00edca, drum machines, samplers e sintetizadores. Em uma linguagem sonora quase absurda e altamente sensorial, Ritos do Colapso \u00e9 mais do que um \u00e1lbum \u2014 \u00e9 um transe urbano, uma viagem sonora radical e inventiva.<\/span><\/div>\n<div><\/div>\n<div><span style=\"color: #000000;\">Um disco inspirado pelos tempos pand\u00eamicos&#8230;<\/span><\/div>\n<p><iframe style=\"border: 0; width: 100%; height: 120px;\" src=\"https:\/\/bandcamp.com\/EmbeddedPlayer\/album=239701903\/size=large\/bgcol=ffffff\/linkcol=0687f5\/tracklist=false\/artwork=small\/transparent=true\/\" seamless=\"\"><a href=\"https:\/\/deafkidspunx.bandcamp.com\/album\/ritos-do-colapso\">Ritos do Colapso de DEAFKIDS<\/a><\/iframe><\/p>\n","protected":false},"excerpt":{"rendered":"<p>Ritos do Colapso \u00e9 um\u00a0 \u00e1lbum que re\u00fane vers\u00f5es remixadas e remasterizadas de tr\u00eas EPs lan\u00e7ados digitalmente durante a pandemia, al\u00e9m de duas faixas in\u00e9ditas.\u00a0 Neste LP, o trio paulistano mais uma vez expande os limites do rock psicod\u00e9lico, explorando ritmos e manipula\u00e7\u00f5es eletr\u00f4nicas com congas, djemb\u00eas, bong\u00f4s, tablas, flautas, cu\u00edca, drum machines, samplers e [&hellip;]<\/p>\n","protected":false},"featured_media":18088,"template":"","meta":{"_et_pb_use_builder":"","_et_pb_old_content":"","_et_gb_content_width":"","jetpack_post_was_ever_published":false,"jetpack_publicize_message":"","jetpack_publicize_feature_enabled":true,"jetpack_social_post_already_shared":true,"jetpack_social_options":{"image_generator_settings":{"template":"highway","default_image_id":0,"font":"","enabled":false},"version":2}},"product_brand":[],"product_cat":[46,61,59],"product_tag":[1132],"class_list":{"0":"post-18087","1":"product","2":"type-product","3":"status-publish","4":"has-post-thumbnail","6":"product_cat-discos","7":"product_cat-lp","8":"product_cat-vinil","9":"product_tag-deaf-kids","11":"first","12":"instock","13":"shipping-taxable","14":"purchasable","15":"product-type-simple"},"jetpack_publicize_connections":[],"jetpack_sharing_enabled":true,"jetpack-related-posts":[],"_links":{"self":[{"href":"https:\/\/nogods-nomasters.com\/nogodsnomasters\/wp-json\/wp\/v2\/product\/18087","targetHints":{"allow":["GET"]}}],"collection":[{"href":"https:\/\/nogods-nomasters.com\/nogodsnomasters\/wp-json\/wp\/v2\/product"}],"about":[{"href":"https:\/\/nogods-nomasters.com\/nogodsnomasters\/wp-json\/wp\/v2\/types\/product"}],"wp:featuredmedia":[{"embeddable":true,"href":"https:\/\/nogods-nomasters.com\/nogodsnomasters\/wp-json\/wp\/v2\/media\/18088"}],"wp:attachment":[{"href":"https:\/\/nogods-nomasters.com\/nogodsnomasters\/wp-json\/wp\/v2\/media?parent=18087"}],"wp:term":[{"taxonomy":"product_brand","embeddable":true,"href":"https:\/\/nogods-nomasters.com\/nogodsnomasters\/wp-json\/wp\/v2\/product_brand?post=18087"},{"taxonomy":"product_cat","embeddable":true,"href":"https:\/\/nogods-nomasters.com\/nogodsnomasters\/wp-json\/wp\/v2\/product_cat?post=18087"},{"taxonomy":"product_tag","embeddable":true,"href":"https:\/\/nogods-nomasters.com\/nogodsnomasters\/wp-json\/wp\/v2\/product_tag?post=18087"}],"curies":[{"name":"wp","href":"https:\/\/api.w.org\/{rel}","templated":true}]}}