{"id":18089,"date":"2025-07-31T17:37:50","date_gmt":"2025-07-31T17:37:50","guid":{"rendered":"https:\/\/nogods-nomasters.com\/nogodsnomasters\/?post_type=product&#038;p=18089"},"modified":"2026-01-27T05:25:18","modified_gmt":"2026-01-27T05:25:18","slug":"catharsis_hope_against_hope","status":"publish","type":"product","link":"https:\/\/nogods-nomasters.com\/nogodsnomasters\/produto\/catharsis_hope_against_hope\/","title":{"rendered":"Catharsis \u2013 Hope Against Hope LP"},"content":{"rendered":"<p><strong><span style=\"color: #000000;\">Catharsis \u2013 Hope Against Hope LP<\/span><\/strong><\/p>\n<p><span style=\"color: #000000;\">Ap\u00f3s um longo per\u00edodo, Catharsis nos apresenta seu novo disco Hope Against Hope. Um disco fant\u00e1stico, carregado de sentimentos, que mexe com emo\u00e7\u00f5es que caminham entre a esperan\u00e7a e a raiva em propor\u00e7\u00f5es desequilibradas e intensas.<\/span><br \/>\n<span style=\"color: #000000;\">A primeira m\u00fasica j\u00e1 nos mostra o caminho que ser\u00e1 percorrido por todo o disco. Faixa ap\u00f3s faixa, temos guitarras oitavadas, ca\u00f3ticas, mel\u00f3dicas e pesadas, uma bateria que por vezes, em pequenos detalhes, cria um clima obscuro tamb\u00e9m d\u00e1 a velocidade e o ritmo do disco, em uma execu\u00e7\u00e3o criativa e perfeita. O baixo cria uma textura e um peso indescrit\u00edvel. As vozes, entre gritos e melodias, nos falam o que precisa ser ouvido, a realidade e a luta por um outro mundo.<\/span><\/p>\n<p><span style=\"color: #000000;\">Um disco punk, hardcore, que grita pelo povo palestino, que acredita na liberdade, um disco que canta resist\u00eancia.<\/span><\/p>\n<p><span style=\"color: #000000;\">Hope Against Hope vem em capa gatefold, acompanhando um encarte de 8 p\u00e1ginas em formato 30&#215;30 em papel couch\u00ea 150g. <\/span><br \/>\n<span style=\"color: #000000;\">A vers\u00e3o brasileira, conta com 3 op\u00e7\u00f5es de cores, sendo duas delas em edi\u00e7\u00e3o limitada.<\/span><\/p>\n<p><span style=\"color: #000000;\">As cores dos vinis s\u00e3o \u00fanicas e cada pe\u00e7a pode ter manchas e tons diferentes entre si.<\/span><\/p>\n<p><iframe style=\"border: 0; width: 100%; height: 120px;\" src=\"https:\/\/bandcamp.com\/EmbeddedPlayer\/album=2945258173\/size=large\/bgcol=ffffff\/linkcol=0687f5\/tracklist=false\/artwork=small\/transparent=true\/\" seamless=\"\"><a href=\"https:\/\/crimethinc.bandcamp.com\/album\/hope-against-hope\">Hope against Hope de Catharsis<\/a><\/iframe><\/p>\n","protected":false},"excerpt":{"rendered":"<p><span style=\"color: #000000;\">Hope Against Hope vem em capa gatefold, acompanhando um encarte de 8 p\u00e1ginas em formato 30&#215;30 em papel couch\u00ea 150g. <\/span><br \/>\n<span style=\"color: #000000;\">A vers\u00e3o brasileira, conta com 3 op\u00e7\u00f5es de cores, sendo duas delas em edi\u00e7\u00e3o limitada.<\/span><\/p>\n<p><span style=\"color: #000000;\">As cores dos vinis s\u00e3o \u00fanicas e cada pe\u00e7a pode ter manchas e tons diferentes entre si.<\/span><\/p>\n","protected":false},"featured_media":18074,"template":"","meta":{"_et_pb_use_builder":"","_et_pb_old_content":"","_et_gb_content_width":"","jetpack_post_was_ever_published":false,"jetpack_publicize_message":"","jetpack_publicize_feature_enabled":true,"jetpack_social_post_already_shared":true,"jetpack_social_options":{"image_generator_settings":{"template":"highway","default_image_id":0,"font":"","enabled":false},"version":2}},"product_brand":[],"product_cat":[46,61,53,59],"product_tag":[912,1129],"class_list":{"0":"post-18089","1":"product","2":"type-product","3":"status-publish","4":"has-post-thumbnail","6":"product_cat-discos","7":"product_cat-lp","8":"product_cat-nossoslancamentos","9":"product_cat-vinil","10":"product_tag-catharsis","11":"product_tag-hope-against-hope","13":"first","14":"instock","15":"shipping-taxable","16":"purchasable","17":"product-type-variable"},"jetpack_publicize_connections":[],"jetpack_sharing_enabled":true,"jetpack-related-posts":[],"_links":{"self":[{"href":"https:\/\/nogods-nomasters.com\/nogodsnomasters\/wp-json\/wp\/v2\/product\/18089","targetHints":{"allow":["GET"]}}],"collection":[{"href":"https:\/\/nogods-nomasters.com\/nogodsnomasters\/wp-json\/wp\/v2\/product"}],"about":[{"href":"https:\/\/nogods-nomasters.com\/nogodsnomasters\/wp-json\/wp\/v2\/types\/product"}],"wp:featuredmedia":[{"embeddable":true,"href":"https:\/\/nogods-nomasters.com\/nogodsnomasters\/wp-json\/wp\/v2\/media\/18074"}],"wp:attachment":[{"href":"https:\/\/nogods-nomasters.com\/nogodsnomasters\/wp-json\/wp\/v2\/media?parent=18089"}],"wp:term":[{"taxonomy":"product_brand","embeddable":true,"href":"https:\/\/nogods-nomasters.com\/nogodsnomasters\/wp-json\/wp\/v2\/product_brand?post=18089"},{"taxonomy":"product_cat","embeddable":true,"href":"https:\/\/nogods-nomasters.com\/nogodsnomasters\/wp-json\/wp\/v2\/product_cat?post=18089"},{"taxonomy":"product_tag","embeddable":true,"href":"https:\/\/nogods-nomasters.com\/nogodsnomasters\/wp-json\/wp\/v2\/product_tag?post=18089"}],"curies":[{"name":"wp","href":"https:\/\/api.w.org\/{rel}","templated":true}]}}