{"id":18199,"date":"2025-08-29T11:19:46","date_gmt":"2025-08-29T11:19:46","guid":{"rendered":"https:\/\/nogods-nomasters.com\/nogodsnomasters\/?post_type=product&#038;p=18199"},"modified":"2026-01-29T11:50:56","modified_gmt":"2026-01-29T11:50:56","slug":"punho-de-mahin-embate-e-ancestralidade-lp","status":"publish","type":"product","link":"https:\/\/nogods-nomasters.com\/nogodsnomasters\/produto\/punho-de-mahin-embate-e-ancestralidade-lp\/","title":{"rendered":"Punho de Mahin &#8211; Embate e Ancestralidade LP\u00a0"},"content":{"rendered":"<p><span style=\"color: #000000;\">Punho de Mahin &#8211; Embate e Ancestralidade LP\u00a0<\/span><\/p>\n<p><span style=\"color: #000000;\">N\u00e3o h\u00e1 luta sem nossos punhos!<\/span><br \/>\n<span style=\"color: #000000;\">E Punho de Mahin \u00e9 tamb\u00e9m esta luta.<\/span><br \/>\n<span style=\"color: #000000;\">Trazendo, de forma urgente e necess\u00e1ria, discuss\u00f5es que permeiam a vida de tantas pessoas, tanto no punk quanto fora dele, Punho de Mahin nos faz pensar o que jamais deveria ser deixado de lado.\u00a0<\/span><br \/>\n<span style=\"color: #000000;\">E suas letras e falas vem junto com sua m\u00fasica baseada no hardcore, no punk e no gingado. \u00c9 m\u00fasica punk pol\u00edtica, \u00e9 uma dan\u00e7a em cima dos opressores! \u00c9 luta!<\/span><\/p>\n<p><span style=\"color: #000000;\">Embate e Ancestralidade foi lan\u00e7ado em 2022 e agora, em uma organiza\u00e7\u00e3o coletiva, envolvendo diversos selos, de forma totalmente Fa\u00e7a Voc\u00ea Mesmo, como o punk acredita, ganha uma vers\u00e3o em vinil.<\/span><br \/>\n<span style=\"color: #000000;\">O disco \u00e9 amarelo translucido, 180 gramas, com capa gatefold, um encarte incr\u00edvel com as letras e ilustra\u00e7\u00f5es lindas.<\/span><\/p>\n<p><span style=\"color: #000000;\">Um documento da hist\u00f3ria do punk e sua luta!<\/span><br \/>\n<span style=\"color: #000000;\">Um disco sobre ancestralidade e resist\u00eancia!<\/span><\/p>\n","protected":false},"excerpt":{"rendered":"<p><span style=\"color: #000000;\">Um documento da hist\u00f3ria do punk e sua luta!<\/span><br \/>\n<span style=\"color: #000000;\">Um disco sobre ancestralidade e resist\u00eancia!<\/span><\/p>\n","protected":false},"featured_media":18200,"template":"","meta":{"_et_pb_use_builder":"","_et_pb_old_content":"","_et_gb_content_width":"","jetpack_post_was_ever_published":false,"jetpack_publicize_message":"","jetpack_publicize_feature_enabled":true,"jetpack_social_post_already_shared":true,"jetpack_social_options":{"image_generator_settings":{"template":"highway","default_image_id":0,"font":"","enabled":false},"version":2}},"product_brand":[],"product_cat":[46,61,53,59],"product_tag":[1134],"class_list":{"0":"post-18199","1":"product","2":"type-product","3":"status-publish","4":"has-post-thumbnail","6":"product_cat-discos","7":"product_cat-lp","8":"product_cat-nossoslancamentos","9":"product_cat-vinil","10":"product_tag-punho-de-mahin","12":"first","13":"instock","14":"shipping-taxable","15":"purchasable","16":"product-type-simple"},"jetpack_publicize_connections":[],"jetpack_sharing_enabled":true,"jetpack-related-posts":[],"_links":{"self":[{"href":"https:\/\/nogods-nomasters.com\/nogodsnomasters\/wp-json\/wp\/v2\/product\/18199","targetHints":{"allow":["GET"]}}],"collection":[{"href":"https:\/\/nogods-nomasters.com\/nogodsnomasters\/wp-json\/wp\/v2\/product"}],"about":[{"href":"https:\/\/nogods-nomasters.com\/nogodsnomasters\/wp-json\/wp\/v2\/types\/product"}],"wp:featuredmedia":[{"embeddable":true,"href":"https:\/\/nogods-nomasters.com\/nogodsnomasters\/wp-json\/wp\/v2\/media\/18200"}],"wp:attachment":[{"href":"https:\/\/nogods-nomasters.com\/nogodsnomasters\/wp-json\/wp\/v2\/media?parent=18199"}],"wp:term":[{"taxonomy":"product_brand","embeddable":true,"href":"https:\/\/nogods-nomasters.com\/nogodsnomasters\/wp-json\/wp\/v2\/product_brand?post=18199"},{"taxonomy":"product_cat","embeddable":true,"href":"https:\/\/nogods-nomasters.com\/nogodsnomasters\/wp-json\/wp\/v2\/product_cat?post=18199"},{"taxonomy":"product_tag","embeddable":true,"href":"https:\/\/nogods-nomasters.com\/nogodsnomasters\/wp-json\/wp\/v2\/product_tag?post=18199"}],"curies":[{"name":"wp","href":"https:\/\/api.w.org\/{rel}","templated":true}]}}