{"id":18253,"date":"2025-12-02T22:10:44","date_gmt":"2025-12-02T22:10:44","guid":{"rendered":"https:\/\/nogods-nomasters.com\/nogodsnomasters\/?post_type=product&#038;p=18253"},"modified":"2026-02-19T12:50:47","modified_gmt":"2026-02-19T12:50:47","slug":"lamento-handala-7ep","status":"publish","type":"product","link":"https:\/\/nogods-nomasters.com\/nogodsnomasters\/produto\/lamento-handala-7ep\/","title":{"rendered":"Lamento &#8211; Handala 7&#8243;EP"},"content":{"rendered":"<p><span style=\"color: #000000;\">Handala \u00e9 o primeiro disco lan\u00e7ado pela banda Lamento.<\/span><br \/>\n<span style=\"color: #000000;\">Lamento \u00e9 um trio de pessoas queridas que decidiram colocar seus sentimentos para fora atrav\u00e9s da m\u00fasica e das ferramentas que a m\u00fasica proporciona.<\/span><br \/>\n<span style=\"color: #000000;\">E quando falamos de sentimentos, estamos falando de uma diversidade deles. Suas letras falam do especismo, da resist\u00eancia, de antepassados, de m\u00e1goas e de uma vida desobediente.<\/span><br \/>\n<span style=\"color: #000000;\">Disco verde e encarte com letras completam o sentimento deste disco.<\/span><\/p>\n<p><span style=\"color: #000000;\">Disco lan\u00e7ado de forma cooperativa com diversos selos.<\/span><\/p>\n<p>&nbsp;<\/p>\n<p><iframe loading=\"lazy\" title=\"YouTube video player\" src=\"https:\/\/www.youtube.com\/embed\/zH7Yu3XcKic?si=oDKGq2yFbetkdpns\" width=\"560\" height=\"315\" frameborder=\"0\" allowfullscreen=\"allowfullscreen\"><\/iframe><\/p>\n","protected":false},"excerpt":{"rendered":"<p>Handala \u00e9 o primeiro disco lan\u00e7ado pela banda Lamento. Lamento \u00e9 um trio de pessoas queridas que decidiram colocar seus sentimentos para fora atrav\u00e9s da m\u00fasica e das ferramentas que a m\u00fasica proporciona. E quando falamos de sentimentos, estamos falando de uma diversidade deles. Suas letras falam do especismo, da resist\u00eancia, de antepassados, de m\u00e1goas [&hellip;]<\/p>\n","protected":false},"featured_media":18255,"template":"","meta":{"_et_pb_use_builder":"","_et_pb_old_content":"","_et_gb_content_width":"","jetpack_post_was_ever_published":false,"jetpack_publicize_message":"","jetpack_publicize_feature_enabled":true,"jetpack_social_post_already_shared":true,"jetpack_social_options":{"image_generator_settings":{"template":"highway","default_image_id":0,"font":"","enabled":false},"version":2}},"product_brand":[],"product_cat":[46,63,53,59],"product_tag":[1126],"class_list":{"0":"post-18253","1":"product","2":"type-product","3":"status-publish","4":"has-post-thumbnail","6":"product_cat-discos","7":"product_cat-ep","8":"product_cat-nossoslancamentos","9":"product_cat-vinil","10":"product_tag-neon-dharmas","12":"first","13":"instock","14":"shipping-taxable","15":"purchasable","16":"product-type-simple"},"jetpack_publicize_connections":[],"jetpack_sharing_enabled":true,"jetpack-related-posts":[],"_links":{"self":[{"href":"https:\/\/nogods-nomasters.com\/nogodsnomasters\/wp-json\/wp\/v2\/product\/18253","targetHints":{"allow":["GET"]}}],"collection":[{"href":"https:\/\/nogods-nomasters.com\/nogodsnomasters\/wp-json\/wp\/v2\/product"}],"about":[{"href":"https:\/\/nogods-nomasters.com\/nogodsnomasters\/wp-json\/wp\/v2\/types\/product"}],"wp:featuredmedia":[{"embeddable":true,"href":"https:\/\/nogods-nomasters.com\/nogodsnomasters\/wp-json\/wp\/v2\/media\/18255"}],"wp:attachment":[{"href":"https:\/\/nogods-nomasters.com\/nogodsnomasters\/wp-json\/wp\/v2\/media?parent=18253"}],"wp:term":[{"taxonomy":"product_brand","embeddable":true,"href":"https:\/\/nogods-nomasters.com\/nogodsnomasters\/wp-json\/wp\/v2\/product_brand?post=18253"},{"taxonomy":"product_cat","embeddable":true,"href":"https:\/\/nogods-nomasters.com\/nogodsnomasters\/wp-json\/wp\/v2\/product_cat?post=18253"},{"taxonomy":"product_tag","embeddable":true,"href":"https:\/\/nogods-nomasters.com\/nogodsnomasters\/wp-json\/wp\/v2\/product_tag?post=18253"}],"curies":[{"name":"wp","href":"https:\/\/api.w.org\/{rel}","templated":true}]}}