{"id":2141,"date":"2016-07-18T00:20:48","date_gmt":"2016-07-18T00:20:48","guid":{"rendered":"http:\/\/nogods-nomasters.com\/nogodsnomasters\/?post_type=product&#038;p=2141"},"modified":"2024-07-09T15:50:50","modified_gmt":"2024-07-09T15:50:50","slug":"ato-punk-n-4-zine-anarquista","status":"publish","type":"product","link":"https:\/\/nogods-nomasters.com\/nogodsnomasters\/produto\/ato-punk-n-4-zine-anarquista\/","title":{"rendered":"Ato Punk n. 4 &#8211; zine anarquista"},"content":{"rendered":"<p style=\"text-align: justify\"><span style=\"font-size: 12pt;font-family: verdana, geneva, sans-serif\">Zine Anarco Punk feito em meados dos anos 90. Nesta edi\u00e7\u00e3o: Cena na Espanha, Cultura Punk, textos libert\u00e1rios, KAAZA \u2013 uma ocupa\u00e7\u00e3o, Resist, Battle of Disarm e Inkisi\u00e7\u00e3o. Est\u00e1 em portugu\u00eas e tem 12 p\u00e1ginas.<\/span><\/p>\n","protected":false},"excerpt":{"rendered":"<p>Zine Anarco Punk feito em meados dos anos 90. Nesta edi\u00e7\u00e3o: Cena na Espanha, Cultura Punk, textos libert\u00e1rios, KAAZA \u2013 uma ocupa\u00e7\u00e3o, Resist, Battle of Disarm e Inkisi\u00e7\u00e3o. Est\u00e1 em portugu\u00eas e tem 12 p\u00e1ginas.<\/p>\n","protected":false},"featured_media":2142,"template":"","meta":{"_et_pb_use_builder":"","_et_pb_old_content":"","_et_gb_content_width":"","jetpack_post_was_ever_published":false,"jetpack_publicize_message":"","jetpack_publicize_feature_enabled":true,"jetpack_social_post_already_shared":true,"jetpack_social_options":{"image_generator_settings":{"template":"highway","default_image_id":0,"font":"","enabled":false},"version":2}},"product_brand":[],"product_cat":[77,81,48],"product_tag":[],"class_list":{"0":"post-2141","1":"product","2":"type-product","3":"status-publish","4":"has-post-thumbnail","6":"product_cat-anarquismo","7":"product_cat-punk","8":"product_cat-zines","10":"first","11":"outofstock","12":"shipping-taxable","13":"purchasable","14":"product-type-simple"},"jetpack_publicize_connections":[],"jetpack_sharing_enabled":true,"jetpack-related-posts":[],"_links":{"self":[{"href":"https:\/\/nogods-nomasters.com\/nogodsnomasters\/wp-json\/wp\/v2\/product\/2141","targetHints":{"allow":["GET"]}}],"collection":[{"href":"https:\/\/nogods-nomasters.com\/nogodsnomasters\/wp-json\/wp\/v2\/product"}],"about":[{"href":"https:\/\/nogods-nomasters.com\/nogodsnomasters\/wp-json\/wp\/v2\/types\/product"}],"wp:featuredmedia":[{"embeddable":true,"href":"https:\/\/nogods-nomasters.com\/nogodsnomasters\/wp-json\/wp\/v2\/media\/2142"}],"wp:attachment":[{"href":"https:\/\/nogods-nomasters.com\/nogodsnomasters\/wp-json\/wp\/v2\/media?parent=2141"}],"wp:term":[{"taxonomy":"product_brand","embeddable":true,"href":"https:\/\/nogods-nomasters.com\/nogodsnomasters\/wp-json\/wp\/v2\/product_brand?post=2141"},{"taxonomy":"product_cat","embeddable":true,"href":"https:\/\/nogods-nomasters.com\/nogodsnomasters\/wp-json\/wp\/v2\/product_cat?post=2141"},{"taxonomy":"product_tag","embeddable":true,"href":"https:\/\/nogods-nomasters.com\/nogodsnomasters\/wp-json\/wp\/v2\/product_tag?post=2141"}],"curies":[{"name":"wp","href":"https:\/\/api.w.org\/{rel}","templated":true}]}}