{"id":7195,"date":"2016-08-26T18:19:18","date_gmt":"2016-08-26T18:19:18","guid":{"rendered":"http:\/\/nogods-nomasters.com\/nogodsnomasters\/produto\/nao-conformismo-basta-lp\/"},"modified":"2025-12-08T21:32:41","modified_gmt":"2025-12-08T21:32:41","slug":"nao-conformismo-basta-lp-2","status":"publish","type":"product","link":"https:\/\/nogods-nomasters.com\/nogodsnomasters\/produto\/nao-conformismo-basta-lp-2\/","title":{"rendered":"N\u00e3o Conformismo \u2013 Basta LP"},"content":{"rendered":"<p style=\"text-align: justify\" align=\"justify\"><span style=\"font-size: 12pt;font-family: verdana,geneva,sans-serif\">N\u00e3o Conformismo foi formada no come\u00e7o dos anos 90 no Rio de Janeiro por pessoas que j\u00e1 tocaram em muitas outras bandas do estado do Rio. Este disco foi gravado em 2011 e saiu agora em 2014 e para muitas pessoas foi uma grande surpresa do ano. Hardcore r\u00e1pido e direto, letras em portugu\u00eas com temas ligados a realidade cotidiana.<\/span><\/p>\n<span class=\"embed-youtube\" style=\"text-align:center; display: block;\"><iframe loading=\"lazy\" class=\"youtube-player\" width=\"1080\" height=\"608\" src=\"https:\/\/www.youtube.com\/embed\/ghGaYKQnaSo?version=3&#038;rel=1&#038;showsearch=0&#038;showinfo=1&#038;iv_load_policy=1&#038;fs=1&#038;hl=pt-BR&#038;autohide=2&#038;wmode=transparent\" allowfullscreen=\"true\" style=\"border:0;\" sandbox=\"allow-scripts allow-same-origin allow-popups allow-presentation allow-popups-to-escape-sandbox\"><\/iframe><\/span>\n","protected":false},"excerpt":{"rendered":"<p>N\u00e3o Conformismo foi formada no come\u00e7o dos anos 90 no Rio de Janeiro por pessoas que j\u00e1 tocaram em muitas outras bandas do estado do Rio. Este disco foi gravado em 2011 e saiu agora em 2014 e para muitas pessoas foi uma grande surpresa do ano. Hardcore r\u00e1pido e direto, letras em portugu\u00eas com [&hellip;]<\/p>\n","protected":false},"featured_media":7196,"template":"","meta":{"_et_pb_use_builder":"","_et_pb_old_content":"","_et_gb_content_width":"","jetpack_post_was_ever_published":false,"jetpack_publicize_message":"","jetpack_publicize_feature_enabled":true,"jetpack_social_post_already_shared":true,"jetpack_social_options":{"image_generator_settings":{"template":"highway","default_image_id":0,"font":"","enabled":false},"version":2}},"product_brand":[],"product_cat":[46,61,1133],"product_tag":[435],"class_list":{"0":"post-7195","1":"product","2":"type-product","3":"status-publish","4":"has-post-thumbnail","6":"product_cat-discos","7":"product_cat-lp","8":"product_cat-oferta","9":"product_tag-nao-conformismo-basta-lp","11":"first","12":"instock","13":"sale","14":"shipping-taxable","15":"purchasable","16":"product-type-simple"},"jetpack_publicize_connections":[],"jetpack_sharing_enabled":true,"jetpack-related-posts":[],"_links":{"self":[{"href":"https:\/\/nogods-nomasters.com\/nogodsnomasters\/wp-json\/wp\/v2\/product\/7195","targetHints":{"allow":["GET"]}}],"collection":[{"href":"https:\/\/nogods-nomasters.com\/nogodsnomasters\/wp-json\/wp\/v2\/product"}],"about":[{"href":"https:\/\/nogods-nomasters.com\/nogodsnomasters\/wp-json\/wp\/v2\/types\/product"}],"wp:featuredmedia":[{"embeddable":true,"href":"https:\/\/nogods-nomasters.com\/nogodsnomasters\/wp-json\/wp\/v2\/media\/7196"}],"wp:attachment":[{"href":"https:\/\/nogods-nomasters.com\/nogodsnomasters\/wp-json\/wp\/v2\/media?parent=7195"}],"wp:term":[{"taxonomy":"product_brand","embeddable":true,"href":"https:\/\/nogods-nomasters.com\/nogodsnomasters\/wp-json\/wp\/v2\/product_brand?post=7195"},{"taxonomy":"product_cat","embeddable":true,"href":"https:\/\/nogods-nomasters.com\/nogodsnomasters\/wp-json\/wp\/v2\/product_cat?post=7195"},{"taxonomy":"product_tag","embeddable":true,"href":"https:\/\/nogods-nomasters.com\/nogodsnomasters\/wp-json\/wp\/v2\/product_tag?post=7195"}],"curies":[{"name":"wp","href":"https:\/\/api.w.org\/{rel}","templated":true}]}}