{"id":7225,"date":"2016-08-27T00:31:19","date_gmt":"2016-08-27T00:31:19","guid":{"rendered":"http:\/\/nogods-nomasters.com\/nogodsnomasters\/produto\/the-shining-the-infinite-reign-of-madness-lp\/"},"modified":"2025-08-12T21:20:31","modified_gmt":"2025-08-12T21:20:31","slug":"the-shining-the-infinite-reign-of-madness-lp","status":"publish","type":"product","link":"https:\/\/nogods-nomasters.com\/nogodsnomasters\/produto\/the-shining-the-infinite-reign-of-madness-lp\/","title":{"rendered":"The Shining -The Infinite reign of madness LP"},"content":{"rendered":"<p style=\"text-align: justify\"><span style=\"font-size: 12pt;font-family: verdana,geneva,sans-serif\">The Shining \u00e9 uma banda holandesa formada em 2001 com a inten\u00e7\u00e3o de tocar alto e r\u00e1pido e, eles conseguem. Mesmo no vinil o som \u00e9 alto, uma grava\u00e7\u00e3o muito bem feita e que mant\u00eam o som fiel a proposta. Eles misturam trash com hardcore em boas doses e o disco se torna bastante empolgante. \u00d3timo lan\u00e7amento.<\/span><\/p>\n<span class=\"embed-youtube\" style=\"text-align:center; display: block;\"><iframe loading=\"lazy\" class=\"youtube-player\" width=\"1080\" height=\"608\" src=\"https:\/\/www.youtube.com\/embed\/orAIH2PR0vg?version=3&#038;rel=1&#038;showsearch=0&#038;showinfo=1&#038;iv_load_policy=1&#038;fs=1&#038;hl=pt-BR&#038;autohide=2&#038;wmode=transparent\" allowfullscreen=\"true\" style=\"border:0;\" sandbox=\"allow-scripts allow-same-origin allow-popups allow-presentation allow-popups-to-escape-sandbox\"><\/iframe><\/span>\n","protected":false},"excerpt":{"rendered":"<p>The Shining \u00e9 uma banda holandesa formada em 2001 com a inten\u00e7\u00e3o de tocar alto e r\u00e1pido e, eles conseguem. Mesmo no vinil o som \u00e9 alto, uma grava\u00e7\u00e3o muito bem feita e que mant\u00eam o som fiel a proposta. Eles misturam trash com hardcore em boas doses e o disco se torna bastante empolgante. [&hellip;]<\/p>\n","protected":false},"featured_media":7226,"template":"","meta":{"_et_pb_use_builder":"","_et_pb_old_content":"","_et_gb_content_width":"","jetpack_post_was_ever_published":false,"jetpack_publicize_message":"","jetpack_publicize_feature_enabled":true,"jetpack_social_post_already_shared":true,"jetpack_social_options":{"image_generator_settings":{"template":"highway","default_image_id":0,"font":"","enabled":false},"version":2}},"product_brand":[],"product_cat":[46,61],"product_tag":[450],"class_list":{"0":"post-7225","1":"product","2":"type-product","3":"status-publish","4":"has-post-thumbnail","6":"product_cat-discos","7":"product_cat-lp","8":"product_tag-the-shining-the-infinite-reign-of-madness-lp","10":"first","11":"instock","12":"shipping-taxable","13":"purchasable","14":"product-type-simple"},"jetpack_publicize_connections":[],"jetpack_sharing_enabled":true,"jetpack-related-posts":[],"_links":{"self":[{"href":"https:\/\/nogods-nomasters.com\/nogodsnomasters\/wp-json\/wp\/v2\/product\/7225","targetHints":{"allow":["GET"]}}],"collection":[{"href":"https:\/\/nogods-nomasters.com\/nogodsnomasters\/wp-json\/wp\/v2\/product"}],"about":[{"href":"https:\/\/nogods-nomasters.com\/nogodsnomasters\/wp-json\/wp\/v2\/types\/product"}],"wp:featuredmedia":[{"embeddable":true,"href":"https:\/\/nogods-nomasters.com\/nogodsnomasters\/wp-json\/wp\/v2\/media\/7226"}],"wp:attachment":[{"href":"https:\/\/nogods-nomasters.com\/nogodsnomasters\/wp-json\/wp\/v2\/media?parent=7225"}],"wp:term":[{"taxonomy":"product_brand","embeddable":true,"href":"https:\/\/nogods-nomasters.com\/nogodsnomasters\/wp-json\/wp\/v2\/product_brand?post=7225"},{"taxonomy":"product_cat","embeddable":true,"href":"https:\/\/nogods-nomasters.com\/nogodsnomasters\/wp-json\/wp\/v2\/product_cat?post=7225"},{"taxonomy":"product_tag","embeddable":true,"href":"https:\/\/nogods-nomasters.com\/nogodsnomasters\/wp-json\/wp\/v2\/product_tag?post=7225"}],"curies":[{"name":"wp","href":"https:\/\/api.w.org\/{rel}","templated":true}]}}