{"id":7786,"date":"2016-08-29T12:50:59","date_gmt":"2016-08-29T12:50:59","guid":{"rendered":"http:\/\/nogods-nomasters.com\/nogodsnomasters\/produto\/cadernos-das-nossas-plantas-medicinais\/"},"modified":"2024-07-09T15:24:59","modified_gmt":"2024-07-09T15:24:59","slug":"cadernos-das-nossas-plantas-medicinais","status":"publish","type":"product","link":"https:\/\/nogods-nomasters.com\/nogodsnomasters\/produto\/cadernos-das-nossas-plantas-medicinais\/","title":{"rendered":"Caderno das nossas plantas medicinais"},"content":{"rendered":"<p style=\"text-align: justify\"><span style=\"font-size: 12pt;font-family: verdana,geneva,sans-serif\">Um livreto\/zine que tr\u00e1s diversas plantas medicinais brasileiras, colheita e preparo. Portugu\u00eas, 60 p\u00e1ginas.<\/span><\/p>\n","protected":false},"excerpt":{"rendered":"<p>Um livreto\/zine que tr\u00e1s diversas plantas medicinais brasileiras, colheita e preparo. Portugu\u00eas, 60 p\u00e1ginas.<\/p>\n","protected":false},"featured_media":7985,"template":"","meta":{"_et_pb_use_builder":"","_et_pb_old_content":"","_et_gb_content_width":"","jetpack_post_was_ever_published":false,"jetpack_publicize_message":"","jetpack_publicize_feature_enabled":true,"jetpack_social_post_already_shared":true,"jetpack_social_options":{"image_generator_settings":{"template":"highway","default_image_id":0,"font":"","enabled":false},"version":2}},"product_brand":[],"product_cat":[83,48],"product_tag":[588,130],"class_list":{"0":"post-7786","1":"product","2":"type-product","3":"status-publish","4":"has-post-thumbnail","6":"product_cat-saude","7":"product_cat-zines","8":"product_tag-plantas-medicinais","9":"product_tag-saude","11":"first","12":"outofstock","13":"shipping-taxable","14":"purchasable","15":"product-type-simple"},"jetpack_publicize_connections":[],"jetpack_sharing_enabled":true,"jetpack-related-posts":[],"_links":{"self":[{"href":"https:\/\/nogods-nomasters.com\/nogodsnomasters\/wp-json\/wp\/v2\/product\/7786","targetHints":{"allow":["GET"]}}],"collection":[{"href":"https:\/\/nogods-nomasters.com\/nogodsnomasters\/wp-json\/wp\/v2\/product"}],"about":[{"href":"https:\/\/nogods-nomasters.com\/nogodsnomasters\/wp-json\/wp\/v2\/types\/product"}],"wp:featuredmedia":[{"embeddable":true,"href":"https:\/\/nogods-nomasters.com\/nogodsnomasters\/wp-json\/wp\/v2\/media\/7985"}],"wp:attachment":[{"href":"https:\/\/nogods-nomasters.com\/nogodsnomasters\/wp-json\/wp\/v2\/media?parent=7786"}],"wp:term":[{"taxonomy":"product_brand","embeddable":true,"href":"https:\/\/nogods-nomasters.com\/nogodsnomasters\/wp-json\/wp\/v2\/product_brand?post=7786"},{"taxonomy":"product_cat","embeddable":true,"href":"https:\/\/nogods-nomasters.com\/nogodsnomasters\/wp-json\/wp\/v2\/product_cat?post=7786"},{"taxonomy":"product_tag","embeddable":true,"href":"https:\/\/nogods-nomasters.com\/nogodsnomasters\/wp-json\/wp\/v2\/product_tag?post=7786"}],"curies":[{"name":"wp","href":"https:\/\/api.w.org\/{rel}","templated":true}]}}