{"id":7832,"date":"2016-08-30T15:50:06","date_gmt":"2016-08-30T15:50:06","guid":{"rendered":"http:\/\/nogods-nomasters.com\/nogodsnomasters\/produto\/maximum-rocknroll-n-379-dezembro-2014\/"},"modified":"2022-03-24T06:44:12","modified_gmt":"2022-03-24T06:44:12","slug":"maximum-rocknroll-n-379-dezembro-2014","status":"publish","type":"product","link":"https:\/\/nogods-nomasters.com\/nogodsnomasters\/produto\/maximum-rocknroll-n-379-dezembro-2014\/","title":{"rendered":"Maximum Rocknroll n. 379 &#8211; Dezembro 2014"},"content":{"rendered":"<p style=\"text-align: justify;\"><span style=\"font-size: 12pt; font-family: verdana,geneva,sans-serif;\">Nesta edi\u00e7\u00e3o, entrevista com Rakta, Nunhex, Autistic Behavior, Marmara Streisand, Poison Grils, Doomed to Extinction, Death by audio, alem de dezenas de resenhas de lps, livros, k7s, zines, an\u00fancios de distribuidoras e selos de todo o mundo. Est\u00e1 em Ingl\u00eas.<br \/>\n<\/span><\/p>\n","protected":false},"excerpt":{"rendered":"<p>Nesta edi\u00e7\u00e3o, entrevista com Rakta, Nunhex, Autistic Behavior, Marmara Streisand, Poison Grils, Doomed to Extinction, Death by audio, alem de dezenas de resenhas de lps, livros, k7s, zines, an\u00fancios de distribuidoras e selos de todo o mundo. Est\u00e1 em Ingl\u00eas.<\/p>\n","protected":false},"featured_media":7850,"template":"","meta":{"_et_pb_use_builder":"","_et_pb_old_content":"","_et_gb_content_width":"","jetpack_post_was_ever_published":false,"jetpack_publicize_message":"","jetpack_publicize_feature_enabled":true,"jetpack_social_post_already_shared":true,"jetpack_social_options":{"image_generator_settings":{"template":"highway","default_image_id":0,"font":"","enabled":false},"version":2}},"product_brand":[],"product_cat":[81,48],"product_tag":[596,69,58],"class_list":{"0":"post-7832","1":"product","2":"type-product","3":"status-publish","4":"has-post-thumbnail","6":"product_cat-punk","7":"product_cat-zines","8":"product_tag-maximum-rocknroll","9":"product_tag-punk","10":"product_tag-zines","12":"first","13":"instock","14":"shipping-taxable","15":"purchasable","16":"product-type-simple"},"jetpack_publicize_connections":[],"jetpack_sharing_enabled":true,"jetpack-related-posts":[],"_links":{"self":[{"href":"https:\/\/nogods-nomasters.com\/nogodsnomasters\/wp-json\/wp\/v2\/product\/7832","targetHints":{"allow":["GET"]}}],"collection":[{"href":"https:\/\/nogods-nomasters.com\/nogodsnomasters\/wp-json\/wp\/v2\/product"}],"about":[{"href":"https:\/\/nogods-nomasters.com\/nogodsnomasters\/wp-json\/wp\/v2\/types\/product"}],"wp:featuredmedia":[{"embeddable":true,"href":"https:\/\/nogods-nomasters.com\/nogodsnomasters\/wp-json\/wp\/v2\/media\/7850"}],"wp:attachment":[{"href":"https:\/\/nogods-nomasters.com\/nogodsnomasters\/wp-json\/wp\/v2\/media?parent=7832"}],"wp:term":[{"taxonomy":"product_brand","embeddable":true,"href":"https:\/\/nogods-nomasters.com\/nogodsnomasters\/wp-json\/wp\/v2\/product_brand?post=7832"},{"taxonomy":"product_cat","embeddable":true,"href":"https:\/\/nogods-nomasters.com\/nogodsnomasters\/wp-json\/wp\/v2\/product_cat?post=7832"},{"taxonomy":"product_tag","embeddable":true,"href":"https:\/\/nogods-nomasters.com\/nogodsnomasters\/wp-json\/wp\/v2\/product_tag?post=7832"}],"curies":[{"name":"wp","href":"https:\/\/api.w.org\/{rel}","templated":true}]}}