{"id":7840,"date":"2016-08-30T16:14:05","date_gmt":"2016-08-30T16:14:05","guid":{"rendered":"http:\/\/nogods-nomasters.com\/nogodsnomasters\/produto\/maximum-rocknroll-n-385-junho-2015\/"},"modified":"2020-12-05T05:21:41","modified_gmt":"2020-12-05T05:21:41","slug":"maximum-rocknroll-n-385-junho-2015","status":"publish","type":"product","link":"https:\/\/nogods-nomasters.com\/nogodsnomasters\/produto\/maximum-rocknroll-n-385-junho-2015\/","title":{"rendered":"Maximum Rocknroll n. 385 &#8211; Junho 2015"},"content":{"rendered":"<div class=\"rte\">\n<p class=\"western\" style=\"text-align: justify;\"><span style=\"font-size: 12pt; font-family: verdana,geneva,sans-serif;\">\u00c9 hora de Maximum Rocknroll # 385, junho 2015! <\/span><\/p>\n<p class=\"western\" style=\"text-align: justify;\"><span style=\"font-size: 12pt; font-family: verdana,geneva,sans-serif;\">Victoria e Joey do DOWNTOWNBOYS discutem o seu novo disco <em>Full Communism <\/em>e como sua pol\u00edtica se cruza com o seu sax-punk e seus shows ao vivo eletrizantes, a lenda anarco do Reino Unido PARTE 1 discutem a reedi\u00e7\u00e3o do sua enome lista de discos gravados e sua voltar a tocar, HISTERESIS da Alemanha-nos na um parecer da banda antes de sua turn\u00ea pelos Estados Unidos. Al\u00e9m disso, a coluna do baixista do HEAVEN Andrew Nolan de Toronto nos fornece uma janela para a paisagem em mudan\u00e7a de Toronto, o time por tr\u00e1s do Bad Daddies de Nottingham, SLEAFORD MODS de Reino Unido, MINEFIELD da R\u00fassia conversa conosco fazendo m\u00fasica na sombra de uma famosa f\u00e1brica de armas , e a profunda amizade que foi construida pela banda SHARKPACT de Olympia, WA .Temos tamb\u00e9m uma reflex\u00e3o sobre LOUD! Um projeto que reune dezenas de entrevistas historicas com punks de todas as idades acompanhado por retratos surpreendentes de Karen Kirchhoff. Farrah Skeiky leva a nossa foto da capa e documenta Damaged City Fest . enquanto Ochi Reyes nos traz uma expedi\u00e7\u00e3o fotogr\u00e1fica do Bentfest de Londres. E, claro, n\u00f3s temos todas as colunas que sempre esperamos, incluindo colunas dos visitantes, Darryl Andrew Reid de Montreal e Sadie Switchblade do GLOSS sobre suas experi\u00eancias como uma mulher trans no punk e tamb\u00e9m a maior sess\u00e3o de resenhas do mundo&#8230;corre, pega a sua c\u00f3pia. Est\u00e1 em ingl\u00eas.<br \/>\n<\/span><\/p>\n<\/div>\n","protected":false},"excerpt":{"rendered":"<p>\u00c9 hora de Maximum Rocknroll # 385, junho 2015! Victoria e Joey do DOWNTOWNBOYS discutem o seu novo disco Full Communism e como sua pol\u00edtica se cruza com o seu sax-punk e seus shows ao vivo eletrizantes, a lenda anarco do Reino Unido PARTE 1 discutem a reedi\u00e7\u00e3o do sua enome lista de discos gravados [&hellip;]<\/p>\n","protected":false},"featured_media":7842,"template":"","meta":{"_et_pb_use_builder":"","_et_pb_old_content":"","_et_gb_content_width":"","jetpack_post_was_ever_published":false,"jetpack_publicize_message":"","jetpack_publicize_feature_enabled":true,"jetpack_social_post_already_shared":true,"jetpack_social_options":{"image_generator_settings":{"template":"highway","default_image_id":0,"font":"","enabled":false},"version":2}},"product_brand":[],"product_cat":[81,48],"product_tag":[596,69,58],"class_list":{"0":"post-7840","1":"product","2":"type-product","3":"status-publish","4":"has-post-thumbnail","6":"product_cat-punk","7":"product_cat-zines","8":"product_tag-maximum-rocknroll","9":"product_tag-punk","10":"product_tag-zines","12":"first","13":"instock","14":"shipping-taxable","15":"purchasable","16":"product-type-simple"},"jetpack_publicize_connections":[],"jetpack_sharing_enabled":true,"jetpack-related-posts":[],"_links":{"self":[{"href":"https:\/\/nogods-nomasters.com\/nogodsnomasters\/wp-json\/wp\/v2\/product\/7840","targetHints":{"allow":["GET"]}}],"collection":[{"href":"https:\/\/nogods-nomasters.com\/nogodsnomasters\/wp-json\/wp\/v2\/product"}],"about":[{"href":"https:\/\/nogods-nomasters.com\/nogodsnomasters\/wp-json\/wp\/v2\/types\/product"}],"wp:featuredmedia":[{"embeddable":true,"href":"https:\/\/nogods-nomasters.com\/nogodsnomasters\/wp-json\/wp\/v2\/media\/7842"}],"wp:attachment":[{"href":"https:\/\/nogods-nomasters.com\/nogodsnomasters\/wp-json\/wp\/v2\/media?parent=7840"}],"wp:term":[{"taxonomy":"product_brand","embeddable":true,"href":"https:\/\/nogods-nomasters.com\/nogodsnomasters\/wp-json\/wp\/v2\/product_brand?post=7840"},{"taxonomy":"product_cat","embeddable":true,"href":"https:\/\/nogods-nomasters.com\/nogodsnomasters\/wp-json\/wp\/v2\/product_cat?post=7840"},{"taxonomy":"product_tag","embeddable":true,"href":"https:\/\/nogods-nomasters.com\/nogodsnomasters\/wp-json\/wp\/v2\/product_tag?post=7840"}],"curies":[{"name":"wp","href":"https:\/\/api.w.org\/{rel}","templated":true}]}}