{"id":7843,"date":"2016-08-30T16:25:38","date_gmt":"2016-08-30T16:25:38","guid":{"rendered":"http:\/\/nogods-nomasters.com\/nogodsnomasters\/produto\/maximum-rocknroll-n-386-julho2015\/"},"modified":"2025-03-16T11:41:16","modified_gmt":"2025-03-16T11:41:16","slug":"maximum-rocknroll-n-386-julho2015","status":"publish","type":"product","link":"https:\/\/nogods-nomasters.com\/nogodsnomasters\/produto\/maximum-rocknroll-n-386-julho2015\/","title":{"rendered":"Maximum Rocknroll n. 386 &#8211; Julho\/2015"},"content":{"rendered":"<div class=\"rte\">\n<div class=\"rte\">\n<div style=\"text-align: justify;\"><span style=\"font-size: 12pt; font-family: verdana,geneva,sans-serif;\">Esta Maximum Rock and Roll est\u00e1 incrivel&#8230; A banda\u00a0<strong><a href=\"http:\/\/fleshworldusa.tumblr.com\/\" target=\"_blank\">FLESH WORLD<\/a><\/strong>\u00a0nos fala sobre o seu novo disco lan\u00e7ado pelo selo Iron Lung e nos fala como foi a mudan\u00e7a e viver em S\u00e3o Francisco.<strong><a href=\"https:\/\/pisstest.bandcamp.com\/\" target=\"_blank\">PISS TEST<\/a><\/strong>\u00a0tra\u00e7a algumas reflex\u00f5es sobre sua cidade natal, Portland e nos fala um pouco sobre sua turne pela costa oeste dos EUA. Temos tamb\u00e9m duas materias com bandas e grupos antigos, YDI nos fala sobre o relan\u00e7amento de seus discos e The Wrecks fala sobre como era a cena de mulheres em Reno, Nevada.<\/span><\/div>\n<div style=\"text-align: justify;\"><span style=\"font-size: 12pt; font-family: verdana,geneva,sans-serif;\">H\u00e1 tamb\u00e9m uma excelente\u00a0mat\u00e9ria\u00a0sobre a cena punk em Londres e uma linda materia feita com fotos de v\u00e1rios shows que rolaram pelo mundo em beneficio\u00a0a Maximum Rock and Roll.<\/span><\/div>\n<div style=\"text-align: justify;\"><span style=\"font-size: 12pt; font-family: verdana,geneva,sans-serif;\">E tamb\u00e9m, neste n\u00famero, as primeiras resenhas de Ericla Elizabeth \u00a0Plus (do\u00a0<em>Dynamite Hemorrhage<\/em>fanzine and Expressway To Yr Skull radio) e\u00a0<strong>Sadie Switchblade<\/strong>\u00a0(da banda G.L.O.S.S. e PEEPLE WATCHIN\u2019), al\u00e9m das costumeiras resenhas de dezenas de discos, fitas, cds, livros, zines, artigos,\u00a0an\u00fancios\u00a0e um pouco do que acontece pelo mundo punk afora. Est\u00e1 em ingl\u00eas.<br \/>\n<\/span><\/div>\n<\/div>\n<\/div>\n","protected":false},"excerpt":{"rendered":"<p>Esta Maximum Rock and Roll est\u00e1 incrivel&#8230; A banda\u00a0FLESH WORLD\u00a0nos fala sobre o seu novo disco lan\u00e7ado pelo selo Iron Lung e nos fala como foi a mudan\u00e7a e viver em S\u00e3o Francisco.PISS TEST\u00a0tra\u00e7a algumas reflex\u00f5es sobre sua cidade natal, Portland e nos fala um pouco sobre sua turne pela costa oeste dos EUA. Temos [&hellip;]<\/p>\n","protected":false},"featured_media":7844,"template":"","meta":{"_et_pb_use_builder":"","_et_pb_old_content":"","_et_gb_content_width":"","jetpack_post_was_ever_published":false,"jetpack_publicize_message":"","jetpack_publicize_feature_enabled":true,"jetpack_social_post_already_shared":true,"jetpack_social_options":{"image_generator_settings":{"template":"highway","default_image_id":0,"font":"","enabled":false},"version":2}},"product_brand":[],"product_cat":[81,48],"product_tag":[596,69,58],"class_list":{"0":"post-7843","1":"product","2":"type-product","3":"status-publish","4":"has-post-thumbnail","6":"product_cat-punk","7":"product_cat-zines","8":"product_tag-maximum-rocknroll","9":"product_tag-punk","10":"product_tag-zines","12":"first","13":"instock","14":"shipping-taxable","15":"purchasable","16":"product-type-simple"},"jetpack_publicize_connections":[],"jetpack_sharing_enabled":true,"jetpack-related-posts":[],"_links":{"self":[{"href":"https:\/\/nogods-nomasters.com\/nogodsnomasters\/wp-json\/wp\/v2\/product\/7843","targetHints":{"allow":["GET"]}}],"collection":[{"href":"https:\/\/nogods-nomasters.com\/nogodsnomasters\/wp-json\/wp\/v2\/product"}],"about":[{"href":"https:\/\/nogods-nomasters.com\/nogodsnomasters\/wp-json\/wp\/v2\/types\/product"}],"wp:featuredmedia":[{"embeddable":true,"href":"https:\/\/nogods-nomasters.com\/nogodsnomasters\/wp-json\/wp\/v2\/media\/7844"}],"wp:attachment":[{"href":"https:\/\/nogods-nomasters.com\/nogodsnomasters\/wp-json\/wp\/v2\/media?parent=7843"}],"wp:term":[{"taxonomy":"product_brand","embeddable":true,"href":"https:\/\/nogods-nomasters.com\/nogodsnomasters\/wp-json\/wp\/v2\/product_brand?post=7843"},{"taxonomy":"product_cat","embeddable":true,"href":"https:\/\/nogods-nomasters.com\/nogodsnomasters\/wp-json\/wp\/v2\/product_cat?post=7843"},{"taxonomy":"product_tag","embeddable":true,"href":"https:\/\/nogods-nomasters.com\/nogodsnomasters\/wp-json\/wp\/v2\/product_tag?post=7843"}],"curies":[{"name":"wp","href":"https:\/\/api.w.org\/{rel}","templated":true}]}}