{"id":7845,"date":"2016-08-30T16:39:13","date_gmt":"2016-08-30T16:39:13","guid":{"rendered":"http:\/\/nogods-nomasters.com\/nogodsnomasters\/produto\/maximum-rocknroll-n-387-agosto-2015\/"},"modified":"2016-10-05T00:08:11","modified_gmt":"2016-10-05T00:08:11","slug":"maximum-rocknroll-n-387-agosto-2015","status":"publish","type":"product","link":"https:\/\/nogods-nomasters.com\/nogodsnomasters\/produto\/maximum-rocknroll-n-387-agosto-2015\/","title":{"rendered":"Maximum Rocknroll n. 387 &#8211; Agosto 2015"},"content":{"rendered":"<div class=\"rte\">\n<div class=\"rte\">\n<div class=\"rte\" style=\"text-align: justify;\">\n<p lang=\"pt-pt\" style=\"text-align: justify;\" xml:lang=\"pt-pt\"><span style=\"font-size: 12pt; font-family: verdana,geneva,sans-serif;\">Neste n\u00famero temos o MAG SHEER da Filad\u00e9lfia falando sobre como \u00e9 viver na Filad\u00e9lfia e sobre o seu novo disco. Temos tamb\u00e9m nossos queridos do CADAVER EM TRANSE falando sobre como \u00e9 viver em S\u00e3o Paulo e muito mais sobre a banda. JUANITA Y LOS FEOS nos fala um pouco sobre como anda a cena em Madrid. Bob Suren e VICTIM PARTY falam sobre como \u00e9 envelhecer no punk. Al\u00e9m das dezenas de resenhas de discos lan\u00e7ados nos \u00faltimos dias, livros, zines e tudo mais que saiu sobre punk pelo mundo. Al\u00e9m das diversas colunas sobre variados temas, an\u00fancios, fotos e tudo mais que a Maximum Rock and Roll nos oferece.<\/span><\/p>\n<\/div>\n<\/div>\n<\/div>\n","protected":false},"excerpt":{"rendered":"<p>Neste n\u00famero temos o MAG SHEER da Filad\u00e9lfia falando sobre como \u00e9 viver na Filad\u00e9lfia e sobre o seu novo disco. Temos tamb\u00e9m nossos queridos do CADAVER EM TRANSE falando sobre como \u00e9 viver em S\u00e3o Paulo e muito mais sobre a banda. JUANITA Y LOS FEOS nos fala um pouco sobre como anda a [&hellip;]<\/p>\n","protected":false},"featured_media":7846,"template":"","meta":{"_et_pb_use_builder":"","_et_pb_old_content":"","_et_gb_content_width":"","jetpack_post_was_ever_published":false,"jetpack_publicize_message":"","jetpack_publicize_feature_enabled":true,"jetpack_social_post_already_shared":true,"jetpack_social_options":{"image_generator_settings":{"template":"highway","default_image_id":0,"font":"","enabled":false},"version":2}},"product_brand":[],"product_cat":[81,48],"product_tag":[596,69,58],"class_list":{"0":"post-7845","1":"product","2":"type-product","3":"status-publish","4":"has-post-thumbnail","6":"product_cat-punk","7":"product_cat-zines","8":"product_tag-maximum-rocknroll","9":"product_tag-punk","10":"product_tag-zines","12":"first","13":"instock","14":"shipping-taxable","15":"purchasable","16":"product-type-simple"},"jetpack_publicize_connections":[],"jetpack_sharing_enabled":true,"jetpack-related-posts":[],"_links":{"self":[{"href":"https:\/\/nogods-nomasters.com\/nogodsnomasters\/wp-json\/wp\/v2\/product\/7845","targetHints":{"allow":["GET"]}}],"collection":[{"href":"https:\/\/nogods-nomasters.com\/nogodsnomasters\/wp-json\/wp\/v2\/product"}],"about":[{"href":"https:\/\/nogods-nomasters.com\/nogodsnomasters\/wp-json\/wp\/v2\/types\/product"}],"wp:featuredmedia":[{"embeddable":true,"href":"https:\/\/nogods-nomasters.com\/nogodsnomasters\/wp-json\/wp\/v2\/media\/7846"}],"wp:attachment":[{"href":"https:\/\/nogods-nomasters.com\/nogodsnomasters\/wp-json\/wp\/v2\/media?parent=7845"}],"wp:term":[{"taxonomy":"product_brand","embeddable":true,"href":"https:\/\/nogods-nomasters.com\/nogodsnomasters\/wp-json\/wp\/v2\/product_brand?post=7845"},{"taxonomy":"product_cat","embeddable":true,"href":"https:\/\/nogods-nomasters.com\/nogodsnomasters\/wp-json\/wp\/v2\/product_cat?post=7845"},{"taxonomy":"product_tag","embeddable":true,"href":"https:\/\/nogods-nomasters.com\/nogodsnomasters\/wp-json\/wp\/v2\/product_tag?post=7845"}],"curies":[{"name":"wp","href":"https:\/\/api.w.org\/{rel}","templated":true}]}}