{"id":7847,"date":"2016-08-30T16:42:38","date_gmt":"2016-08-30T16:42:38","guid":{"rendered":"http:\/\/nogods-nomasters.com\/nogodsnomasters\/produto\/maximum-rocknroll-n-388-setembro-2015\/"},"modified":"2025-03-16T11:41:16","modified_gmt":"2025-03-16T11:41:16","slug":"maximum-rocknroll-n-388-setembro-2015","status":"publish","type":"product","link":"https:\/\/nogods-nomasters.com\/nogodsnomasters\/produto\/maximum-rocknroll-n-388-setembro-2015\/","title":{"rendered":"Maximum Rocknroll n. 388 &#8211; Setembro 2015"},"content":{"rendered":"<div class=\"rte\">\n<div class=\"rte\">\n<div class=\"rte\" style=\"text-align: justify;\">\n<p lang=\"pt-pt\" style=\"text-align: justify;\" xml:lang=\"pt-pt\"><span style=\"font-size: 12pt; font-family: verdana,geneva,sans-serif;\">La vem mais uma MRR. Este numero vem com uma entrevista com os freak punk de Nova Orleans\u00a0 <a href=\"https:\/\/mysticinane.bandcamp.com\/\" target=\"_blank\"><strong>MYSTIC INANE<\/strong><\/a>, uma \u00f3tima conversa com <strong><a href=\"http:\/\/www.angelfire.com\/oh\/liveperformances\/livetapes.html\" target=\"_blank\">Terry Hammer<\/a><\/strong>\u00a0(agenciador do Toxic Reasons e um dos primeiros punks em sua regi\u00e3o ), uma otima entrevista comos gregos do <strong><a href=\"https:\/\/gutterhxc.bandcamp.com\/\" target=\"_blank\">GUTTER<\/a><\/strong>. Um lindo di\u00e1rio de tour com\u00a0 <a href=\"http:\/\/permanentruin.tumblr.com\/\" target=\"_blank\"><strong>PERMANENT RUIN<\/strong><\/a> sobre sua turn\u00ea na europa e muuuuuitas reviews de zines, discos, livros, filmes, muitos an\u00fancios, artigos, textos e tudo mais que sempre tem na maximum rock and roll.<br \/>\nSe voc\u00ea quer saber o que est\u00e1 rolando pelo mundo punk por a\u00ed a Maximum rock and Roll \u00e9 o melhor canal. Divirta-se, informe-se. Est\u00e1 em ingl\u00eas.<br \/>\n<\/span><\/p>\n<\/div>\n<\/div>\n<\/div>\n","protected":false},"excerpt":{"rendered":"<p>La vem mais uma MRR. Este numero vem com uma entrevista com os freak punk de Nova Orleans\u00a0 MYSTIC INANE, uma \u00f3tima conversa com Terry Hammer\u00a0(agenciador do Toxic Reasons e um dos primeiros punks em sua regi\u00e3o ), uma otima entrevista comos gregos do GUTTER. Um lindo di\u00e1rio de tour com\u00a0 PERMANENT RUIN sobre sua [&hellip;]<\/p>\n","protected":false},"featured_media":7848,"template":"","meta":{"_et_pb_use_builder":"","_et_pb_old_content":"","_et_gb_content_width":"","jetpack_post_was_ever_published":false,"jetpack_publicize_message":"","jetpack_publicize_feature_enabled":true,"jetpack_social_post_already_shared":true,"jetpack_social_options":{"image_generator_settings":{"template":"highway","default_image_id":0,"font":"","enabled":false},"version":2}},"product_brand":[],"product_cat":[81,48],"product_tag":[596,69,58],"class_list":{"0":"post-7847","1":"product","2":"type-product","3":"status-publish","4":"has-post-thumbnail","6":"product_cat-punk","7":"product_cat-zines","8":"product_tag-maximum-rocknroll","9":"product_tag-punk","10":"product_tag-zines","12":"first","13":"instock","14":"shipping-taxable","15":"purchasable","16":"product-type-simple"},"jetpack_publicize_connections":[],"jetpack_sharing_enabled":true,"jetpack-related-posts":[],"_links":{"self":[{"href":"https:\/\/nogods-nomasters.com\/nogodsnomasters\/wp-json\/wp\/v2\/product\/7847","targetHints":{"allow":["GET"]}}],"collection":[{"href":"https:\/\/nogods-nomasters.com\/nogodsnomasters\/wp-json\/wp\/v2\/product"}],"about":[{"href":"https:\/\/nogods-nomasters.com\/nogodsnomasters\/wp-json\/wp\/v2\/types\/product"}],"wp:featuredmedia":[{"embeddable":true,"href":"https:\/\/nogods-nomasters.com\/nogodsnomasters\/wp-json\/wp\/v2\/media\/7848"}],"wp:attachment":[{"href":"https:\/\/nogods-nomasters.com\/nogodsnomasters\/wp-json\/wp\/v2\/media?parent=7847"}],"wp:term":[{"taxonomy":"product_brand","embeddable":true,"href":"https:\/\/nogods-nomasters.com\/nogodsnomasters\/wp-json\/wp\/v2\/product_brand?post=7847"},{"taxonomy":"product_cat","embeddable":true,"href":"https:\/\/nogods-nomasters.com\/nogodsnomasters\/wp-json\/wp\/v2\/product_cat?post=7847"},{"taxonomy":"product_tag","embeddable":true,"href":"https:\/\/nogods-nomasters.com\/nogodsnomasters\/wp-json\/wp\/v2\/product_tag?post=7847"}],"curies":[{"name":"wp","href":"https:\/\/api.w.org\/{rel}","templated":true}]}}